 {"id":558,"date":"2014-07-22T17:16:07","date_gmt":"2014-07-22T16:16:07","guid":{"rendered":"http:\/\/www.fautras-rhone-alpes.com\/?page_id=558"},"modified":"2021-06-29T18:00:26","modified_gmt":"2021-06-29T17:00:26","slug":"olympium","status":"publish","type":"page","link":"https:\/\/www.fautras.it\/fr\/les-produits\/fautras-pro-sport\/olympium\/","title":{"rendered":"OLYMPIUM"},"content":{"rendered":"<div class=\"space\"><\/div>\n<h3 class=\"lined color1\">La gamme OLYMPIUM en quelques mots<span><\/span><\/h3>\n<div class=\"row\">\n<div class=\"grid9\">\n<ul class=\"tabs-navigation\" data-tabs=\"tab_set_1\">\n<li class=\" active\"><a href=\"#tab1\">SP\u00c9CIFICIT\u00c9S<\/a><\/li>\n<li class=\"\"><a href=\"#tab2\">TRACTION AIS\u00c9E<\/a><\/li>\n<li class=\"\"><a href=\"#tab3\">FACILIT\u00c9 ET LONG\u00c9VIT\u00c9<\/a><\/li>\n<li class=\"\"><a href=\"#tab4\">\u00c9QUIPEMENTS DE S\u00c9RIE<\/a><\/li>\n<li class=\"\"><a href=\"#tab5\">OPTIONS<\/a><\/li>\n<\/ul>\n<div class=\"tabs-content\" data-tabs=\"tab_set_1\">\n<div class=\" tab1\">\n\u2022 Remorque simple ou double essieux \/ roues ext\u00e9rieures<br \/>\n\u2022 Sans permis B &#8211; E (selon mod\u00e8le)<br \/>\n\u2022 Hauteur 2 m hors tout (selon mod\u00e8le)<br \/>\n\u2022 Sans suppl\u00e9ment de p\u00e9age<br \/>\n\u2022 Excellent support publicitaire pour les professionnels<br \/>\n\u2022 De 6 m\u00b3 \u00e0 12 m\u00b3 de volume int\u00e9rieur\n<\/div>\n<div class=\" tab2\">\n\u2022 Structure en acier galvanis\u00e9 \u00e0 chaud avec Ceinture Monobloc\u2122 (arceau de s\u00e9curit\u00e9 arri\u00e8re enti\u00e8rement soud\u00e9)<br \/>\n\u2022 Design a\u00e9rodynamique<br \/>\n\u2022 Carrosserie l\u00e9g\u00e8re polyester<br \/>\n\u2022 Freinage par inertie<br \/>\n\u2022 Suspensions \u00e0 roues ind\u00e9pendantes\n<\/div>\n<div class=\" tab3\">\n\u2022 Faible encombrement<br \/>\n\u2022 2 portes arri\u00e8res \u00e0 ouverture totale avec serrure \u00e0 cl\u00e9 (option pont ou auvent sur 300 et 360)<br \/>\n\u2022 Fermeture \u00e0 clef<br \/>\n\u2022 Sol en bois finlandais \u00e0 traitement ph\u00e9nolique imputrescible antid\u00e9rapant<br \/>\n\u2022 Ch\u00e2ssis et parties m\u00e9talliques galvanis\u00e9s \u00e0 chaud\n<\/div>\n<div class=\" tab4\">\n\u2022 Antivol int\u00e9gr\u00e9 dans la t\u00eate d\u2019attelage<br \/>\n\u2022 Roue jockey automatique avec support<br \/>\n\u2022 Lumi\u00e8re int\u00e9rieure<br \/>\n\u2022 Ouverture arri\u00e8re<br \/>\n\u2022 3 couleurs au choix (ivoire, blanc, gris perle)<br \/>\n\u2022 Roue de secours avec support int\u00e9rieur\n<\/div>\n<div class=\" tab5\">\n\u2022 Porte de c\u00f4t\u00e9 avec verrou<br \/>\n\u2022 Ouverture lat\u00e9rale vers le haut avec v\u00e9rins compensateurs et verrou<br \/>\n\u2022 Baies coulissantes<br \/>\n\u2022 Grille d\u2019a\u00e9ration basse<br \/>\n\u2022 Lot de 6 attaches fixes ou articul\u00e9es<br \/>\n\u2022 Tapis antid\u00e9rapant<br \/>\n\u2022 Store<br \/>\n\u2022 Kit arceaux int\u00e9rieur galvanis\u00e9<br \/>\n\u2022 Amortisseur<br \/>\n\u2022 Feu stop arri\u00e8re<br \/>\n\u2022 Autres couleurs<br \/>\n\u2022 Rampes aluminium int\u00e9rieures (longueur 1.50 m)\n<\/div>\n<\/div>\n<\/div>\n<div class=\"grid3\">\n<div id=\"attachment_583\" style=\"width: 251px\" class=\"wp-caption aligncenter\"><img loading=\"lazy\" decoding=\"async\" aria-describedby=\"caption-attachment-583\" class=\"wp-image-583 size-full\" src=\"http:\/\/www.fautras.it\/wp-content\/uploads\/2014\/07\/olympium-260.jpg\" alt=\"Mod\u00e8le OLYMPIUM 260\" width=\"241\" height=\"185\" \/><p id=\"caption-attachment-583\" class=\"wp-caption-text\">Mod\u00e8le OLYMPIUM 260<\/p><\/div>\n<\/div>\n<\/div>\n<p><strong>La gamme OLYMPIUM existe en 3 mod\u00e8les : OLYMPIUM 260, OLYMPIUM 300 et OLYMPIUM 360.<\/strong><\/p>\n<h3 class=\"lined color1\">Dimensions<span><\/span><\/h3>\n<div class=\"table-content color1 table-left\">\n<table>\n<tbody>\n<tr class=\"highlight color2\">\n<th>MOD\u00c8LES<\/th>\n<th>OLYMPIUM 260<\/th>\n<th>OLYMPIUM 300<\/th>\n<th>OLYMPIUM 360<\/th>\n<\/tr>\n<tr>\n<td class=\"highlight color2\">LONGUEUR int\u00e9rieure (m)<\/td>\n<td>2.55<\/td>\n<td>3.00<\/td>\n<td>3.55<\/td>\n<\/tr>\n<tr>\n<td class=\"highlight color2\">HAUTEUR int\u00e9rieure (m)<\/td>\n<td>1.50<\/td>\n<td>1.53<\/td>\n<td>1.93<\/td>\n<\/tr>\n<tr>\n<td class=\"highlight color2\">LARGEUR int\u00e9rieure (m)<\/td>\n<td>1.50<\/td>\n<td>1.80<\/td>\n<td>1.80<\/td>\n<\/tr>\n<tr>\n<td class=\"highlight color2\">LONGUEUR ext\u00e9rieure (m)<\/td>\n<td>3.85<\/td>\n<td>4.39<\/td>\n<td>4.94<\/td>\n<\/tr>\n<tr>\n<td class=\"highlight color2\">HAUTEUR ext\u00e9rieure (m)<\/td>\n<td>1.97<\/td>\n<td>2.00<\/td>\n<td>2.43<\/td>\n<\/tr>\n<tr>\n<td class=\"highlight color2\">LARGEUR ext\u00e9rieure (m)<\/td>\n<td>2.10<\/td>\n<td>2.30<\/td>\n<td>2.30<\/td>\n<\/tr>\n<tr>\n<td class=\"highlight color2\">Porte de c\u00f4t\u00e9 avec serrure \u00e0 clef (m)<\/td>\n<td>1.02 x 0.56<\/td>\n<td>1.02 x 0.56 \/ 1 essieu<br \/>\n1.05 x 0.50 \/ 2 essieux<\/td>\n<td>1.26 x 0.56 \/ 1 ou 2 essieux<\/td>\n<\/tr>\n<tr>\n<td class=\"highlight color2\">Ouverture lat\u00e9rale style auvent se relevant vers le haut avec v\u00e9rins (m)<\/td>\n<td>0.85 x 1.55<\/td>\n<td>0.85 x 1.55<\/td>\n<td>\u00ab\u00a0Smart\u00a0\u00bb 1.25 x 1.85<\/td>\n<\/tr>\n<tr>\n<td class=\"highlight color2\">Poids \u00e0 vide (kg)<\/td>\n<td>380<\/td>\n<td>450 \/ 1 essieu<br \/>\n510 \/ 2 essieux<\/td>\n<td>500 \/ 1 essieu<br \/>\n570 \/ 2 essieux<\/td>\n<\/tr>\n<tr>\n<td class=\"highlight color2\">Volume (m\u00b3)<\/td>\n<td>6.00<\/td>\n<td>8.00<\/td>\n<td>12.00<\/td>\n<\/tr>\n<tr>\n<td class=\"highlight color2\">PTAC 750 (kg)<\/td>\n<td>CHARGE UTILE 370 kg<\/td>\n<td>CHARGE UTILE 300 kg \/ 1 essieu<\/td>\n<td>CHARGE UTILE 250 kg \/ 1 essieu<\/td>\n<\/tr>\n<tr>\n<td class=\"highlight color2\">PTAC 1000 (kg)<\/td>\n<td>CHARGE UTILE 620 kg<\/td>\n<td>CHARGE UTILE 550 kg \/ 1 essieu<\/td>\n<td>CHARGE UTILE 500 kg \/ 1 essieu<\/td>\n<\/tr>\n<tr>\n<td class=\"highlight color2\">PTAC 1300 (kg)<\/td>\n<td>CHARGE UTILE 920 kg<\/td>\n<td>CHARGE UTILE 850 kg \/ 1 essieu<\/td>\n<td>CHARGE UTILE 800 kg \/ 1 essieu<\/td>\n<\/tr>\n<tr>\n<td class=\"highlight color2\">PTAC 1500 (kg)<\/td>\n<td>&#8211;<\/td>\n<td>CHARGE UTILE 990 kg \/ 2 essieux<\/td>\n<td>CHARGE UTILE 930 kg \/ 2 essieux<\/td>\n<\/tr>\n<tr>\n<td class=\"highlight color2\">PTAC 2000 (kg)<\/td>\n<td>&#8211;<\/td>\n<td>CHARGE UTILE 1490 kg \/ 2 essieux<\/td>\n<td>CHARGE UTILE 1430 kg \/ 2 essieux<\/td>\n<\/tr>\n<\/tbody>\n<\/table>\n<\/div>\n<p>Mod\u00e8les en 2 essieux : diff\u00e9rents PTAC jusqu\u2019\u00e0 3000 kg<\/p>\n<div class=\"space\"><\/div>\n<h3 class=\"lined color1\">Quelques mod\u00e8les<span><\/span><\/h3>\n<div class=\"slidable\">\n<div class=\"slide\">\n<div class=\"boxgroup\">\n<div class=\"grid4\">\n<div class=\"box color2\">\n<a href=\"http:\/\/www.fautras.it\/wp-content\/uploads\/2014\/07\/olympium-1.jpg\"><img loading=\"lazy\" decoding=\"async\" class=\"aligncenter wp-image-594\" src=\"http:\/\/www.fautras.it\/wp-content\/uploads\/2014\/07\/olympium-1.jpg\" alt=\"olympium-1\" width=\"227\" height=\"170\" srcset=\"https:\/\/www.fautras.it\/wp-content\/uploads\/2014\/07\/olympium-1.jpg 400w, https:\/\/www.fautras.it\/wp-content\/uploads\/2014\/07\/olympium-1-300x225.jpg 300w, https:\/\/www.fautras.it\/wp-content\/uploads\/2014\/07\/olympium-1-371x278.jpg 371w, https:\/\/www.fautras.it\/wp-content\/uploads\/2014\/07\/olympium-1-271x203.jpg 271w\" sizes=\"(max-width: 227px) 100vw, 227px\" \/><\/a>\n<\/div>\n<\/div>\n<div class=\"grid4\">\n<div class=\"box\">\n<p><a href=\"http:\/\/www.fautras.it\/wp-content\/uploads\/2014\/07\/olympium-2.jpg\"><img loading=\"lazy\" decoding=\"async\" class=\"aligncenter wp-image-595\" src=\"http:\/\/www.fautras.it\/wp-content\/uploads\/2014\/07\/olympium-2.jpg\" alt=\"\" width=\"227\" height=\"170\" srcset=\"https:\/\/www.fautras.it\/wp-content\/uploads\/2014\/07\/olympium-2.jpg 400w, https:\/\/www.fautras.it\/wp-content\/uploads\/2014\/07\/olympium-2-300x225.jpg 300w, https:\/\/www.fautras.it\/wp-content\/uploads\/2014\/07\/olympium-2-371x278.jpg 371w, https:\/\/www.fautras.it\/wp-content\/uploads\/2014\/07\/olympium-2-271x203.jpg 271w\" sizes=\"(max-width: 227px) 100vw, 227px\" \/><\/a><\/p>\n<\/div>\n<\/div>\n<div class=\"grid4\">\n<div class=\"box color2\">\n<p><a href=\"http:\/\/www.fautras.it\/wp-content\/uploads\/2014\/07\/olympium-4.jpg\"><img loading=\"lazy\" decoding=\"async\" class=\"aligncenter wp-image-596\" src=\"http:\/\/www.fautras.it\/wp-content\/uploads\/2014\/07\/olympium-4.jpg\" alt=\"\" width=\"227\" height=\"170\" srcset=\"https:\/\/www.fautras.it\/wp-content\/uploads\/2014\/07\/olympium-4.jpg 400w, https:\/\/www.fautras.it\/wp-content\/uploads\/2014\/07\/olympium-4-300x225.jpg 300w, https:\/\/www.fautras.it\/wp-content\/uploads\/2014\/07\/olympium-4-371x278.jpg 371w, https:\/\/www.fautras.it\/wp-content\/uploads\/2014\/07\/olympium-4-271x203.jpg 271w\" sizes=\"(max-width: 227px) 100vw, 227px\" \/><\/a><\/p>\n<\/div>\n<\/div>\n<\/div>\n<\/div>\n<div class=\"slide\">\n<div class=\"boxgroup\">\n<div class=\"grid4\">\n<div class=\"box color2\">\n<p><a href=\"http:\/\/www.fautras.it\/wp-content\/uploads\/2014\/07\/olympium-7.jpg\"><img loading=\"lazy\" decoding=\"async\" class=\"aligncenter wp-image-598\" src=\"http:\/\/www.fautras.it\/wp-content\/uploads\/2014\/07\/olympium-7.jpg\" alt=\"\" width=\"227\" height=\"170\" srcset=\"https:\/\/www.fautras.it\/wp-content\/uploads\/2014\/07\/olympium-7.jpg 400w, https:\/\/www.fautras.it\/wp-content\/uploads\/2014\/07\/olympium-7-300x225.jpg 300w, https:\/\/www.fautras.it\/wp-content\/uploads\/2014\/07\/olympium-7-371x278.jpg 371w, https:\/\/www.fautras.it\/wp-content\/uploads\/2014\/07\/olympium-7-271x203.jpg 271w\" sizes=\"(max-width: 227px) 100vw, 227px\" \/><\/a><\/p>\n<\/div>\n<\/div>\n<div class=\"grid4\">\n<div class=\"box color2\">\n<p><a href=\"http:\/\/www.fautras.it\/wp-content\/uploads\/2014\/07\/olympium-01.jpg\"><img loading=\"lazy\" decoding=\"async\" class=\"aligncenter wp-image-599\" src=\"http:\/\/www.fautras.it\/wp-content\/uploads\/2014\/07\/olympium-01.jpg\" alt=\"\" width=\"227\" height=\"170\" srcset=\"https:\/\/www.fautras.it\/wp-content\/uploads\/2014\/07\/olympium-01.jpg 400w, https:\/\/www.fautras.it\/wp-content\/uploads\/2014\/07\/olympium-01-300x225.jpg 300w, https:\/\/www.fautras.it\/wp-content\/uploads\/2014\/07\/olympium-01-371x278.jpg 371w, https:\/\/www.fautras.it\/wp-content\/uploads\/2014\/07\/olympium-01-271x203.jpg 271w\" sizes=\"(max-width: 227px) 100vw, 227px\" \/><\/a><\/p>\n<\/div>\n<\/div>\n<\/div>\n<\/div>\n<\/div>\n<h3 class=\"lined color1\">Documentation et tarifs en t\u00e9l\u00e9chargement<span><\/span><\/h3>\n<p><span class=\"ish-icon color1 aleft\" style=\"\"><a href=\"http:\/\/www.fautras.it\/wp-content\/uploads\/2015\/10\/documentation-Pro-loisirs-1-15.pdf\" target=\"_blank\"><span class=\"icon-download\" style=\"font-size:20px;width:24px;height:24px;padding-top:2px !important;\"><\/span><\/a><\/span>T\u00e9l\u00e9chargez la documentation<\/p>\n<p><span class=\"ish-icon color1 aleft\" style=\"\"><a href=\"https:\/\/www.fautras.it\/wp-content\/uploads\/2021\/06\/Gamme-ProLoisirs-Tarif-public-AVRIL-2021-1.pdf\" target=\"_blank\"><span class=\"icon-download\" style=\"font-size:20px;width:24px;height:24px;padding-top:2px !important;\"><\/span><\/a><\/span> T\u00e9l\u00e9chargez les tarifs<\/p>\n","protected":false},"excerpt":{"rendered":"<p>La gamme OLYMPIUM existe en 3 mod\u00e8les : OLYMPIUM 260, OLYMPIUM 300 et OLYMPIUM 360. Mod\u00e8les en 2 essieux : diff\u00e9rents PTAC jusqu\u2019\u00e0 3000 kg T\u00e9l\u00e9chargez la documentation T\u00e9l\u00e9chargez les tarifs<\/p>\n","protected":false},"author":3,"featured_media":0,"parent":550,"menu_order":0,"comment_status":"closed","ping_status":"closed","template":"","meta":{"footnotes":""},"_links":{"self":[{"href":"https:\/\/www.fautras.it\/fr\/wp-json\/wp\/v2\/pages\/558\/"}],"collection":[{"href":"https:\/\/www.fautras.it\/fr\/wp-json\/wp\/v2\/pages\/"}],"about":[{"href":"https:\/\/www.fautras.it\/fr\/wp-json\/wp\/v2\/types\/page\/"}],"author":[{"embeddable":true,"href":"https:\/\/www.fautras.it\/fr\/wp-json\/wp\/v2\/users\/3\/"}],"replies":[{"embeddable":true,"href":"https:\/\/www.fautras.it\/fr\/wp-json\/wp\/v2\/comments\/?post=558"}],"version-history":[{"count":0,"href":"https:\/\/www.fautras.it\/fr\/wp-json\/wp\/v2\/pages\/558\/revisions\/"}],"up":[{"embeddable":true,"href":"https:\/\/www.fautras.it\/fr\/wp-json\/wp\/v2\/pages\/550\/"}],"wp:attachment":[{"href":"https:\/\/www.fautras.it\/fr\/wp-json\/wp\/v2\/media\/?parent=558"}],"curies":[{"name":"wp","href":"https:\/\/api.w.org\/{rel}","templated":true}]}}