 {"id":556,"date":"2014-07-22T17:15:41","date_gmt":"2014-07-22T16:15:41","guid":{"rendered":"http:\/\/www.fautras-rhone-alpes.com\/?page_id=556"},"modified":"2021-06-29T17:59:17","modified_gmt":"2021-06-29T16:59:17","slug":"maxi-podium","status":"publish","type":"page","link":"https:\/\/www.fautras.it\/fr\/les-produits\/fautras-pro-sport\/maxi-podium\/","title":{"rendered":"Maxi PODIUM"},"content":{"rendered":"<div class=\"space\"><\/div>\n<h3 class=\"lined color1\">Le mod\u00e8le Maxi PODIUM 400 en quelques mots<span><\/span><\/h3>\n<div class=\"row\">\n<div class=\"grid9\">\n<ul class=\"tabs-navigation\" data-tabs=\"tab_set_1\">\n<li class=\" active\"><a href=\"#tab1\">SP\u00c9CIFICIT\u00c9S<\/a><\/li>\n<li class=\"\"><a href=\"#tab2\">TRACTION AIS\u00c9E<\/a><\/li>\n<li class=\"\"><a href=\"#tab3\">FACILIT\u00c9 ET LONG\u00c9VIT\u00c9<\/a><\/li>\n<li class=\"\"><a href=\"#tab4\">\u00c9QUIPEMENTS DE S\u00c9RIE<\/a><\/li>\n<li class=\"\"><a href=\"#tab5\">OPTIONS<\/a><\/li>\n<\/ul>\n<div class=\"tabs-content\" data-tabs=\"tab_set_1\">\n<div class=\" tab1\">\n\u2022 Remorque 2 essieux \/ roues ext\u00e9rieures<br \/>\n\u2022 Excellent support publicitaire pour les professionnels<br \/>\n\u2022 Plus de 13,7 m\u00b3 de volume int\u00e9rieur<br \/>\n\u2022 Plusieurs dimensions et PTAC\n<\/div>\n<div class=\" tab2\">\n\u2022 Design a\u00e9rodynamique<br \/>\n\u2022 Carrosserie l\u00e9g\u00e8re polyester<br \/>\n\u2022 Freinage par inertie<br \/>\n\u2022 Suspensions \u00e0 roues ind\u00e9pendantes\n<\/div>\n<div class=\" tab3\">\n\u2022 Faible encombrement<br \/>\n\u2022 Monocoque<br \/>\n\u2022 3 types d&rsquo;ouvertures<br \/>\n\u2022 Fermeture \u00e0 clef<br \/>\n\u2022 Sol en bois finlandais \u00e0 traitement ph\u00e9nolique imputrescible antid\u00e9rapant<br \/>\n\u2022 Ch\u00e2ssis et parties m\u00e9talliques galvanis\u00e9s \u00e0 chaud\n<\/div>\n<div class=\" tab4\">\n\u2022 Antivol int\u00e9gr\u00e9 dans la t\u00eate d\u2019attelage<br \/>\n\u2022 Roue jockey cannel\u00e9e<br \/>\n\u2022 Lumi\u00e8re int\u00e9rieure<br \/>\n\u2022 Ouverture totale arri\u00e8re 2 portes<br \/>\n\u2022 B\u00e9quille arri\u00e8re<br \/>\n\u2022 3 couleurs au choix (ivoire, blanc, gris perle)\n<\/div>\n<div class=\" tab5\">\n\u2022 B\u00e9quilles rondes (c\u00f4t\u00e9)<br \/>\n\u2022 Hublot translucide de toit<br \/>\n\u2022 A\u00e9rateur de toit<br \/>\n\u2022 A\u00e9rateur solaire<br \/>\n\u2022 Grille d\u2019a\u00e9ration basse<br \/>\n\u2022 T\u00f4les aluminium \u00e0 damier sur plancher<br \/>\n\u2022 Lot de 6 attaches de sol int\u00e9rieures avec visseries (non pos\u00e9)<br \/>\n\u2022 Lot de 6 attaches int\u00e9rieures pour kit arceau<br \/>\n\u2022 Sangles pour manchonner guidon (charg\u00e9)<br \/>\n\u2022 Syst\u00e8me blocage bidons<br \/>\n\u2022 Syst\u00e8mes blocage motos<br \/>\n\u2022 Kit arceaux int\u00e9rieur galvanis\u00e9s<br \/>\n\u2022 Arceau avant horizontal<br \/>\n\u2022 Amortisseurs<br \/>\n\u2022 Autres couleurs<br \/>\n\u2022 Hublot coulissant avec grille de protection int\u00e9rieure<br \/>\n\u2022 Feu stop arri\u00e8re<br \/>\n\u2022 1 ou 2 rampes aluminium<br \/>\n\u2022 Roue de secours 185x70x13 ou 14 selon PTAC<br \/>\n\u2022 Store<br \/>\n\u2022 Tapis antid\u00e9rapant<br \/>\n\u2022 Garde boue polyester<br \/>\n\u2022 Couchette rabattable<br \/>\n\u2022 R\u00e9serve \u00e0 eau dans partie arrondie int\u00e9rieure<br \/>\n\u2022 Possibilit\u00e9 modification hauteur\n<\/div>\n<\/div>\n<\/div>\n<div class=\"grid3\">\n<div id=\"attachment_628\" style=\"width: 251px\" class=\"wp-caption aligncenter\"><img loading=\"lazy\" decoding=\"async\" aria-describedby=\"caption-attachment-628\" class=\"wp-image-628 size-full\" src=\"http:\/\/www.fautras.it\/wp-content\/uploads\/2014\/07\/podium-400.jpg\" alt=\"Mod\u00e8le Maxi PODIUM 400\" width=\"241\" height=\"185\" \/><p id=\"caption-attachment-628\" class=\"wp-caption-text\">Mod\u00e8le Maxi PODIUM 400<\/p><\/div>\n<\/div>\n<\/div>\n<h3 class=\"lined color1\">Le mod\u00e8le Maxi PODIUM 500 en quelques mots<span><\/span><\/h3>\n<div class=\"row\">\n<div class=\"grid9\">\n<ul class=\"tabs-navigation\" data-tabs=\"tab_set_1\">\n<li class=\" active\"><a href=\"#tab1\">SP\u00c9CIFICIT\u00c9S<\/a><\/li>\n<li class=\"\"><a href=\"#tab2\">TRACTION AIS\u00c9E<\/a><\/li>\n<li class=\"\"><a href=\"#tab3\">FACILIT\u00c9 ET LONG\u00c9VIT\u00c9<\/a><\/li>\n<li class=\"\"><a href=\"#tab4\">\u00c9QUIPEMENTS DE S\u00c9RIE<\/a><\/li>\n<li class=\"\"><a href=\"#tab5\">OPTIONS<\/a><\/li>\n<\/ul>\n<div class=\"tabs-content\" data-tabs=\"tab_set_1\">\n<div class=\" tab1\">\n\u2022 Remorque 2 essieux \/ roues ext\u00e9rieures<br \/>\n\u2022 Excellent support publicitaire pour les professionnels<br \/>\n\u2022 Plus de\u00a017,11 m\u00b3 de volume int\u00e9rieur<br \/>\n\u2022 Plusieurs dimensions et PTAC\n<\/div>\n<div class=\" tab2\">\n\u2022 Design a\u00e9rodynamique<br \/>\n\u2022 Carrosserie l\u00e9g\u00e8re polyester<br \/>\n\u2022 Freinage par inertie<br \/>\n\u2022 Suspensions \u00e0 roues ind\u00e9pendantes\n<\/div>\n<div class=\" tab3\">\n\u2022 Faible encombrement<br \/>\n\u2022 Monocoque<br \/>\n\u2022 3 types d&rsquo;ouvertures<br \/>\n\u2022 Fermeture \u00e0 clef<br \/>\n\u2022 Sol en bois finlandais \u00e0 traitement ph\u00e9nolique imputrescible antid\u00e9rapant<br \/>\n\u2022 Ch\u00e2ssis et parties m\u00e9talliques galvanis\u00e9s \u00e0 chaud\n<\/div>\n<div class=\" tab4\">\n\u2022 Antivol int\u00e9gr\u00e9 dans la t\u00eate d\u2019attelage<br \/>\n\u2022 Roue jockey cannel\u00e9e<br \/>\n\u2022 Lumi\u00e8re int\u00e9rieure<br \/>\n\u2022 Ouverture totale arri\u00e8re 2 portes<br \/>\n\u2022 B\u00e9quille arri\u00e8re<br \/>\n\u2022 3 couleurs au choix (ivoire, blanc, gris perle)\n<\/div>\n<div class=\" tab5\">\n\u2022 B\u00e9quilles rondes (c\u00f4t\u00e9)<br \/>\n\u2022 Hublot translucide de toit<br \/>\n\u2022 A\u00e9rateur de toit<br \/>\n\u2022 A\u00e9rateur solaire<br \/>\n\u2022 Grille d\u2019a\u00e9ration basse<br \/>\n\u2022 T\u00f4les aluminium \u00e0 damier sur plancher<br \/>\n\u2022 Lot de 6 attaches de sol int\u00e9rieures avec visseries (non pos\u00e9)<br \/>\n\u2022 Lot de 6 attaches int\u00e9rieures pour kit arceau<br \/>\n\u2022 Sangles pour manchonner guidon (charg\u00e9)<br \/>\n\u2022 Syst\u00e8me blocage bidons<br \/>\n\u2022 Syst\u00e8mes blocage motos<br \/>\n\u2022 Kit arceaux int\u00e9rieur galvanis\u00e9s<br \/>\n\u2022 Arceau avant horizontal<br \/>\n\u2022 Amortisseurs<br \/>\n\u2022 Autres couleurs<br \/>\n\u2022 Hublot coulissant avec grille de protection int\u00e9rieure<br \/>\n\u2022 Feu stop arri\u00e8re<br \/>\n\u2022 1 ou 2 rampes aluminium<br \/>\n\u2022 Roue de secours 185x70x13 ou 14 selon PTAC<br \/>\n\u2022 Store<br \/>\n\u2022 Tapis antid\u00e9rapant<br \/>\n\u2022 Garde boue polyester<br \/>\n\u2022 Couchette rabattable<br \/>\n\u2022 R\u00e9serve \u00e0 eau dans partie arrondie int\u00e9rieure<br \/>\n\u2022 Possibilit\u00e9 modification hauteur\n<\/div>\n<\/div>\n<\/div>\n<div class=\"grid3\">\n<div id=\"attachment_629\" style=\"width: 251px\" class=\"wp-caption aligncenter\"><img loading=\"lazy\" decoding=\"async\" aria-describedby=\"caption-attachment-629\" class=\"wp-image-629 size-full\" src=\"http:\/\/www.fautras.it\/wp-content\/uploads\/2014\/07\/podium-500.jpg\" alt=\"Mod\u00e8le Maxi PODIUM 500\" width=\"241\" height=\"185\" \/><p id=\"caption-attachment-629\" class=\"wp-caption-text\">Mod\u00e8le Maxi PODIUM 500<\/p><\/div>\n<\/div>\n<\/div>\n<h3 class=\"lined color1\">Dimensions et poids<span><\/span><\/h3>\n<div class=\"table-content color1 table-left\">\n<table>\n<tbody>\n<tr class=\"highlight color2\">\n<th>MOD\u00c8LES<\/th>\n<th>PODIUM 400<br \/>\n2 essieux<\/th>\n<th>PODIUM 500<br \/>\n2 essieux<\/th>\n<\/tr>\n<tr>\n<td class=\"highlight color2\">LONGUEUR int\u00e9rieure (m)<\/td>\n<td>3.95<\/td>\n<td>4.95<\/td>\n<\/tr>\n<tr>\n<td class=\"highlight color2\">HAUTEUR int\u00e9rieure (m)<\/td>\n<td>2.00<\/td>\n<td>2.00<\/td>\n<\/tr>\n<tr>\n<td class=\"highlight color2\">LARGEUR int\u00e9rieure (m)<\/td>\n<td>1.80<\/td>\n<td>1.80<\/td>\n<\/tr>\n<tr>\n<td class=\"highlight color2\">LONGUEUR ext\u00e9rieure (m)<\/td>\n<td>5.10<\/td>\n<td>6.10<\/td>\n<\/tr>\n<tr>\n<td class=\"highlight color2\">HAUTEUR ext\u00e9rieure (m)<\/td>\n<td>2.50<\/td>\n<td>2.50<\/td>\n<\/tr>\n<tr>\n<td class=\"highlight color2\">LARGEUR ext\u00e9rieure ROUES ext\u00e9rieures (m)<\/td>\n<td>2.30<\/td>\n<td>2.30<\/td>\n<\/tr>\n<tr>\n<td class=\"highlight color2\">Porte de c\u00f4t\u00e9 avec serrure \u00e0 clef (m)<\/td>\n<td>1.26 x 0.56<\/td>\n<td>1.26 x 0.56<\/td>\n<\/tr>\n<tr>\n<td class=\"highlight color2\">Ouverture lat\u00e9rale style auvent se relevant vers le haut avec v\u00e9rins (m)<\/td>\n<td>1.25 x 1.85<\/td>\n<td>1.25 x 1.85<\/td>\n<\/tr>\n<tr>\n<td class=\"highlight color2\">Poids \u00e0 vide (sans \u00e9quipement) (kg)<\/td>\n<td>880<\/td>\n<td>1080<\/td>\n<\/tr>\n<tr>\n<td class=\"highlight color2\">Volume (m\u00b3)<\/td>\n<td>13.37<\/td>\n<td>17.11<\/td>\n<\/tr>\n<tr>\n<td class=\"highlight color2\">PTAC 2000 (kg)<\/td>\n<td>CHARGE UTILE 1120 kg<\/td>\n<td>CHARGE UTILE 920 kg<\/td>\n<\/tr>\n<tr>\n<td class=\"highlight color2\">PTAC 2500 (kg)<\/td>\n<td>CHARGE UTILE 1620 kg<\/td>\n<td>CHARGE UTILE 1420 kg<\/td>\n<\/tr>\n<tr>\n<td class=\"highlight color2\">PTAC 3000 (kg)<\/td>\n<td>CHARGE UTILE 2120 kg<\/td>\n<td>CHARGE UTILE 1920 kg<\/td>\n<\/tr>\n<tr>\n<td class=\"highlight color2\">PTAC 3500 (kg)<\/td>\n<td>CHARGE UTILE 2620 kg<\/td>\n<td>CHARGE UTILE 2420 kg<\/td>\n<\/tr>\n<\/tbody>\n<\/table>\n<\/div>\n<div class=\"space\"><\/div>\n<h3 class=\"lined color1\">Quelques mod\u00e8les<span><\/span><\/h3>\n<div class=\"slidable\">\n<div class=\"slide\">\n<div class=\"boxgroup\">\n<div class=\"grid4\">\n<div class=\"box color2\">\n<a href=\"http:\/\/www.fautras.it\/wp-content\/uploads\/2014\/07\/maxi-podium-500-1.jpg\"><img loading=\"lazy\" decoding=\"async\" class=\"aligncenter wp-image-630\" src=\"http:\/\/www.fautras.it\/wp-content\/uploads\/2014\/07\/maxi-podium-500-1.jpg\" alt=\"\" width=\"227\" height=\"170\" srcset=\"https:\/\/www.fautras.it\/wp-content\/uploads\/2014\/07\/maxi-podium-500-1.jpg 400w, https:\/\/www.fautras.it\/wp-content\/uploads\/2014\/07\/maxi-podium-500-1-300x225.jpg 300w, https:\/\/www.fautras.it\/wp-content\/uploads\/2014\/07\/maxi-podium-500-1-371x278.jpg 371w, https:\/\/www.fautras.it\/wp-content\/uploads\/2014\/07\/maxi-podium-500-1-271x203.jpg 271w\" sizes=\"(max-width: 227px) 100vw, 227px\" \/><\/a>\n<\/div>\n<\/div>\n<div class=\"grid4\">\n<div class=\"box\">\n<p><a href=\"http:\/\/www.fautras.it\/wp-content\/uploads\/2014\/07\/maxi-podium-500-2.jpg\"><img loading=\"lazy\" decoding=\"async\" class=\"aligncenter wp-image-631\" src=\"http:\/\/www.fautras.it\/wp-content\/uploads\/2014\/07\/maxi-podium-500-2.jpg\" alt=\"\" width=\"227\" height=\"170\" srcset=\"https:\/\/www.fautras.it\/wp-content\/uploads\/2014\/07\/maxi-podium-500-2.jpg 400w, https:\/\/www.fautras.it\/wp-content\/uploads\/2014\/07\/maxi-podium-500-2-300x225.jpg 300w, https:\/\/www.fautras.it\/wp-content\/uploads\/2014\/07\/maxi-podium-500-2-371x278.jpg 371w, https:\/\/www.fautras.it\/wp-content\/uploads\/2014\/07\/maxi-podium-500-2-271x203.jpg 271w\" sizes=\"(max-width: 227px) 100vw, 227px\" \/><\/a><\/p>\n<\/div>\n<\/div>\n<div class=\"grid4\">\n<div class=\"box color2\">\n<p><a href=\"http:\/\/www.fautras.it\/wp-content\/uploads\/2014\/07\/maxi-podium-500-3.jpg\"><img loading=\"lazy\" decoding=\"async\" class=\"aligncenter wp-image-632\" src=\"http:\/\/www.fautras.it\/wp-content\/uploads\/2014\/07\/maxi-podium-500-3.jpg\" alt=\"\" width=\"227\" height=\"170\" srcset=\"https:\/\/www.fautras.it\/wp-content\/uploads\/2014\/07\/maxi-podium-500-3.jpg 400w, https:\/\/www.fautras.it\/wp-content\/uploads\/2014\/07\/maxi-podium-500-3-300x225.jpg 300w, https:\/\/www.fautras.it\/wp-content\/uploads\/2014\/07\/maxi-podium-500-3-371x278.jpg 371w, https:\/\/www.fautras.it\/wp-content\/uploads\/2014\/07\/maxi-podium-500-3-271x203.jpg 271w\" sizes=\"(max-width: 227px) 100vw, 227px\" \/><\/a><\/p>\n<\/div>\n<\/div>\n<\/div>\n<\/div>\n<div class=\"slide\">\n<div class=\"boxgroup\">\n<div class=\"grid4\">\n<div class=\"box color2\">\n<p><a href=\"http:\/\/www.fautras.it\/wp-content\/uploads\/2014\/07\/maxi-podium-500-4.jpg\"><img loading=\"lazy\" decoding=\"async\" class=\"aligncenter wp-image-633\" src=\"http:\/\/www.fautras.it\/wp-content\/uploads\/2014\/07\/maxi-podium-500-4.jpg\" alt=\"\" width=\"227\" height=\"170\" srcset=\"https:\/\/www.fautras.it\/wp-content\/uploads\/2014\/07\/maxi-podium-500-4.jpg 400w, https:\/\/www.fautras.it\/wp-content\/uploads\/2014\/07\/maxi-podium-500-4-300x225.jpg 300w, https:\/\/www.fautras.it\/wp-content\/uploads\/2014\/07\/maxi-podium-500-4-371x278.jpg 371w, https:\/\/www.fautras.it\/wp-content\/uploads\/2014\/07\/maxi-podium-500-4-271x203.jpg 271w\" sizes=\"(max-width: 227px) 100vw, 227px\" \/><\/a><\/p>\n<\/div>\n<\/div>\n<div class=\"grid4\">\n<div class=\"box color2\">\n<p><a href=\"http:\/\/www.fautras.it\/wp-content\/uploads\/2014\/07\/maxi-podium-400-1.jpg\"><img loading=\"lazy\" decoding=\"async\" class=\"aligncenter wp-image-921\" src=\"http:\/\/www.fautras.it\/wp-content\/uploads\/2014\/07\/maxi-podium-400-1.jpg\" alt=\"\" width=\"227\" height=\"170\" srcset=\"https:\/\/www.fautras.it\/wp-content\/uploads\/2014\/07\/maxi-podium-400-1.jpg 400w, https:\/\/www.fautras.it\/wp-content\/uploads\/2014\/07\/maxi-podium-400-1-300x225.jpg 300w, https:\/\/www.fautras.it\/wp-content\/uploads\/2014\/07\/maxi-podium-400-1-371x278.jpg 371w, https:\/\/www.fautras.it\/wp-content\/uploads\/2014\/07\/maxi-podium-400-1-271x203.jpg 271w\" sizes=\"(max-width: 227px) 100vw, 227px\" \/><\/a><\/p>\n<\/div>\n<\/div>\n<div class=\"grid4\">\n<div class=\"box color2\">\n<p><a href=\"http:\/\/www.fautras.it\/wp-content\/uploads\/2014\/07\/maxi-podium-400-2.jpg\"><img loading=\"lazy\" decoding=\"async\" class=\"aligncenter wp-image-923\" src=\"http:\/\/www.fautras.it\/wp-content\/uploads\/2014\/07\/maxi-podium-400-2.jpg\" alt=\"\" width=\"227\" height=\"170\" srcset=\"https:\/\/www.fautras.it\/wp-content\/uploads\/2014\/07\/maxi-podium-400-2.jpg 400w, https:\/\/www.fautras.it\/wp-content\/uploads\/2014\/07\/maxi-podium-400-2-300x225.jpg 300w, https:\/\/www.fautras.it\/wp-content\/uploads\/2014\/07\/maxi-podium-400-2-371x278.jpg 371w, https:\/\/www.fautras.it\/wp-content\/uploads\/2014\/07\/maxi-podium-400-2-271x203.jpg 271w\" sizes=\"(max-width: 227px) 100vw, 227px\" \/><\/a><\/p>\n<\/div>\n<\/div>\n<\/div>\n<\/div>\n<\/div>\n<h3 class=\"lined color1\">Documentation et tarifs en t\u00e9l\u00e9chargement<span><\/span><\/h3>\n<p><span class=\"ish-icon color1 aleft\" style=\"\"><a href=\"https:\/\/www.fautras.it\/wp-content\/uploads\/2015\/10\/documentation-Pro-loisirs-1-15.pdf\" target=\"_blank\"><span class=\"icon-download\" style=\"font-size:20px;width:24px;height:24px;padding-top:2px !important;\"><\/span><\/a><\/span>T\u00e9l\u00e9chargez la documentation<\/p>\n<p><span class=\"ish-icon color1 aleft\" style=\"\"><a href=\"https:\/\/www.fautras.it\/wp-content\/uploads\/2021\/06\/Gamme-ProLoisirs-Tarif-public-AVRIL-2021-1.pdf\" target=\"_blank\"><span class=\"icon-download\" style=\"font-size:20px;width:24px;height:24px;padding-top:2px !important;\"><\/span><\/a><\/span> T\u00e9l\u00e9chargez les tarifs<\/p>\n","protected":false},"excerpt":{"rendered":"<p>T\u00e9l\u00e9chargez la documentation T\u00e9l\u00e9chargez les tarifs<\/p>\n","protected":false},"author":3,"featured_media":0,"parent":550,"menu_order":0,"comment_status":"closed","ping_status":"closed","template":"","meta":{"footnotes":""},"_links":{"self":[{"href":"https:\/\/www.fautras.it\/fr\/wp-json\/wp\/v2\/pages\/556\/"}],"collection":[{"href":"https:\/\/www.fautras.it\/fr\/wp-json\/wp\/v2\/pages\/"}],"about":[{"href":"https:\/\/www.fautras.it\/fr\/wp-json\/wp\/v2\/types\/page\/"}],"author":[{"embeddable":true,"href":"https:\/\/www.fautras.it\/fr\/wp-json\/wp\/v2\/users\/3\/"}],"replies":[{"embeddable":true,"href":"https:\/\/www.fautras.it\/fr\/wp-json\/wp\/v2\/comments\/?post=556"}],"version-history":[{"count":0,"href":"https:\/\/www.fautras.it\/fr\/wp-json\/wp\/v2\/pages\/556\/revisions\/"}],"up":[{"embeddable":true,"href":"https:\/\/www.fautras.it\/fr\/wp-json\/wp\/v2\/pages\/550\/"}],"wp:attachment":[{"href":"https:\/\/www.fautras.it\/fr\/wp-json\/wp\/v2\/media\/?parent=556"}],"curies":[{"name":"wp","href":"https:\/\/api.w.org\/{rel}","templated":true}]}}