 {"id":370,"date":"2014-07-19T14:31:36","date_gmt":"2014-07-19T13:31:36","guid":{"rendered":"http:\/\/194.28.116.215\/~fautras\/?page_id=370"},"modified":"2021-09-17T08:50:23","modified_gmt":"2021-09-17T07:50:23","slug":"transport-droit-nuno","status":"publish","type":"page","link":"https:\/\/www.fautras.it\/fr\/les-produits\/st-georges\/transport-droit-nuno\/","title":{"rendered":"Transport droit &#8211; NUNO"},"content":{"rendered":"<div class=\"space\"><\/div>\n<h3 class=\"lined color1\">Le mod\u00e8le NUNO en quelques mots<span><\/span><\/h3>\n<div class=\"row\">\n<div class=\"grid9\">\n<ul class=\"tabs-navigation\" data-tabs=\"tab_set_1\">\n<li class=\" active\"><a href=\"#tab1\">SP\u00c9CIFICIT\u00c9S<\/a><\/li>\n<li class=\"\"><a href=\"#tab2\">SOLIDIT\u00c9<\/a><\/li>\n<li class=\"\"><a href=\"#tab3\">S\u00c9CURIT\u00c9 ET CONFORT<\/a><\/li>\n<li class=\"\"><a href=\"#tab4\">FACILIT\u00c9 D&rsquo;UTILISATION<\/a><\/li>\n<li class=\"\"><a href=\"#tab5\">\u00c9QUIPEMENTS DE S\u00c9RIE<\/a><\/li>\n<li class=\"\"><a href=\"#tab6\">OPTIONS<\/a><\/li>\n<\/ul>\n<div class=\"tabs-content\" data-tabs=\"tab_set_1\">\n<div class=\" tab1\">\n\u2022 Van 1,5 place tout polyester<br \/>\n\u2022 1 porte arri\u00e8re<br \/>\n\u2022 Coloris : blanc\n<\/div>\n<div class=\" tab2\">\n\u2022 Structure en acier galvanis\u00e9 \u00e0 chaud, garantie 8 ans<br \/>\n\u2022 Plancher poly\u00e9thyl\u00e8ne imputrescible \u00e0 vie<br \/>\n\u2022 Carrosserie en polyester tr\u00e8s r\u00e9sistante aux chocs et facile \u00e0 r\u00e9parer\n<\/div>\n<div class=\" tab3\">\n\u2022 Suspensions ind\u00e9pendantes \u00e0 barres de torsion<br \/>\n\u2022 Barre de poitrail de S\u00e9curit\u00e9\u2122\n<\/div>\n<div class=\" tab4\">\n\u2022 1 sortie avant<br \/>\n\u2022 Ouverture avec Plancher Surbaiss\u00e9 \u2122<br \/>\n\u2022 Volets \u00e0 ouverture progressive (3 positions)\n<\/div>\n<div class=\" tab5\">\n\u2022 Attaches int\u00e9rieures<br \/>\n\u2022 Attaches ext\u00e9rieures<br \/>\n\u2022 Roue jockey automatique<br \/>\n\u2022 Lumi\u00e8re int\u00e9rieure<br \/>\n\u2022 Frein \u00e0 inertie<br \/>\n\u2022 Roue de secours<br \/>\n\u2022 Tapis de sol antid\u00e9rapant<br \/>\n\u2022 T\u00eate d&rsquo;attelage avec antivol int\u00e9gr\u00e9\n<\/div>\n<div class=\" tab6\">\n\u2022 Baie coulissante lat\u00e9rale + grille<br \/>\n\u2022 Renforts lat\u00e9raux en polypropyl\u00e8ne<br \/>\n\u2022 Matelassures lat\u00e9rales confortables<br \/>\n\u2022 Barre d&rsquo;\u00e9loignement avec v\u00e9rins compensateurs<br \/>\n\u2022 Mangeoire amovible avec support<br \/>\n\u2022 Logo personnalis\u00e9 300&#215;600 \u00e0 joindre \u00e0 la commande (livr\u00e9 non pos\u00e9)<br \/>\n\u2022 Trailer Aid\u00ae\n<\/div>\n<\/div>\n<\/div>\n<div class=\"grid3\">\n<div id=\"attachment_403\" style=\"width: 190px\" class=\"wp-caption aligncenter\"><img loading=\"lazy\" decoding=\"async\" aria-describedby=\"caption-attachment-403\" class=\"wp-image-403 size-full\" src=\"https:\/\/www.fautras.it\/wp-content\/uploads\/2014\/07\/van_nuno.jpg\" alt=\"Van NUNO ST GEORGES\" width=\"180\" height=\"185\" \/><p id=\"caption-attachment-403\" class=\"wp-caption-text\">Van NUNO<\/p><\/div>\n<\/div>\n<\/div>\n<h3 class=\"lined color1\">Le mod\u00e8le NUNO Sport en quelques mots<span><\/span><\/h3>\n<div class=\"row\">\n<div class=\"grid9\">\n<ul class=\"tabs-navigation\" data-tabs=\"tab_set_2\">\n<li class=\" active\"><a href=\"#tab1\">SP\u00c9CIFICIT\u00c9S<\/a><\/li>\n<li class=\"\"><a href=\"#tab2\">SOLIDIT\u00c9<\/a><\/li>\n<li class=\"\"><a href=\"#tab3\">S\u00c9CURIT\u00c9 ET CONFORT<\/a><\/li>\n<li class=\"\"><a href=\"#tab4\">FACILIT\u00c9 D&rsquo;UTILISATION<\/a><\/li>\n<li class=\"\"><a href=\"#tab5\">\u00c9QUIPEMENTS DE S\u00c9RIE<\/a><\/li>\n<li class=\"\"><a href=\"#tab6\">OPTIONS<\/a><\/li>\n<\/ul>\n<div class=\"tabs-content\" data-tabs=\"tab_set_2\">\n<div class=\" tab1\">\n\u2022 Van 1,5 place tout polyester avec matelassures, enjoliveurs<br \/>\n\u2022 1 porte arri\u00e8re<br \/>\n\u2022 Coloris : 2 tons de gris (toit gris perle, cot\u00e9 gris anthracite)\n<\/div>\n<div class=\" tab2\">\n\u2022 Structure en acier galvanis\u00e9 \u00e0 chaud, garantie 8 ans<br \/>\n\u2022 Plancher poly\u00e9thyl\u00e8ne imputrescible: garantie \u00e0 vie<br \/>\n\u2022 Carrosserie en polyester tr\u00e8s r\u00e9sistante aux chocs et facile \u00e0 r\u00e9parer\n<\/div>\n<div class=\" tab3\">\n\u2022 Suspensions ind\u00e9pendantes \u00e0 barres de torsion<br \/>\n\u2022 Matelassures lat\u00e9rales<br \/>\n\u2022 Barre de poitrail de S\u00e9curit\u00e9\u2122\n<\/div>\n<div class=\" tab4\">\n\u2022 Ouverture 1 porte avec Plancher Progressif\u2122 pour un embarquement facilit\u00e9<br \/>\n\u2022 Facilit\u00e9 de traction : r\u00e9partition des charges optimale, poids plume et forme a\u00e9rodynamique\n<\/div>\n<div class=\" tab5\">\n\u2022 Matelassures lat\u00e9rales<br \/>\n\u2022 Enjoliveurs<br \/>\n\u2022 Attaches int\u00e9rieures<br \/>\n\u2022 Attaches ext\u00e9rieures<br \/>\n\u2022 Lumi\u00e8re int\u00e9rieure<br \/>\n\u2022 Roue de secours<br \/>\n\u2022 Roue jockey automatique<br \/>\n\u2022 Roue de secours<br \/>\n\u2022 Tapis de sol antid\u00e9rapant<br \/>\n\u2022 T\u00eate d&rsquo;attelage avec antivol int\u00e9gr\u00e9<br \/>\n\u2022 Frein \u00e0 inertie\n<\/div>\n<div class=\" tab6\">\n\u2022 Baie coulissante lat\u00e9rale + grille<br \/>\n\u2022 Renforts lat\u00e9raux en polypropyl\u00e8ne<br \/>\n\u2022 Barre d&rsquo;\u00e9loignement avec v\u00e9rins compensateurs<br \/>\n\u2022 Mangeoire amovible avec support<br \/>\n\u2022 Logo personnalis\u00e9 300&#215;600 \u00e0 joindre \u00e0 la commande (livr\u00e9 non pos\u00e9)<br \/>\n\u2022 Trailer Aid \u00ae\n<\/div>\n<\/div>\n<\/div>\n<div class=\"grid3\">\n<div id=\"attachment_406\" style=\"width: 200px\" class=\"wp-caption aligncenter\"><img loading=\"lazy\" decoding=\"async\" aria-describedby=\"caption-attachment-406\" class=\"wp-image-406 size-full\" src=\"https:\/\/www.fautras.it\/wp-content\/uploads\/2014\/07\/van_nuno_sport.jpg\" alt=\"Van NUNO Sport ST GEORGES\" width=\"190\" height=\"183\" \/><p id=\"caption-attachment-406\" class=\"wp-caption-text\">Van NUNO Sport<\/p><\/div>\n<\/div>\n<\/div>\n<h3 class=\"lined color1\">Dimensions<span><\/span><\/h3>\n<div class=\"table-content color1 table-left\">\n<table>\n<tbody>\n<tr class=\"highlight color2\">\n<th rowspan=\"2\">MOD\u00c8LES<\/th>\n<th rowspan=\"2\">POIDS A VIDE (kg)(\u00e9quipement standard)<\/th>\n<th rowspan=\"2\">PTAC au choix (kg)<\/th>\n<th colspan=\"2\">LONGUEUR (m)<\/th>\n<th colspan=\"2\">LARGEUR (m)<\/th>\n<th colspan=\"2\">HAUTEUR (m)<\/th>\n<\/tr>\n<tr>\n<td>Int\u00e9rieure<\/td>\n<td>Ext\u00e9rieure<\/td>\n<td>Int\u00e9rieure<\/td>\n<td>Ext\u00e9rieure<\/td>\n<td>Int\u00e9rieure<\/td>\n<td>Ext\u00e9rieure<\/td>\n<\/tr>\n<tr>\n<td class=\"highlight color2\">NUNO<\/td>\n<td>650<\/td>\n<td>900 \u00e0 1600<\/td>\n<td>2.97<\/td>\n<td>4.16<\/td>\n<td>1.28<\/td>\n<td>1.83<\/td>\n<td>2.25<\/td>\n<td>2.68<\/td>\n<\/tr>\n<tr>\n<td class=\"highlight color2\">NUNO Sport<\/td>\n<td>660<\/td>\n<td>900 \u00e0 1600<\/td>\n<td>2.97<\/td>\n<td>4.16<\/td>\n<td>1.28<\/td>\n<td>1.83<\/td>\n<td>2.25<\/td>\n<td>2.68<\/td>\n<\/tr>\n<\/tbody>\n<\/table>\n<\/div>\n<div class=\"space\"><\/div>\n<h3 class=\"lined color1\">Facilit\u00e9, confort et solidit\u00e9<span><\/span><\/h3>\n<div class=\"slidable\">\n<div class=\"slide\">\n<div class=\"boxgroup\">\n<div class=\"grid4\">\n<div class=\"box color2\">\n<h5 class=\" color1\">Embarquement garanti<\/h5>\n<div id=\"attachment_413\" style=\"width: 237px\" class=\"wp-caption aligncenter\"><a href=\"https:\/\/www.fautras.it\/wp-content\/uploads\/2014\/07\/embarquement_st-georges-van.jpg\"><img loading=\"lazy\" decoding=\"async\" aria-describedby=\"caption-attachment-413\" class=\"wp-image-413\" src=\"https:\/\/www.fautras.it\/wp-content\/uploads\/2014\/07\/embarquement_st-georges-van-271x203.jpg\" alt=\"Les vans Saint Georges sont \u00e9quip\u00e9s d'un plancher progressif qui permet au cheval de se sentir en toute s\u00e9curit\u00e9.\" width=\"227\" height=\"170\" srcset=\"https:\/\/www.fautras.it\/wp-content\/uploads\/2014\/07\/embarquement_st-georges-van-271x203.jpg 271w, https:\/\/www.fautras.it\/wp-content\/uploads\/2014\/07\/embarquement_st-georges-van-300x225.jpg 300w, https:\/\/www.fautras.it\/wp-content\/uploads\/2014\/07\/embarquement_st-georges-van-371x278.jpg 371w, https:\/\/www.fautras.it\/wp-content\/uploads\/2014\/07\/embarquement_st-georges-van.jpg 400w\" sizes=\"(max-width: 227px) 100vw, 227px\" \/><\/a><p id=\"caption-attachment-413\" class=\"wp-caption-text\">Les vans Saint Georges sont \u00e9quip\u00e9s d&rsquo;un plancher progressif qui permet au cheval de se sentir en toute s\u00e9curit\u00e9.<\/p><\/div>\n<\/div>\n<\/div>\n<div class=\"grid4\">\n<div class=\"box\">\n<h5 class=\" color1\">S\u00e9paration souple<\/h5>\n<div id=\"attachment_203\" style=\"width: 237px\" class=\"wp-caption aligncenter\"><a href=\"https:\/\/www.fautras.it\/wp-content\/uploads\/2014\/07\/separation_souple.jpg\"><img loading=\"lazy\" decoding=\"async\" aria-describedby=\"caption-attachment-203\" class=\"wp-image-203\" src=\"https:\/\/www.fautras.it\/wp-content\/uploads\/2014\/07\/separation_souple-271x203.jpg\" alt=\"S\u00e9paration souple FAUTRAS TECH\u2122 favorisant l\u2019aisance et l\u2019\u00e9quilibre des chevaux.\" width=\"227\" height=\"170\" srcset=\"https:\/\/www.fautras.it\/wp-content\/uploads\/2014\/07\/separation_souple-271x203.jpg 271w, https:\/\/www.fautras.it\/wp-content\/uploads\/2014\/07\/separation_souple-300x225.jpg 300w, https:\/\/www.fautras.it\/wp-content\/uploads\/2014\/07\/separation_souple-371x278.jpg 371w, https:\/\/www.fautras.it\/wp-content\/uploads\/2014\/07\/separation_souple.jpg 400w\" sizes=\"(max-width: 227px) 100vw, 227px\" \/><\/a><p id=\"caption-attachment-203\" class=\"wp-caption-text\">S\u00e9paration souple FAUTRAS TECH\u2122 favorisant l\u2019aisance et l\u2019\u00e9quilibre des chevaux.<\/p><\/div>\n<\/div>\n<\/div>\n<div class=\"grid4\">\n<div class=\"box color2\">\n<h5 class=\" color1\">Ceinture mono-bloc\u2122<\/h5>\n<div id=\"attachment_416\" style=\"width: 237px\" class=\"wp-caption aligncenter\"><img loading=\"lazy\" decoding=\"async\" aria-describedby=\"caption-attachment-416\" class=\"wp-image-416\" src=\"https:\/\/www.fautras.it\/wp-content\/uploads\/2014\/07\/structure_st-georges-271x203.jpg\" alt=\"Anneau de s\u00e9curit\u00e9 unique qui \u00e9vite les d\u00e9formations entre le toit et les c\u00f4t\u00e9s du van\" width=\"227\" height=\"170\" srcset=\"https:\/\/www.fautras.it\/wp-content\/uploads\/2014\/07\/structure_st-georges-271x203.jpg 271w, https:\/\/www.fautras.it\/wp-content\/uploads\/2014\/07\/structure_st-georges-300x225.jpg 300w, https:\/\/www.fautras.it\/wp-content\/uploads\/2014\/07\/structure_st-georges-371x278.jpg 371w, https:\/\/www.fautras.it\/wp-content\/uploads\/2014\/07\/structure_st-georges.jpg 400w\" sizes=\"(max-width: 227px) 100vw, 227px\" \/><p id=\"caption-attachment-416\" class=\"wp-caption-text\">Anneau de s\u00e9curit\u00e9 unique qui \u00e9vite les d\u00e9formations entre le toit et les c\u00f4t\u00e9s du van<\/p><\/div>\n<\/div>\n<\/div>\n<\/div>\n<\/div>\n<div class=\"slide\">\n<div class=\"boxgroup\">\n<div class=\"grid4\">\n<div class=\"box color2\">\n<h5 class=\" color1\">Carrosserie<\/h5>\n<div id=\"attachment_418\" style=\"width: 237px\" class=\"wp-caption aligncenter\"><img loading=\"lazy\" decoding=\"async\" aria-describedby=\"caption-attachment-418\" class=\"wp-image-418\" src=\"https:\/\/www.fautras.it\/wp-content\/uploads\/2014\/07\/carrosserie-271x203.jpg\" alt=\"Carrosserie uniquement en polyester, afin de garantir l\u00e9g\u00e8ret\u00e9, solidit\u00e9 et long\u00e9vit\u00e9\" width=\"227\" height=\"170\" srcset=\"https:\/\/www.fautras.it\/wp-content\/uploads\/2014\/07\/carrosserie-271x203.jpg 271w, https:\/\/www.fautras.it\/wp-content\/uploads\/2014\/07\/carrosserie-300x225.jpg 300w, https:\/\/www.fautras.it\/wp-content\/uploads\/2014\/07\/carrosserie-371x278.jpg 371w, https:\/\/www.fautras.it\/wp-content\/uploads\/2014\/07\/carrosserie.jpg 400w\" sizes=\"(max-width: 227px) 100vw, 227px\" \/><p id=\"caption-attachment-418\" class=\"wp-caption-text\">Carrosserie uniquement en polyester, afin de garantir l\u00e9g\u00e8ret\u00e9, solidit\u00e9 et long\u00e9vit\u00e9<\/p><\/div>\n<\/div>\n<\/div>\n<div class=\"grid4\">\n<div class=\"box color2\">\n<h5 class=\" color1\">Trailer Aid<\/h5>\n<div id=\"attachment_420\" style=\"width: 237px\" class=\"wp-caption aligncenter\"><a href=\"https:\/\/www.fautras.it\/wp-content\/uploads\/2014\/07\/trailer_aid.jpg\"><img loading=\"lazy\" decoding=\"async\" aria-describedby=\"caption-attachment-420\" class=\"wp-image-420\" src=\"https:\/\/www.fautras.it\/wp-content\/uploads\/2014\/07\/trailer_aid-271x203.jpg\" alt=\"Trailer Aid, id\u00e9al en cas de crevaison\" width=\"227\" height=\"170\" srcset=\"https:\/\/www.fautras.it\/wp-content\/uploads\/2014\/07\/trailer_aid-271x203.jpg 271w, https:\/\/www.fautras.it\/wp-content\/uploads\/2014\/07\/trailer_aid-300x225.jpg 300w, https:\/\/www.fautras.it\/wp-content\/uploads\/2014\/07\/trailer_aid-371x278.jpg 371w, https:\/\/www.fautras.it\/wp-content\/uploads\/2014\/07\/trailer_aid.jpg 400w\" sizes=\"(max-width: 227px) 100vw, 227px\" \/><\/a><p id=\"caption-attachment-420\" class=\"wp-caption-text\">Trailer Aid, id\u00e9al en cas de crevaison<\/p><\/div>\n<\/div>\n<\/div>\n<\/div>\n<\/div>\n<\/div>\n","protected":false},"excerpt":{"rendered":"","protected":false},"author":3,"featured_media":0,"parent":367,"menu_order":0,"comment_status":"closed","ping_status":"closed","template":"","meta":{"footnotes":""},"_links":{"self":[{"href":"https:\/\/www.fautras.it\/fr\/wp-json\/wp\/v2\/pages\/370\/"}],"collection":[{"href":"https:\/\/www.fautras.it\/fr\/wp-json\/wp\/v2\/pages\/"}],"about":[{"href":"https:\/\/www.fautras.it\/fr\/wp-json\/wp\/v2\/types\/page\/"}],"author":[{"embeddable":true,"href":"https:\/\/www.fautras.it\/fr\/wp-json\/wp\/v2\/users\/3\/"}],"replies":[{"embeddable":true,"href":"https:\/\/www.fautras.it\/fr\/wp-json\/wp\/v2\/comments\/?post=370"}],"version-history":[{"count":0,"href":"https:\/\/www.fautras.it\/fr\/wp-json\/wp\/v2\/pages\/370\/revisions\/"}],"up":[{"embeddable":true,"href":"https:\/\/www.fautras.it\/fr\/wp-json\/wp\/v2\/pages\/367\/"}],"wp:attachment":[{"href":"https:\/\/www.fautras.it\/fr\/wp-json\/wp\/v2\/media\/?parent=370"}],"curies":[{"name":"wp","href":"https:\/\/api.w.org\/{rel}","templated":true}]}}