 {"id":32,"date":"2014-07-15T11:15:19","date_gmt":"2014-07-15T10:15:19","guid":{"rendered":"http:\/\/194.28.116.215\/~fautras\/?page_id=32"},"modified":"2018-10-24T17:33:07","modified_gmt":"2018-10-24T16:33:07","slug":"lentreprise-fautras","status":"publish","type":"page","link":"https:\/\/www.fautras.it\/fr\/lentreprise-fautras\/","title":{"rendered":"L&rsquo;entreprise FAUTRAS"},"content":{"rendered":"<\/div>\n<\/div>\n<\/section>\n<div class=\"part-fullsection bg-color3 bg-pattern full-width\">\n<div class=\"row\">\n<div class=\"grid12\">\n<div class=\"grid6\">\n<div class=\"rounded-image ri-border\">\n<div style=\" border-width: 0px;\">\n<img loading=\"lazy\" decoding=\"async\" class=\"aligncenter wp-image-667 size-full\" src=\"http:\/\/www.fautras.it\/wp-content\/uploads\/2014\/07\/direction-fautras1.jpg\" alt=\"\" width=\"354\" height=\"354\" srcset=\"https:\/\/www.fautras.it\/wp-content\/uploads\/2014\/07\/direction-fautras1.jpg 354w, https:\/\/www.fautras.it\/wp-content\/uploads\/2014\/07\/direction-fautras1-150x150.jpg 150w, https:\/\/www.fautras.it\/wp-content\/uploads\/2014\/07\/direction-fautras1-300x300.jpg 300w, https:\/\/www.fautras.it\/wp-content\/uploads\/2014\/07\/direction-fautras1-271x271.jpg 271w\" sizes=\"(max-width: 354px) 100vw, 354px\" \/><\/p>\n<\/div>\n<\/div>\n<h4 class=\"color1\" style=\"text-align: center;\">Jean-Luc et Marie-No\u00eblle FAUTRAS<\/h4>\n<p style=\"text-align: center;\"><strong>Cr\u00e9ateurs de la marque FAUTRAS<\/strong><\/p>\n<h4 class=\"lined-section color1\">En quelques mots<span><\/span><\/h4>\n<p><strong>\u00ab De la passion des chevaux \u00e0 leur transport \u00bb<\/strong><br \/>\nIssu d\u2019une famille passionn\u00e9e de chevaux (5 g\u00e9n\u00e9rations), <strong>Jean-Luc Fautras<\/strong> est avant tout cavalier et utilisateur de la marque \u00e9ponyme.<br \/>\nC\u2019est en 1992, avec son \u00e9pouse <strong>Marie-No\u00eblle De Vincenzi<\/strong>, apr\u00e8s dix ans d\u2019importation de vans britanniques, qu\u2019il d\u00e9cide de mettre ses id\u00e9es en application : <strong>la marque FAUTRAS voit le jour.<\/strong><br \/>\nDepuis sa cr\u00e9ation, ils imaginent des concepts innovants et performants en terme de facilit\u00e9 d\u2019utilisation, de confort et de s\u00e9curit\u00e9.\n<\/div>\n<div class=\"grid6\">\n<div class=\"rounded-image ri-border\">\n<div style=\" border-width: 0px;\">\n<img loading=\"lazy\" decoding=\"async\" class=\"aligncenter wp-image-673 size-full\" src=\"http:\/\/www.fautras.it\/wp-content\/uploads\/2014\/07\/marie-helene-vincenzi.jpg\" alt=\"\" width=\"352\" height=\"352\" srcset=\"https:\/\/www.fautras.it\/wp-content\/uploads\/2014\/07\/marie-helene-vincenzi.jpg 352w, https:\/\/www.fautras.it\/wp-content\/uploads\/2014\/07\/marie-helene-vincenzi-150x150.jpg 150w, https:\/\/www.fautras.it\/wp-content\/uploads\/2014\/07\/marie-helene-vincenzi-300x300.jpg 300w, https:\/\/www.fautras.it\/wp-content\/uploads\/2014\/07\/marie-helene-vincenzi-271x271.jpg 271w\" sizes=\"(max-width: 352px) 100vw, 352px\" \/><\/div>\n<\/div>\n<h4 class=\"color1\" style=\"text-align: center;\">Marie-H\u00e9l\u00e8ne DE VINCENZI<\/h4>\n<p style=\"text-align: center;\"><strong>Concessionnaire exclusive Italie et Tessin, Suisse<\/strong><\/p>\n<h4 class=\"lined-section color1\">En quelques mots<span><\/span><\/h4>\n<p><strong>Depuis 8 ans,<\/strong> Marie-H\u00e9l\u00e8ne De Vincenzi est <strong>concessionnaire exclusive pour l&rsquo;Italie et le Tessin, Suisse<\/strong>.<\/p>\n<p><span class=\"ish-icon-circle color1 aleft\" style=\"\"><a href=\"mailto:fautras@gmail.com\"><span class=\"icon-mail\" style=\"font-size:17px !important;width:42px;height:42px;-moz-border-radius:21px;-webkit-border-radius:21px;border-radius:21px;padding-top:12.5px !important;\"><\/span><\/a><\/span> <span class=\"ish-icon-circle color1 aleft\" style=\"\"><a href=\"https:\/\/www.youtube.com\/channel\/UCv4eOTb4bLafTPMnSSfQWsw\" target=\"_blank\"><span class=\"icon-youtube-1\" style=\"font-size:17px !important;width:42px;height:42px;-moz-border-radius:21px;-webkit-border-radius:21px;border-radius:21px;padding-top:12.5px !important;\"><\/span><\/a><\/span> <span class=\"ish-icon-circle color1 aleft\" style=\"\"><a href=\"https:\/\/www.facebook.com\/DEVINCENZIMARIEHELENE\/\" target=\"_blank\"><span class=\"icon-facebook\" style=\"font-size:17px !important;width:42px;height:42px;-moz-border-radius:21px;-webkit-border-radius:21px;border-radius:21px;padding-top:12.5px !important;\"><\/span><\/a><\/span><\/p>\n<\/div>\n<\/div>\n<\/div>\n<\/div>\n<section class=\"part-content\">\n<div class=\"row\">\n<div class=\"grid12 no-sidebar\">\n<div class=\"space\"><\/div>\n<h2 style=\"text-align: center;\">L\u2019histoire de l\u2019entreprise familiale et fran\u00e7aise<\/h2>\n<div class=\"grid4\">\n<h2 class=\" color1\">Au d\u00e9part<\/h2>\n<p><strong>\u00ab Surtout ne monte pas un cheval dans le van avec le pont ! \u00bb<\/strong><\/p>\n<p>C\u2019\u00e9tait la phrase que j\u2019entendais \u00e0 chaque fois que je devais embarquer un cheval dans le van 1 place de mon p\u00e8re, marchand de chevaux \u00e0 Saumur. Le temps perdu \u00e0 enlever et remettre le pont \u00e9tait largement compens\u00e9 par la rapidit\u00e9 d\u2019embarquement des chevaux sans pont. Il ne restait qu\u2019un pas pour transformer le pont en porte\u2026<\/p>\n<p><strong>Les vans Fautras sont n\u00e9s.<\/strong><\/p>\n<h2 class=\" color1\">FAUTRAS en chiffres<\/h2>\n<p><strong>8 troph\u00e9es de l\u2019innovation du Salon du Cheval de Paris<\/strong> (1992, 1995, 1997, 1999, 2002, 2005, 2007 et 2008)<br \/>\n<strong>Coup de coeur d\u00e9veloppement durable<\/strong> au Salon du cheval de Paris 2011<br \/>\n<strong>8 d\u00e9p\u00f4ts de brevets europ\u00e9ens<\/strong><br \/>\n<strong>70 personnes<\/strong> sur le site de production \u00e0 Montcaret (France)<br \/>\n<strong>Plus de 20 000 produits vendus<\/strong> depuis sa cr\u00e9ation<br \/>\n<strong>Prix de l\u2019Innovation \u00e0 Equitana<\/strong> 2007<br \/>\n<strong>50 points de vente en Europe<\/strong><br \/>\n<strong>N\u00b01 europ\u00e9en :<\/strong><\/p>\n<ul>\n<li>des vans avec ouverture \u00ab \u00e0 l\u2019am\u00e9ricaine \u00bb (2 portes arri\u00e8res)<\/li>\n<li>des vans avec transport en diagonale<\/li>\n<li>des vans 3 et 4 places<\/li>\n<\/ul>\n<\/div>\n<div class=\"grid8\">\n<div class=\"timeline\">\n<div class=\"point-big\">\n<div class=\"timeline-date\">\n<div>\n<div>2014<\/div>\n<\/div>\n<\/div>\n<div class=\"timeline-content\">\n<div>\n<div>\n<h2 class=\" color1\">n\u00b01 europ\u00e9en, 50 points de vente en Europe<\/h2>\n<\/div>\n<\/div>\n<\/div>\n<\/div>\n<div class=\"point-small\">\n<div class=\"timeline-content\">\n<div>\n<div>Lancement de la marque FAUTRAS aux USA. 10 points de vente ouverts en 2011.<\/div>\n<\/div>\n<\/div>\n<div class=\"timeline-date\">\n<div>\n<div>2010<\/div>\n<\/div>\n<\/div>\n<\/div>\n<div class=\"point-medium\">\n<div class=\"timeline-date\">\n<div>\n<div>1997<\/div>\n<\/div>\n<\/div>\n<div class=\"timeline-content\">\n<div>\n<div>Marie-No\u00eblle cr\u00e9e la gamme PRO &amp; SPORTS<\/div>\n<\/div>\n<\/div>\n<\/div>\n<div class=\"point-small\">\n<div class=\"timeline-content\">\n<div>\n<div>Naissance du premier van 3 et 4 places avec transport en diagonale : le mod\u00e8le TRIVAN<\/div>\n<\/div>\n<\/div>\n<div class=\"timeline-date\">\n<div>\n<div>1994<\/div>\n<\/div>\n<\/div>\n<\/div>\n<div class=\"point-small\">\n<div class=\"timeline-date\">\n<div>\n<div>1992<\/div>\n<\/div>\n<\/div>\n<div class=\"timeline-content\">\n<div>\n<div>Naissance des vans FAUTRAS avec le lancement des premiers vans europ\u00e9ens avec ouverture \u00ab\u00a0\u00e0 l&rsquo;am\u00e9ricaine\u00a0\u00bb (2 portes arri\u00e8re).<\/div>\n<\/div>\n<\/div>\n<\/div>\n<div class=\"point-medium\">\n<div class=\"timeline-content\">\n<div>\n<div>Jean-Luc et Marie-No\u00eblle Fautras reprennent l&rsquo;importation des vans.<\/div>\n<\/div>\n<\/div>\n<div class=\"timeline-date\">\n<div>\n<div>1982<\/div>\n<\/div>\n<\/div>\n<\/div>\n<div class=\"point-big\">\n<div class=\"timeline-date\">\n<div>\n<div>1971<\/div>\n<\/div>\n<\/div>\n<div class=\"timeline-content\">\n<div>\n<div>\n<h2 class=\" color1\">Jean De Vincenzi, p\u00e8re de Marie-No\u00eblle et Marie-H\u00e9l\u00e8ne, importe des vans britanniques en France<\/h2>\n<\/div>\n<\/div>\n<\/div>\n<\/div>\n<\/div>\n<\/div>\n","protected":false},"excerpt":{"rendered":"<p>L\u2019histoire de l\u2019entreprise familiale et fran\u00e7aise<\/p>\n","protected":false},"author":3,"featured_media":0,"parent":0,"menu_order":0,"comment_status":"closed","ping_status":"closed","template":"","meta":{"footnotes":""},"_links":{"self":[{"href":"https:\/\/www.fautras.it\/fr\/wp-json\/wp\/v2\/pages\/32\/"}],"collection":[{"href":"https:\/\/www.fautras.it\/fr\/wp-json\/wp\/v2\/pages\/"}],"about":[{"href":"https:\/\/www.fautras.it\/fr\/wp-json\/wp\/v2\/types\/page\/"}],"author":[{"embeddable":true,"href":"https:\/\/www.fautras.it\/fr\/wp-json\/wp\/v2\/users\/3\/"}],"replies":[{"embeddable":true,"href":"https:\/\/www.fautras.it\/fr\/wp-json\/wp\/v2\/comments\/?post=32"}],"version-history":[{"count":0,"href":"https:\/\/www.fautras.it\/fr\/wp-json\/wp\/v2\/pages\/32\/revisions\/"}],"wp:attachment":[{"href":"https:\/\/www.fautras.it\/fr\/wp-json\/wp\/v2\/media\/?parent=32"}],"curies":[{"name":"wp","href":"https:\/\/api.w.org\/{rel}","templated":true}]}}