 {"id":275,"date":"2014-07-19T10:00:50","date_gmt":"2014-07-19T09:00:50","guid":{"rendered":"http:\/\/194.28.116.215\/~fautras\/?page_id=275"},"modified":"2018-11-09T16:50:50","modified_gmt":"2018-11-09T15:50:50","slug":"transport-droit-caracteristiques-techniques","status":"publish","type":"page","link":"https:\/\/www.fautras.it\/fr\/les-produits\/fautras-equestre\/transport-droit-caracteristiques-techniques\/","title":{"rendered":"Transport droit &#8211; Caract\u00e9ristiques techniques"},"content":{"rendered":"<h2 class=\"lined-section color1\">\u00c9quipements<span><\/span><\/h2>\n<p>L\u00e9gende : <span class=\"ish-icon\" style=\"\"><span class=\"icon-circle\" ><\/span><\/span> en s\u00e9rie &#8211; <span class=\"ish-icon\" style=\"\"><span class=\"icon-circle-empty\" ><\/span><\/span> en option &#8211; <span class=\"ish-icon\" style=\"\"><span class=\"icon-cancel-3\" ><\/span><\/span> impossible<\/p>\n<div class=\"table-content color1 table-left\">\n<table>\n<tbody>\n<tr class=\"highlight color2\">\n<th class=\"highlight-col\" width=\"30%\">\u00c9QUIPEMENTS<\/th>\n<th width=\"14%\"><a title=\"Transport droit \u2013 JMS\" href=\"https:\/\/www.fautras.it\/fr\/les-produits\/fautras-equestre\/transport-droit-jms\/\">JMS<\/a><\/th>\n<th width=\"14%\"><a title=\"Transport droit \u2013 JMS\" href=\"https:\/\/www.fautras.it\/fr\/les-produits\/fautras-equestre\/transport-droit-jms\/\">JMS Classic<\/a><\/th>\n<th width=\"0%\"><\/th>\n<th width=\"14%\"><a title=\"Transport droit \u2013 PROVAN\" href=\"https:\/\/www.fautras.it\/fr\/les-produits\/fautras-equestre\/provan\/\">PROVAN<\/a><\/th>\n<th width=\"14%\"><a title=\"Transport droit \u2013 PROVAN\" href=\"https:\/\/www.fautras.it\/fr\/les-produits\/fautras-equestre\/provan\/\">PROVAN Classic<\/a><\/th>\n<th width=\"14%\"><a title=\"Transport droit \u2013 PROVAN\" href=\"https:\/\/www.fautras.it\/fr\/les-produits\/fautras-equestre\/provan\/\">PROVAN Premium<\/a><\/th>\n<\/tr>\n<tr>\n<td>Type de Transport<\/td>\n<td>Droit<\/td>\n<td>Droit<\/td>\n<td><\/td>\n<td>Droit<\/td>\n<td>Droit<\/td>\n<td>Droit<\/td>\n<\/tr>\n<tr>\n<td>Panneaux tout polyester<\/td>\n<td><span class=\"ish-icon\" style=\"\"><span class=\"icon-circle\" ><\/span><\/span><\/td>\n<td><span class=\"ish-icon\" style=\"\"><span class=\"icon-circle\" ><\/span><\/span><\/td>\n<td><\/td>\n<td><span class=\"ish-icon\" style=\"\"><span class=\"icon-circle\" ><\/span><\/span><\/td>\n<td><span class=\"ish-icon\" style=\"\"><span class=\"icon-circle\" ><\/span><\/span><\/td>\n<td><span class=\"ish-icon\" style=\"\"><span class=\"icon-circle\" ><\/span><\/span><\/td>\n<\/tr>\n<tr>\n<td>Plancher poly\u00e9thyl\u00e8ne garanti \u00e0 vie<\/td>\n<td><span class=\"ish-icon\" style=\"\"><span class=\"icon-circle\" ><\/span><\/span><\/td>\n<td><span class=\"ish-icon\" style=\"\"><span class=\"icon-circle\" ><\/span><\/span><\/td>\n<td><\/td>\n<td><span class=\"ish-icon\" style=\"\"><span class=\"icon-circle\" ><\/span><\/span><\/td>\n<td><span class=\"ish-icon\" style=\"\"><span class=\"icon-circle\" ><\/span><\/span><\/td>\n<td><span class=\"ish-icon\" style=\"\"><span class=\"icon-circle\" ><\/span><\/span><\/td>\n<\/tr>\n<tr>\n<td>Structure en acier galvanis\u00e9 \u00e0 chaud, garantie 8 ans<\/td>\n<td><span class=\"ish-icon\" style=\"\"><span class=\"icon-circle\" ><\/span><\/span><\/td>\n<td><span class=\"ish-icon\" style=\"\"><span class=\"icon-circle\" ><\/span><\/span><\/td>\n<td><\/td>\n<td><span class=\"ish-icon\" style=\"\"><span class=\"icon-circle\" ><\/span><\/span><\/td>\n<td><span class=\"ish-icon\" style=\"\"><span class=\"icon-circle\" ><\/span><\/span><\/td>\n<td><span class=\"ish-icon\" style=\"\"><span class=\"icon-circle\" ><\/span><\/span><\/td>\n<\/tr>\n<tr>\n<td>Porte(s) arri\u00e8re(s)<\/td>\n<td>1<\/td>\n<td>2<\/td>\n<td><\/td>\n<td>2<\/td>\n<td>2<\/td>\n<td>2<\/td>\n<\/tr>\n<tr>\n<td>Volets coulissants d\u2019a\u00e9ration sur portes arri\u00e8res (3 positions)<\/td>\n<td><span class=\"ish-icon\" style=\"\"><span class=\"icon-cancel-3\" ><\/span><\/span><\/td>\n<td><span class=\"ish-icon\" style=\"\"><span class=\"icon-circle\" ><\/span><\/span><\/td>\n<td><\/td>\n<td><span class=\"ish-icon\" style=\"\"><span class=\"icon-circle\" ><\/span><\/span><\/td>\n<td><span class=\"ish-icon\" style=\"\"><span class=\"icon-circle\" ><\/span><\/span><\/td>\n<td><span class=\"ish-icon\" style=\"\"><span class=\"icon-circle\" ><\/span><\/span><\/td>\n<\/tr>\n<tr>\n<td>Grande sortie avant gauche<\/td>\n<td><span class=\"ish-icon\" style=\"\"><span class=\"icon-circle\" ><\/span><\/span><\/td>\n<td><span class=\"ish-icon\" style=\"\"><span class=\"icon-circle\" ><\/span><\/span><\/td>\n<td><\/td>\n<td><span class=\"ish-icon\" style=\"\"><span class=\"icon-circle\" ><\/span><\/span><\/td>\n<td><span class=\"ish-icon\" style=\"\"><span class=\"icon-circle\" ><\/span><\/span><\/td>\n<td><span class=\"ish-icon\" style=\"\"><span class=\"icon-circle\" ><\/span><\/span><\/td>\n<\/tr>\n<tr>\n<td>Grande sortie avant droite<\/td>\n<td><span class=\"ish-icon\" style=\"\"><span class=\"icon-cancel-3\" ><\/span><\/span><\/td>\n<td><span class=\"ish-icon\" style=\"\"><span class=\"icon-cancel-3\" ><\/span><\/span><\/td>\n<td><\/td>\n<td><span class=\"ish-icon\" style=\"\"><span class=\"icon-circle-empty\" ><\/span><\/span><\/td>\n<td><span class=\"ish-icon\" style=\"\"><span class=\"icon-circle-empty\" ><\/span><\/span><\/td>\n<td><span class=\"ish-icon\" style=\"\"><span class=\"icon-circle\" ><\/span><\/span><\/td>\n<\/tr>\n<tr>\n<td>Hublot avant<\/td>\n<td><span class=\"ish-icon\" style=\"\"><span class=\"icon-circle\" ><\/span><\/span><\/td>\n<td><span class=\"ish-icon\" style=\"\"><span class=\"icon-circle\" ><\/span><\/span><\/td>\n<td><\/td>\n<td><span class=\"ish-icon\" style=\"\"><span class=\"icon-circle\" ><\/span><\/span><\/td>\n<td><span class=\"ish-icon\" style=\"\"><span class=\"icon-circle\" ><\/span><\/span><\/td>\n<td><span class=\"ish-icon\" style=\"\"><span class=\"icon-circle\" ><\/span><\/span><\/td>\n<\/tr>\n<tr>\n<td>Baie coulissante<\/td>\n<td><span class=\"ish-icon\" style=\"\"><span class=\"icon-circle-empty\" ><\/span><\/span><\/td>\n<td><span class=\"ish-icon\" style=\"\"><span class=\"icon-circle-empty\" ><\/span><\/span><\/td>\n<td><\/td>\n<td><span class=\"ish-icon\" style=\"\"><span class=\"icon-circle-empty\" ><\/span><\/span><\/td>\n<td><span class=\"ish-icon\" style=\"\"><span class=\"icon-circle-empty\" ><\/span><\/span><\/td>\n<td>2<\/td>\n<\/tr>\n<tr>\n<td>Lib\u00e9ration s\u00e9curis\u00e9e\u2122 (sangle de recul)<\/td>\n<td><span class=\"ish-icon\" style=\"\"><span class=\"icon-cancel-3\" ><\/span><\/span><\/td>\n<td><span class=\"ish-icon\" style=\"\"><span class=\"icon-circle\" ><\/span><\/span><\/td>\n<td><\/td>\n<td><span class=\"ish-icon\" style=\"\"><span class=\"icon-cancel-3\" ><\/span><\/span><\/td>\n<td><span class=\"ish-icon\" style=\"\"><span class=\"icon-circle\" ><\/span><\/span><\/td>\n<td><span class=\"ish-icon\" style=\"\"><span class=\"icon-cancel-3\" ><\/span><\/span><\/td>\n<\/tr>\n<tr>\n<td>Aid System\u2122<\/td>\n<td><span class=\"ish-icon\" style=\"\"><span class=\"icon-cancel-3\" ><\/span><\/span><\/td>\n<td><span class=\"ish-icon\" style=\"\"><span class=\"icon-circle-empty\" ><\/span><\/span><\/td>\n<td><\/td>\n<td><span class=\"ish-icon\" style=\"\"><span class=\"icon-cancel-3\" ><\/span><\/span><\/td>\n<td><span class=\"ish-icon\" style=\"\"><span class=\"icon-circle-empty\" ><\/span><\/span><\/td>\n<td><span class=\"ish-icon\" style=\"\"><span class=\"icon-circle\" ><\/span><\/span><\/td>\n<\/tr>\n<tr>\n<td>Plancher progressif\u2122<\/td>\n<td><span class=\"ish-icon\" style=\"\"><span class=\"icon-circle\" ><\/span><\/span><\/td>\n<td><span class=\"ish-icon\" style=\"\"><span class=\"icon-circle\" ><\/span><\/span><\/td>\n<td><\/td>\n<td><span class=\"ish-icon\" style=\"\"><span class=\"icon-circle\" ><\/span><\/span><\/td>\n<td><span class=\"ish-icon\" style=\"\"><span class=\"icon-circle\" ><\/span><\/span><\/td>\n<td><span class=\"ish-icon\" style=\"\"><span class=\"icon-circle\" ><\/span><\/span><\/td>\n<\/tr>\n<tr>\n<td>Bandes de d\u00e9coration \u00e0 vos couleurs<\/td>\n<td><span class=\"ish-icon\" style=\"\"><span class=\"icon-cancel-3\" ><\/span><\/span><\/td>\n<td><span class=\"ish-icon\" style=\"\"><span class=\"icon-circle\" ><\/span><\/span><\/td>\n<td><\/td>\n<td><span class=\"ish-icon\" style=\"\"><span class=\"icon-cancel-3\" ><\/span><\/span><\/td>\n<td><span class=\"ish-icon\" style=\"\"><span class=\"icon-circle\" ><\/span><\/span><\/td>\n<td><span class=\"ish-icon\" style=\"\"><span class=\"icon-circle\" ><\/span><\/span><\/td>\n<\/tr>\n<tr>\n<td>Couleur carrosserie au choix : Blanc, gris perle, bordeaux, chocolat, bleu marine, gris anthracite<\/td>\n<td>\n\t\t<style type=\"text\/css\">\n\t\t\t#gallery-1 {\n\t\t\t\tmargin: auto;\n\t\t\t}\n\t\t\t#gallery-1 .gallery-item {\n\t\t\t\tfloat: left;\n\t\t\t\tmargin-top: 10px;\n\t\t\t\ttext-align: center;\n\t\t\t\twidth: 16%;\n\t\t\t}\n\t\t\t#gallery-1 img {\n\t\t\t\tborder: 2px solid #cfcfcf;\n\t\t\t}\n\t\t\t#gallery-1 .gallery-caption {\n\t\t\t\tmargin-left: 0;\n\t\t\t}\n\t\t\t\/* see gallery_shortcode() in wp-includes\/media.php *\/\n\t\t<\/style>\n\t\t<div id='gallery-1' class='gallery galleryid-275 gallery-columns-6 gallery-size-thumbnail'><dl class='gallery-item'>\n\t\t\t<dt class='gallery-icon landscape'>\n\t\t\t\t<img loading=\"lazy\" decoding=\"async\" width=\"15\" height=\"15\" src=\"https:\/\/www.fautras.it\/wp-content\/uploads\/2014\/07\/blanc.gif\" class=\"attachment-thumbnail size-thumbnail\" alt=\"\" \/>\n\t\t\t<\/dt><\/dl><dl class='gallery-item'>\n\t\t\t<dt class='gallery-icon landscape'>\n\t\t\t\t<img loading=\"lazy\" decoding=\"async\" width=\"15\" height=\"15\" src=\"https:\/\/www.fautras.it\/wp-content\/uploads\/2014\/07\/gris.gif\" class=\"attachment-thumbnail size-thumbnail\" alt=\"\" \/>\n\t\t\t<\/dt><\/dl>\n\t\t\t<br style='clear: both' \/>\n\t\t<\/div>\n<\/td>\n<td>\n\t\t<style type=\"text\/css\">\n\t\t\t#gallery-2 {\n\t\t\t\tmargin: auto;\n\t\t\t}\n\t\t\t#gallery-2 .gallery-item {\n\t\t\t\tfloat: left;\n\t\t\t\tmargin-top: 10px;\n\t\t\t\ttext-align: center;\n\t\t\t\twidth: 16%;\n\t\t\t}\n\t\t\t#gallery-2 img {\n\t\t\t\tborder: 2px solid #cfcfcf;\n\t\t\t}\n\t\t\t#gallery-2 .gallery-caption {\n\t\t\t\tmargin-left: 0;\n\t\t\t}\n\t\t\t\/* see gallery_shortcode() in wp-includes\/media.php *\/\n\t\t<\/style>\n\t\t<div id='gallery-2' class='gallery galleryid-275 gallery-columns-6 gallery-size-thumbnail'><dl class='gallery-item'>\n\t\t\t<dt class='gallery-icon landscape'>\n\t\t\t\t<img loading=\"lazy\" decoding=\"async\" width=\"15\" height=\"15\" src=\"https:\/\/www.fautras.it\/wp-content\/uploads\/2014\/07\/blanc.gif\" class=\"attachment-thumbnail size-thumbnail\" alt=\"\" \/>\n\t\t\t<\/dt><\/dl><dl class='gallery-item'>\n\t\t\t<dt class='gallery-icon landscape'>\n\t\t\t\t<img loading=\"lazy\" decoding=\"async\" width=\"15\" height=\"15\" src=\"https:\/\/www.fautras.it\/wp-content\/uploads\/2014\/07\/gris.gif\" class=\"attachment-thumbnail size-thumbnail\" alt=\"\" \/>\n\t\t\t<\/dt><\/dl><dl class='gallery-item'>\n\t\t\t<dt class='gallery-icon landscape'>\n\t\t\t\t<img loading=\"lazy\" decoding=\"async\" width=\"15\" height=\"15\" src=\"https:\/\/www.fautras.it\/wp-content\/uploads\/2014\/07\/bordeaux.gif\" class=\"attachment-thumbnail size-thumbnail\" alt=\"\" \/>\n\t\t\t<\/dt><\/dl><dl class='gallery-item'>\n\t\t\t<dt class='gallery-icon landscape'>\n\t\t\t\t<img loading=\"lazy\" decoding=\"async\" width=\"15\" height=\"15\" src=\"https:\/\/www.fautras.it\/wp-content\/uploads\/2014\/07\/marine.gif\" class=\"attachment-thumbnail size-thumbnail\" alt=\"\" \/>\n\t\t\t<\/dt><\/dl><dl class='gallery-item'>\n\t\t\t<dt class='gallery-icon landscape'>\n\t\t\t\t<img loading=\"lazy\" decoding=\"async\" width=\"15\" height=\"15\" src=\"https:\/\/www.fautras.it\/wp-content\/uploads\/2014\/07\/chocolat.gif\" class=\"attachment-thumbnail size-thumbnail\" alt=\"\" \/>\n\t\t\t<\/dt><\/dl><dl class='gallery-item'>\n\t\t\t<dt class='gallery-icon landscape'>\n\t\t\t\t<img loading=\"lazy\" decoding=\"async\" width=\"15\" height=\"15\" src=\"https:\/\/www.fautras.it\/wp-content\/uploads\/2014\/07\/anthracite.gif\" class=\"attachment-thumbnail size-thumbnail\" alt=\"\" \/>\n\t\t\t<\/dt><\/dl><br style=\"clear: both\" \/>\n\t\t<\/div>\n<\/td>\n<td><\/td>\n<td>\n\t\t<style type=\"text\/css\">\n\t\t\t#gallery-3 {\n\t\t\t\tmargin: auto;\n\t\t\t}\n\t\t\t#gallery-3 .gallery-item {\n\t\t\t\tfloat: left;\n\t\t\t\tmargin-top: 10px;\n\t\t\t\ttext-align: center;\n\t\t\t\twidth: 16%;\n\t\t\t}\n\t\t\t#gallery-3 img {\n\t\t\t\tborder: 2px solid #cfcfcf;\n\t\t\t}\n\t\t\t#gallery-3 .gallery-caption {\n\t\t\t\tmargin-left: 0;\n\t\t\t}\n\t\t\t\/* see gallery_shortcode() in wp-includes\/media.php *\/\n\t\t<\/style>\n\t\t<div id='gallery-3' class='gallery galleryid-275 gallery-columns-6 gallery-size-thumbnail'><dl class='gallery-item'>\n\t\t\t<dt class='gallery-icon landscape'>\n\t\t\t\t<img loading=\"lazy\" decoding=\"async\" width=\"15\" height=\"15\" src=\"https:\/\/www.fautras.it\/wp-content\/uploads\/2014\/07\/blanc.gif\" class=\"attachment-thumbnail size-thumbnail\" alt=\"\" \/>\n\t\t\t<\/dt><\/dl><dl class='gallery-item'>\n\t\t\t<dt class='gallery-icon landscape'>\n\t\t\t\t<img loading=\"lazy\" decoding=\"async\" width=\"15\" height=\"15\" src=\"https:\/\/www.fautras.it\/wp-content\/uploads\/2014\/07\/gris.gif\" class=\"attachment-thumbnail size-thumbnail\" alt=\"\" \/>\n\t\t\t<\/dt><\/dl>\n\t\t\t<br style='clear: both' \/>\n\t\t<\/div>\n<\/td>\n<td>\n\t\t<style type=\"text\/css\">\n\t\t\t#gallery-4 {\n\t\t\t\tmargin: auto;\n\t\t\t}\n\t\t\t#gallery-4 .gallery-item {\n\t\t\t\tfloat: left;\n\t\t\t\tmargin-top: 10px;\n\t\t\t\ttext-align: center;\n\t\t\t\twidth: 16%;\n\t\t\t}\n\t\t\t#gallery-4 img {\n\t\t\t\tborder: 2px solid #cfcfcf;\n\t\t\t}\n\t\t\t#gallery-4 .gallery-caption {\n\t\t\t\tmargin-left: 0;\n\t\t\t}\n\t\t\t\/* see gallery_shortcode() in wp-includes\/media.php *\/\n\t\t<\/style>\n\t\t<div id='gallery-4' class='gallery galleryid-275 gallery-columns-6 gallery-size-thumbnail'><dl class='gallery-item'>\n\t\t\t<dt class='gallery-icon landscape'>\n\t\t\t\t<img loading=\"lazy\" decoding=\"async\" width=\"15\" height=\"15\" src=\"https:\/\/www.fautras.it\/wp-content\/uploads\/2014\/07\/blanc.gif\" class=\"attachment-thumbnail size-thumbnail\" alt=\"\" \/>\n\t\t\t<\/dt><\/dl><dl class='gallery-item'>\n\t\t\t<dt class='gallery-icon landscape'>\n\t\t\t\t<img loading=\"lazy\" decoding=\"async\" width=\"15\" height=\"15\" src=\"https:\/\/www.fautras.it\/wp-content\/uploads\/2014\/07\/gris.gif\" class=\"attachment-thumbnail size-thumbnail\" alt=\"\" \/>\n\t\t\t<\/dt><\/dl><dl class='gallery-item'>\n\t\t\t<dt class='gallery-icon landscape'>\n\t\t\t\t<img loading=\"lazy\" decoding=\"async\" width=\"15\" height=\"15\" src=\"https:\/\/www.fautras.it\/wp-content\/uploads\/2014\/07\/bordeaux.gif\" class=\"attachment-thumbnail size-thumbnail\" alt=\"\" \/>\n\t\t\t<\/dt><\/dl><dl class='gallery-item'>\n\t\t\t<dt class='gallery-icon landscape'>\n\t\t\t\t<img loading=\"lazy\" decoding=\"async\" width=\"15\" height=\"15\" src=\"https:\/\/www.fautras.it\/wp-content\/uploads\/2014\/07\/marine.gif\" class=\"attachment-thumbnail size-thumbnail\" alt=\"\" \/>\n\t\t\t<\/dt><\/dl><dl class='gallery-item'>\n\t\t\t<dt class='gallery-icon landscape'>\n\t\t\t\t<img loading=\"lazy\" decoding=\"async\" width=\"15\" height=\"15\" src=\"https:\/\/www.fautras.it\/wp-content\/uploads\/2014\/07\/chocolat.gif\" class=\"attachment-thumbnail size-thumbnail\" alt=\"\" \/>\n\t\t\t<\/dt><\/dl><dl class='gallery-item'>\n\t\t\t<dt class='gallery-icon landscape'>\n\t\t\t\t<img loading=\"lazy\" decoding=\"async\" width=\"15\" height=\"15\" src=\"https:\/\/www.fautras.it\/wp-content\/uploads\/2014\/07\/anthracite.gif\" class=\"attachment-thumbnail size-thumbnail\" alt=\"\" \/>\n\t\t\t<\/dt><\/dl><br style=\"clear: both\" \/>\n\t\t<\/div>\n<\/td>\n<td>\n\t\t<style type=\"text\/css\">\n\t\t\t#gallery-5 {\n\t\t\t\tmargin: auto;\n\t\t\t}\n\t\t\t#gallery-5 .gallery-item {\n\t\t\t\tfloat: left;\n\t\t\t\tmargin-top: 10px;\n\t\t\t\ttext-align: center;\n\t\t\t\twidth: 16%;\n\t\t\t}\n\t\t\t#gallery-5 img {\n\t\t\t\tborder: 2px solid #cfcfcf;\n\t\t\t}\n\t\t\t#gallery-5 .gallery-caption {\n\t\t\t\tmargin-left: 0;\n\t\t\t}\n\t\t\t\/* see gallery_shortcode() in wp-includes\/media.php *\/\n\t\t<\/style>\n\t\t<div id='gallery-5' class='gallery galleryid-275 gallery-columns-6 gallery-size-thumbnail'><dl class='gallery-item'>\n\t\t\t<dt class='gallery-icon landscape'>\n\t\t\t\t<img loading=\"lazy\" decoding=\"async\" width=\"15\" height=\"15\" src=\"https:\/\/www.fautras.it\/wp-content\/uploads\/2014\/07\/blanc.gif\" class=\"attachment-thumbnail size-thumbnail\" alt=\"\" \/>\n\t\t\t<\/dt><\/dl><dl class='gallery-item'>\n\t\t\t<dt class='gallery-icon landscape'>\n\t\t\t\t<img loading=\"lazy\" decoding=\"async\" width=\"15\" height=\"15\" src=\"https:\/\/www.fautras.it\/wp-content\/uploads\/2014\/07\/gris.gif\" class=\"attachment-thumbnail size-thumbnail\" alt=\"\" \/>\n\t\t\t<\/dt><\/dl><dl class='gallery-item'>\n\t\t\t<dt class='gallery-icon landscape'>\n\t\t\t\t<img loading=\"lazy\" decoding=\"async\" width=\"15\" height=\"15\" src=\"https:\/\/www.fautras.it\/wp-content\/uploads\/2014\/07\/bordeaux.gif\" class=\"attachment-thumbnail size-thumbnail\" alt=\"\" \/>\n\t\t\t<\/dt><\/dl><dl class='gallery-item'>\n\t\t\t<dt class='gallery-icon landscape'>\n\t\t\t\t<img loading=\"lazy\" decoding=\"async\" width=\"15\" height=\"15\" src=\"https:\/\/www.fautras.it\/wp-content\/uploads\/2014\/07\/marine.gif\" class=\"attachment-thumbnail size-thumbnail\" alt=\"\" \/>\n\t\t\t<\/dt><\/dl><dl class='gallery-item'>\n\t\t\t<dt class='gallery-icon landscape'>\n\t\t\t\t<img loading=\"lazy\" decoding=\"async\" width=\"15\" height=\"15\" src=\"https:\/\/www.fautras.it\/wp-content\/uploads\/2014\/07\/chocolat.gif\" class=\"attachment-thumbnail size-thumbnail\" alt=\"\" \/>\n\t\t\t<\/dt><\/dl><dl class='gallery-item'>\n\t\t\t<dt class='gallery-icon landscape'>\n\t\t\t\t<img loading=\"lazy\" decoding=\"async\" width=\"15\" height=\"15\" src=\"https:\/\/www.fautras.it\/wp-content\/uploads\/2014\/07\/anthracite.gif\" class=\"attachment-thumbnail size-thumbnail\" alt=\"\" \/>\n\t\t\t<\/dt><\/dl><br style=\"clear: both\" \/>\n\t\t<\/div>\n<\/td>\n<\/tr>\n<tr>\n<td>Enjoliveurs<\/td>\n<td><span class=\"ish-icon\" style=\"\"><span class=\"icon-circle-empty\" ><\/span><\/span><\/td>\n<td><span class=\"ish-icon\" style=\"\"><span class=\"icon-circle-empty\" ><\/span><\/span><\/td>\n<td><\/td>\n<td><span class=\"ish-icon\" style=\"\"><span class=\"icon-circle-empty\" ><\/span><\/span><\/td>\n<td><span class=\"ish-icon\" style=\"\"><span class=\"icon-circle-empty\" ><\/span><\/span><\/td>\n<td><span class=\"ish-icon\" style=\"\"><span class=\"icon-circle-empty\" ><\/span><\/span><\/td>\n<\/tr>\n<tr>\n<td>Option stalle : grande s\u00e9paration de t\u00eate pleine (jusqu\u2019en bas), espace de rangement, 2\u00e8me sortie avant obligatoire<br \/>\n(\u00e0 prendre en option sur PROVAN et PROVAN Classic, de s\u00e9rie sur PROVAN Premium)<\/td>\n<td><span class=\"ish-icon\" style=\"\"><span class=\"icon-cancel-3\" ><\/span><\/span><\/td>\n<td><span class=\"ish-icon\" style=\"\"><span class=\"icon-cancel-3\" ><\/span><\/span><\/td>\n<td><\/td>\n<td><span class=\"ish-icon\" style=\"\"><span class=\"icon-circle-empty\" ><\/span><\/span><\/td>\n<td><span class=\"ish-icon\" style=\"\"><span class=\"icon-circle-empty\" ><\/span><\/span><\/td>\n<td><span class=\"ish-icon\" style=\"\"><span class=\"icon-circle-empty\" ><\/span><\/span><\/td>\n<\/tr>\n<tr>\n<td>Option fl\u00e8che rallong\u00e9e (PROVAN Porte-cal\u00e8che)<\/td>\n<td><span class=\"ish-icon\" style=\"\"><span class=\"icon-cancel-3\" ><\/span><\/span><\/td>\n<td><span class=\"ish-icon\" style=\"\"><span class=\"icon-cancel-3\" ><\/span><\/span><\/td>\n<td><\/td>\n<td><span class=\"ish-icon\" style=\"\"><span class=\"icon-circle-empty\" ><\/span><\/span><\/td>\n<td><span class=\"ish-icon\" style=\"\"><span class=\"icon-circle-empty\" ><\/span><\/span><\/td>\n<td><span class=\"ish-icon\" style=\"\"><span class=\"icon-circle-empty\" ><\/span><\/span><\/td>\n<\/tr>\n<\/tbody>\n<\/table>\n<\/div>\n<h2 class=\"lined-section color1\">Dimensions<span><\/span><\/h2>\n<div class=\"table-content color1 table-left\">\n<table>\n<tbody>\n<tr class=\"highlight color2\">\n<th rowspan=\"2\">MOD\u00c8LES<\/th>\n<th rowspan=\"2\">POIDS A VIDE (kg)(selon \u00e9quipements)<\/th>\n<th rowspan=\"2\">PTAC (kg)(F2 sur carte grise)<\/th>\n<th colspan=\"2\">LONGUEUR (m)<\/th>\n<th colspan=\"2\">LARGEUR (m)<\/th>\n<th colspan=\"2\">HAUTEUR (m)<\/th>\n<th colspan=\"2\">DIMENSIONS DU PLATEAU (m)<\/th>\n<\/tr>\n<tr>\n<td>Int\u00e9rieure<\/td>\n<td>Ext\u00e9rieure<\/td>\n<td>Int\u00e9rieure<\/td>\n<td>Ext\u00e9rieure<\/td>\n<td>Int\u00e9rieure<\/td>\n<td>Ext\u00e9rieure<\/td>\n<td>Int\u00e9rieure<\/td>\n<td>Ext\u00e9rieure<\/td>\n<\/tr>\n<tr>\n<td class=\"highlight color2\"><a title=\"Transport droit \u2013 JMS\" href=\"https:\/\/www.fautras.it\/fr\/les-produits\/fautras-equestre\/transport-droit-jms\/\">JMS<\/a><\/td>\n<td>650 \u00e0 840<\/td>\n<td>1050 \u00e0 2000<\/td>\n<td>3.08<\/td>\n<td>4.27<\/td>\n<td>1.27<\/td>\n<td>1.83<\/td>\n<td>2.25<\/td>\n<td>2.69<\/td>\n<td>&#8211;<\/td>\n<td>&#8211;<\/td>\n<\/tr>\n<tr>\n<td class=\"highlight color2\"><a title=\"Transport droit \u2013 JMS\" href=\"https:\/\/www.fautras.it\/fr\/les-produits\/fautras-equestre\/provan\/\">PROVAN<\/a><\/td>\n<td>750 \u00e0 940<\/td>\n<td>1300 \u00e0 2000<\/td>\n<td>3.00<\/td>\n<td>4.27<\/td>\n<td>1.63<\/td>\n<td>2.20<\/td>\n<td>2.25<\/td>\n<td>2.69<\/td>\n<td>&#8211;<\/td>\n<td>&#8211;<\/td>\n<\/tr>\n<tr>\n<td class=\"highlight color2\"><a title=\"Vans \u00e9questres \u2013 HORS S\u00c9RIES\" href=\"https:\/\/www.fautras.it\/fr\/les-produits\/fautras-equestre\/provan\/\">PROVAN Porte-cal\u00e8che<\/a><\/td>\n<td>950 \u00e0 1140<\/td>\n<td>2000 \u00e0 2600<\/td>\n<td>3.00<\/td>\n<td>5.5<\/td>\n<td>1.63<\/td>\n<td>2.20<\/td>\n<td>2.25<\/td>\n<td>2.71<\/td>\n<td>1.34<\/td>\n<td>1.93<\/td>\n<\/tr>\n<\/tbody>\n<\/table>\n<\/div>\n","protected":false},"excerpt":{"rendered":"<p>L\u00e9gende : en s\u00e9rie &#8211; en option &#8211; impossible<\/p>\n","protected":false},"author":3,"featured_media":0,"parent":136,"menu_order":0,"comment_status":"closed","ping_status":"closed","template":"","meta":{"footnotes":""},"_links":{"self":[{"href":"https:\/\/www.fautras.it\/fr\/wp-json\/wp\/v2\/pages\/275\/"}],"collection":[{"href":"https:\/\/www.fautras.it\/fr\/wp-json\/wp\/v2\/pages\/"}],"about":[{"href":"https:\/\/www.fautras.it\/fr\/wp-json\/wp\/v2\/types\/page\/"}],"author":[{"embeddable":true,"href":"https:\/\/www.fautras.it\/fr\/wp-json\/wp\/v2\/users\/3\/"}],"replies":[{"embeddable":true,"href":"https:\/\/www.fautras.it\/fr\/wp-json\/wp\/v2\/comments\/?post=275"}],"version-history":[{"count":0,"href":"https:\/\/www.fautras.it\/fr\/wp-json\/wp\/v2\/pages\/275\/revisions\/"}],"up":[{"embeddable":true,"href":"https:\/\/www.fautras.it\/fr\/wp-json\/wp\/v2\/pages\/136\/"}],"wp:attachment":[{"href":"https:\/\/www.fautras.it\/fr\/wp-json\/wp\/v2\/media\/?parent=275"}],"curies":[{"name":"wp","href":"https:\/\/api.w.org\/{rel}","templated":true}]}}