 {"id":254,"date":"2014-07-18T17:10:51","date_gmt":"2014-07-18T16:10:51","guid":{"rendered":"http:\/\/194.28.116.215\/~fautras\/?page_id=254"},"modified":"2018-11-09T16:49:16","modified_gmt":"2018-11-09T15:49:16","slug":"transport-diagonal-victorius","status":"publish","type":"page","link":"https:\/\/www.fautras.it\/fr\/les-produits\/fautras-equestre\/transport-diagonal-victorius\/","title":{"rendered":"Transport diagonal &#8211; VICTORIUS"},"content":{"rendered":"<div class=\"space\"><\/div>\n<h3 class=\"lined color1\">La gamme VICTORIUS en quelques mots<span><\/span><\/h3>\n<div class=\"row\">\n<div class=\"grid8\">\n<strong>Vans 2 et 3 places en diagonale avec rangements lat\u00e9raux.<\/strong> Ce mod\u00e8le, avec roues int\u00e9gr\u00e9es, permet d\u2019utiliser les espaces libres au-dessus des roues qui sont autant de rangement pour \u00e9quipements, mat\u00e9riel, granul\u00e9s, etc.<br \/>\nUn v\u00e9ritable plus pour les comp\u00e9titeurs ou randonneurs.<\/p>\n<p><a title=\"Equipements de s\u00e9rie pour vans VICTORIUS\" href=\"https:\/\/www.fautras.it\/fr\/les-produits\/fautras-equestre\/transport-diagonal-caracteristiques-techniques\/\">Equipements de s\u00e9rie :<\/a> baies coulissantes pour une a\u00e9ration optimis\u00e9e, protections lat\u00e9rales polypropyl\u00e8ne, roue de secours, lumi\u00e8re int\u00e9rieure et attaches int\u00e9rieures et ext\u00e9rieures.<\/p>\n<div id=\"attachment_261\" style=\"width: 583px\" class=\"wp-caption aligncenter\"><img loading=\"lazy\" decoding=\"async\" aria-describedby=\"caption-attachment-261\" class=\"wp-image-261 size-full\" src=\"http:\/\/www.fautras.it\/wp-content\/uploads\/2014\/07\/gamme-victorius.jpg\" alt=\"Mod\u00e8le pr\u00e9sent\u00e9 : VICTORIUS 2\" width=\"573\" height=\"325\" srcset=\"https:\/\/www.fautras.it\/wp-content\/uploads\/2014\/07\/gamme-victorius.jpg 573w, https:\/\/www.fautras.it\/wp-content\/uploads\/2014\/07\/gamme-victorius-300x170.jpg 300w, https:\/\/www.fautras.it\/wp-content\/uploads\/2014\/07\/gamme-victorius-571x323.jpg 571w, https:\/\/www.fautras.it\/wp-content\/uploads\/2014\/07\/gamme-victorius-371x210.jpg 371w, https:\/\/www.fautras.it\/wp-content\/uploads\/2014\/07\/gamme-victorius-271x153.jpg 271w\" sizes=\"(max-width: 573px) 100vw, 573px\" \/><p id=\"caption-attachment-261\" class=\"wp-caption-text\">Mod\u00e8le pr\u00e9sent\u00e9 : VICTORIUS 2<\/p><\/div>\n<\/div>\n<div class=\"grid4\"><a title=\"VICTORIUS Italiano\" href=\"http:\/\/www.fautras.it\/wp-content\/uploads\/2014\/10\/Victorius_it.pdf\" target=\"_blank\"><img loading=\"lazy\" decoding=\"async\" class=\"alignright size-full wp-image-1071\" src=\"http:\/\/www.fautras.it\/wp-content\/uploads\/2014\/07\/download-italiano.jpg\" alt=\"download-italiano\" width=\"23\" height=\"15\" \/><\/a><a title=\"VICTORIUS English\" href=\"http:\/\/www.fautras.it\/wp-content\/uploads\/2014\/10\/Victorius_en.pdf\" target=\"_blank\"><img loading=\"lazy\" decoding=\"async\" class=\"alignright size-full wp-image-1070\" src=\"http:\/\/www.fautras.it\/wp-content\/uploads\/2014\/07\/download-english.jpg\" alt=\"download-english\" width=\"25\" height=\"15\" \/><\/a><\/p>\n<div id=\"attachment_262\" style=\"width: 251px\" class=\"wp-caption aligncenter\"><img loading=\"lazy\" decoding=\"async\" aria-describedby=\"caption-attachment-262\" class=\"wp-image-262 size-full\" src=\"http:\/\/www.fautras.it\/wp-content\/uploads\/2014\/07\/victorius2.jpg\" alt=\"VICTORIUS 2\" width=\"241\" height=\"185\" \/><p id=\"caption-attachment-262\" class=\"wp-caption-text\">VICTORIUS 2<\/p><\/div>\n<div id=\"attachment_263\" style=\"width: 251px\" class=\"wp-caption aligncenter\"><img loading=\"lazy\" decoding=\"async\" aria-describedby=\"caption-attachment-263\" class=\"wp-image-263 size-full\" src=\"http:\/\/www.fautras.it\/wp-content\/uploads\/2014\/07\/victorius3.jpg\" alt=\"VICTORIUS 3\" width=\"241\" height=\"185\" \/><p id=\"caption-attachment-263\" class=\"wp-caption-text\">VICTORIUS 3<\/p><\/div>\n<\/div>\n<\/div>\n<div class=\"slidable\">\n<div class=\"slide\">\n<div class=\"boxgroup\">\n<div class=\"grid4\">\n<div class=\"box color2\">\n<h5 class=\" color1\">Disposition 2 chevaux<\/h5>\n<div id=\"attachment_264\" style=\"width: 237px\" class=\"wp-caption aligncenter\"><a href=\"http:\/\/www.fautras.it\/wp-content\/uploads\/2014\/07\/victorius-2-disposition.jpg\"><img loading=\"lazy\" decoding=\"async\" aria-describedby=\"caption-attachment-264\" class=\"wp-image-264\" src=\"http:\/\/www.fautras.it\/wp-content\/uploads\/2014\/07\/victorius-2-disposition-271x203.jpg\" alt=\"Sortie avant et entr\u00e9e arri\u00e8re\" width=\"227\" height=\"170\" srcset=\"https:\/\/www.fautras.it\/wp-content\/uploads\/2014\/07\/victorius-2-disposition-271x203.jpg 271w, https:\/\/www.fautras.it\/wp-content\/uploads\/2014\/07\/victorius-2-disposition-300x225.jpg 300w, https:\/\/www.fautras.it\/wp-content\/uploads\/2014\/07\/victorius-2-disposition-371x278.jpg 371w, https:\/\/www.fautras.it\/wp-content\/uploads\/2014\/07\/victorius-2-disposition.jpg 400w\" sizes=\"(max-width: 227px) 100vw, 227px\" \/><\/a><p id=\"caption-attachment-264\" class=\"wp-caption-text\">Sortie avant et entr\u00e9e arri\u00e8re<\/p><\/div>\n<\/div>\n<\/div>\n<div class=\"grid4\">\n<div class=\"box color2\">\n<h5 class=\" color1\">Disposition 3 chevaux<\/h5>\n<div id=\"attachment_265\" style=\"width: 237px\" class=\"wp-caption aligncenter\"><a href=\"http:\/\/www.fautras.it\/wp-content\/uploads\/2014\/07\/victorius-3-disposition.jpg\"><img loading=\"lazy\" decoding=\"async\" aria-describedby=\"caption-attachment-265\" class=\"wp-image-265\" src=\"http:\/\/www.fautras.it\/wp-content\/uploads\/2014\/07\/victorius-3-disposition-271x203.jpg\" alt=\"Sortie avant et entr\u00e9e arri\u00e8re\" width=\"227\" height=\"170\" srcset=\"https:\/\/www.fautras.it\/wp-content\/uploads\/2014\/07\/victorius-3-disposition-271x203.jpg 271w, https:\/\/www.fautras.it\/wp-content\/uploads\/2014\/07\/victorius-3-disposition-300x225.jpg 300w, https:\/\/www.fautras.it\/wp-content\/uploads\/2014\/07\/victorius-3-disposition-371x278.jpg 371w, https:\/\/www.fautras.it\/wp-content\/uploads\/2014\/07\/victorius-3-disposition.jpg 400w\" sizes=\"(max-width: 227px) 100vw, 227px\" \/><\/a><p id=\"caption-attachment-265\" class=\"wp-caption-text\">Sortie avant et entr\u00e9e arri\u00e8re<\/p><\/div>\n<\/div>\n<\/div>\n<div class=\"grid4\">\n<div class=\"box color2\">\n<h5 class=\" color1\">Arceaux &#8211; Garanti 8 ans<\/h5>\n<div id=\"attachment_200\" style=\"width: 237px\" class=\"wp-caption aligncenter\"><a href=\"http:\/\/www.fautras.it\/wp-content\/uploads\/2014\/07\/structure-provan.jpg\"><img loading=\"lazy\" decoding=\"async\" aria-describedby=\"caption-attachment-200\" class=\"wp-image-200\" src=\"http:\/\/www.fautras.it\/wp-content\/uploads\/2014\/07\/structure-provan-271x203.jpg\" alt=\"Arceaux de s\u00e9curit\u00e9 int\u00e9gr\u00e9s\" width=\"227\" height=\"170\" srcset=\"https:\/\/www.fautras.it\/wp-content\/uploads\/2014\/07\/structure-provan-271x203.jpg 271w, https:\/\/www.fautras.it\/wp-content\/uploads\/2014\/07\/structure-provan-300x225.jpg 300w, https:\/\/www.fautras.it\/wp-content\/uploads\/2014\/07\/structure-provan-371x278.jpg 371w, https:\/\/www.fautras.it\/wp-content\/uploads\/2014\/07\/structure-provan.jpg 400w\" sizes=\"(max-width: 227px) 100vw, 227px\" \/><\/a><p id=\"caption-attachment-200\" class=\"wp-caption-text\">Arceaux de s\u00e9curit\u00e9 int\u00e9gr\u00e9s<\/p><\/div>\n<\/div>\n<\/div>\n<\/div>\n<\/div>\n<div class=\"slide\">\n<div class=\"boxgroup\">\n<div class=\"grid4\">\n<div class=\"box\">\n<h5 class=\" color1\">Plancher garanti \u00e0 vie<\/h5>\n<div id=\"attachment_198\" style=\"width: 237px\" class=\"wp-caption aligncenter\"><a href=\"http:\/\/www.fautras.it\/wp-content\/uploads\/2014\/07\/plancher_polyethylene.jpg\"><img loading=\"lazy\" decoding=\"async\" aria-describedby=\"caption-attachment-198\" class=\"wp-image-198\" src=\"http:\/\/www.fautras.it\/wp-content\/uploads\/2014\/07\/plancher_polyethylene-271x203.jpg\" alt=\"Plancher poly\u00e9thyl\u00e8ne imputrescible et antibruit\" width=\"227\" height=\"170\" srcset=\"https:\/\/www.fautras.it\/wp-content\/uploads\/2014\/07\/plancher_polyethylene-271x203.jpg 271w, https:\/\/www.fautras.it\/wp-content\/uploads\/2014\/07\/plancher_polyethylene-300x225.jpg 300w, https:\/\/www.fautras.it\/wp-content\/uploads\/2014\/07\/plancher_polyethylene-371x278.jpg 371w, https:\/\/www.fautras.it\/wp-content\/uploads\/2014\/07\/plancher_polyethylene.jpg 400w\" sizes=\"(max-width: 227px) 100vw, 227px\" \/><\/a><p id=\"caption-attachment-198\" class=\"wp-caption-text\">Plancher poly\u00e9thyl\u00e8ne imputrescible et antibruit<\/p><\/div>\n<\/div>\n<\/div>\n<div class=\"grid4\">\n<div class=\"box\">\n<h5 class=\" color1\">S\u00e9parations<\/h5>\n<div id=\"attachment_251\" style=\"width: 236px\" class=\"wp-caption aligncenter\"><a href=\"http:\/\/www.fautras.it\/wp-content\/uploads\/2014\/07\/separations-demontables.jpg\"><img loading=\"lazy\" decoding=\"async\" aria-describedby=\"caption-attachment-251\" class=\"wp-image-251\" src=\"http:\/\/www.fautras.it\/wp-content\/uploads\/2014\/07\/separations-demontables.jpg\" alt=\"S\u00e9paration(s) de corps souple en 2 parties, d\u00e9montables, r\u00e9glables, coulissantes et autobloquantes.\" width=\"226\" height=\"170\" srcset=\"https:\/\/www.fautras.it\/wp-content\/uploads\/2014\/07\/separations-demontables.jpg 333w, https:\/\/www.fautras.it\/wp-content\/uploads\/2014\/07\/separations-demontables-300x225.jpg 300w, https:\/\/www.fautras.it\/wp-content\/uploads\/2014\/07\/separations-demontables-271x203.jpg 271w\" sizes=\"(max-width: 226px) 100vw, 226px\" \/><\/a><p id=\"caption-attachment-251\" class=\"wp-caption-text\">S\u00e9paration(s) de corps souple en 2 parties, d\u00e9montables, r\u00e9glables, coulissantes et autobloquantes.<\/p><\/div>\n<\/div>\n<\/div>\n<div class=\"grid4\">\n<div class=\"box\">\n<h5 class=\" color1\">Rangements lat\u00e9raux<\/h5>\n<div id=\"attachment_267\" style=\"width: 237px\" class=\"wp-caption aligncenter\"><a href=\"http:\/\/www.fautras.it\/wp-content\/uploads\/2014\/07\/rangements-lateraux.jpg\"><img loading=\"lazy\" decoding=\"async\" aria-describedby=\"caption-attachment-267\" class=\"wp-image-267\" src=\"http:\/\/www.fautras.it\/wp-content\/uploads\/2014\/07\/rangements-lateraux-271x203.jpg\" alt=\"Les espaces de rangements lat\u00e9raux, gr\u00e2ce aux roues int\u00e9gr\u00e9es, permettent un transport ais\u00e9 du mat\u00e9riel.\" width=\"227\" height=\"170\" srcset=\"https:\/\/www.fautras.it\/wp-content\/uploads\/2014\/07\/rangements-lateraux-271x203.jpg 271w, https:\/\/www.fautras.it\/wp-content\/uploads\/2014\/07\/rangements-lateraux-300x225.jpg 300w, https:\/\/www.fautras.it\/wp-content\/uploads\/2014\/07\/rangements-lateraux-371x278.jpg 371w, https:\/\/www.fautras.it\/wp-content\/uploads\/2014\/07\/rangements-lateraux.jpg 400w\" sizes=\"(max-width: 227px) 100vw, 227px\" \/><\/a><p id=\"caption-attachment-267\" class=\"wp-caption-text\">Les espaces de rangements lat\u00e9raux, gr\u00e2ce aux roues int\u00e9gr\u00e9es, permettent un transport ais\u00e9 du mat\u00e9riel. Grande sellerie<\/p><\/div>\n<\/div>\n<\/div>\n<\/div>\n<\/div>\n<div class=\"slide\">\n<div class=\"boxgroup\">\n<div class=\"grid4\">\n<div class=\"box\">\n<h5 class=\" color1\">Ouverture Estivale<\/h5>\n<div id=\"attachment_266\" style=\"width: 237px\" class=\"wp-caption aligncenter\"><a href=\"http:\/\/www.fautras.it\/wp-content\/uploads\/2014\/07\/ouverture-estivale-victorius.jpg\"><img loading=\"lazy\" decoding=\"async\" aria-describedby=\"caption-attachment-266\" class=\"wp-image-266\" src=\"http:\/\/www.fautras.it\/wp-content\/uploads\/2014\/07\/ouverture-estivale-victorius-271x203.jpg\" alt=\"Ouverture Estivale donnant acc\u00e8s \u00e0 la t\u00eate des chevaux et aux mangeoires int\u00e9gr\u00e9es.\" width=\"227\" height=\"170\" srcset=\"https:\/\/www.fautras.it\/wp-content\/uploads\/2014\/07\/ouverture-estivale-victorius-271x203.jpg 271w, https:\/\/www.fautras.it\/wp-content\/uploads\/2014\/07\/ouverture-estivale-victorius-300x225.jpg 300w, https:\/\/www.fautras.it\/wp-content\/uploads\/2014\/07\/ouverture-estivale-victorius-371x278.jpg 371w, https:\/\/www.fautras.it\/wp-content\/uploads\/2014\/07\/ouverture-estivale-victorius.jpg 400w\" sizes=\"(max-width: 227px) 100vw, 227px\" \/><\/a><p id=\"caption-attachment-266\" class=\"wp-caption-text\">Ouverture Estivale donnant acc\u00e8s \u00e0 la t\u00eate des chevaux et aux mangeoires int\u00e9gr\u00e9es.<\/p><\/div>\n<\/div>\n<\/div>\n<div class=\"grid4\">\n<div class=\"box color2\">\n<h5 class=\" color1\">Ouverture FAUTRAS<\/h5>\n<div id=\"attachment_248\" style=\"width: 237px\" class=\"wp-caption aligncenter\"><a href=\"http:\/\/www.fautras.it\/wp-content\/uploads\/2014\/07\/ouverture-arriere.jpg\"><img loading=\"lazy\" decoding=\"async\" aria-describedby=\"caption-attachment-248\" class=\"wp-image-248\" src=\"http:\/\/www.fautras.it\/wp-content\/uploads\/2014\/07\/ouverture-arriere.jpg\" alt=\"2 portes arri\u00e8re qui canalisent les chevaux avec Plancher Progressif\u2122 pour un embarquement facile.\" width=\"227\" height=\"170\" srcset=\"https:\/\/www.fautras.it\/wp-content\/uploads\/2014\/07\/ouverture-arriere.jpg 400w, https:\/\/www.fautras.it\/wp-content\/uploads\/2014\/07\/ouverture-arriere-300x225.jpg 300w, https:\/\/www.fautras.it\/wp-content\/uploads\/2014\/07\/ouverture-arriere-371x278.jpg 371w, https:\/\/www.fautras.it\/wp-content\/uploads\/2014\/07\/ouverture-arriere-271x203.jpg 271w\" sizes=\"(max-width: 227px) 100vw, 227px\" \/><\/a><p id=\"caption-attachment-248\" class=\"wp-caption-text\">2 portes arri\u00e8re qui canalisent les chevaux avec Plancher Progressif\u2122 pour un embarquement facile.<\/p><\/div>\n<\/div>\n<\/div>\n<div class=\"grid4\">\n<div class=\"box color2\">\n<h5 class=\" color1\">Grande sortie avant<\/h5>\n<div id=\"attachment_247\" style=\"width: 237px\" class=\"wp-caption aligncenter\"><a href=\"http:\/\/www.fautras.it\/wp-content\/uploads\/2014\/07\/sortie-avant.jpg\"><img loading=\"lazy\" decoding=\"async\" aria-describedby=\"caption-attachment-247\" class=\"wp-image-247\" src=\"http:\/\/www.fautras.it\/wp-content\/uploads\/2014\/07\/sortie-avant.jpg\" alt=\"\u2022 Un d\u00e9barquement en avan\u00e7ant \u2022 Un acc\u00e8s facile aux chevaux \u2022 Une bonne a\u00e9ration \u00e0 l\u2019arr\u00eat\" width=\"227\" height=\"170\" srcset=\"https:\/\/www.fautras.it\/wp-content\/uploads\/2014\/07\/sortie-avant.jpg 400w, https:\/\/www.fautras.it\/wp-content\/uploads\/2014\/07\/sortie-avant-300x225.jpg 300w, https:\/\/www.fautras.it\/wp-content\/uploads\/2014\/07\/sortie-avant-371x278.jpg 371w, https:\/\/www.fautras.it\/wp-content\/uploads\/2014\/07\/sortie-avant-271x203.jpg 271w\" sizes=\"(max-width: 227px) 100vw, 227px\" \/><\/a><p id=\"caption-attachment-247\" class=\"wp-caption-text\">\u2022 Un d\u00e9barquement en avan\u00e7ant \u2022 Un acc\u00e8s facile aux chevaux \u2022 Une bonne a\u00e9ration \u00e0 l\u2019arr\u00eat<\/p><\/div>\n<\/div>\n<\/div>\n<\/div>\n<\/div>\n<\/div>\n","protected":false},"excerpt":{"rendered":"","protected":false},"author":3,"featured_media":0,"parent":136,"menu_order":0,"comment_status":"closed","ping_status":"closed","template":"","meta":{"footnotes":""},"_links":{"self":[{"href":"https:\/\/www.fautras.it\/fr\/wp-json\/wp\/v2\/pages\/254\/"}],"collection":[{"href":"https:\/\/www.fautras.it\/fr\/wp-json\/wp\/v2\/pages\/"}],"about":[{"href":"https:\/\/www.fautras.it\/fr\/wp-json\/wp\/v2\/types\/page\/"}],"author":[{"embeddable":true,"href":"https:\/\/www.fautras.it\/fr\/wp-json\/wp\/v2\/users\/3\/"}],"replies":[{"embeddable":true,"href":"https:\/\/www.fautras.it\/fr\/wp-json\/wp\/v2\/comments\/?post=254"}],"version-history":[{"count":0,"href":"https:\/\/www.fautras.it\/fr\/wp-json\/wp\/v2\/pages\/254\/revisions\/"}],"up":[{"embeddable":true,"href":"https:\/\/www.fautras.it\/fr\/wp-json\/wp\/v2\/pages\/136\/"}],"wp:attachment":[{"href":"https:\/\/www.fautras.it\/fr\/wp-json\/wp\/v2\/media\/?parent=254"}],"curies":[{"name":"wp","href":"https:\/\/api.w.org\/{rel}","templated":true}]}}