 {"id":230,"date":"2014-07-18T16:02:08","date_gmt":"2014-07-18T15:02:08","guid":{"rendered":"http:\/\/194.28.116.215\/~fautras\/?page_id=230"},"modified":"2018-11-09T16:48:34","modified_gmt":"2018-11-09T15:48:34","slug":"transport-diagonal-oblic","status":"publish","type":"page","link":"https:\/\/www.fautras.it\/fr\/les-produits\/fautras-equestre\/transport-diagonal-oblic\/","title":{"rendered":"Transport diagonal &#8211; OBLIC+"},"content":{"rendered":"<div class=\"space\"><\/div>\n<h3 class=\"lined color1\">La gamme OBLIC+ en quelques mots<span><\/span><\/h3>\n<div class=\"row\">\n<div class=\"grid8\">\n<strong>Vans 2, 3 ou 4 places avec transport en diagonale.<\/strong> Plus large, l\u2019OBLIC+ offre plus de confort. La position des chevaux, t\u00eate \u00e0 gauche, facilite leur manipulation.<\/p>\n<p>La s\u00e9paration avant, articul\u00e9e, permet de sortir chaque cheval par l\u2019avant.<br \/>\n<a title=\"Equipements de s\u00e9rie pour vans OBLIC+\" href=\"https:\/\/www.fautras.it\/fr\/les-produits\/fautras-equestre\/transport-diagonal-oblic\/\">Equipements de s\u00e9rie :<\/a> baies coulissantes pour une a\u00e9ration optimis\u00e9e, protections lat\u00e9rales polypropyl\u00e8ne, roue de secours, lumi\u00e8re int\u00e9rieure et attaches int\u00e9rieures et ext\u00e9rieures.<\/p>\n<div id=\"attachment_235\" style=\"width: 583px\" class=\"wp-caption aligncenter\"><img loading=\"lazy\" decoding=\"async\" aria-describedby=\"caption-attachment-235\" class=\"wp-image-235 size-full\" src=\"http:\/\/www.fautras.it\/wp-content\/uploads\/2014\/07\/gamme_oblic.jpg\" alt=\"Mod\u00e8le pr\u00e9sent\u00e9 : OBLIC+4 avec option Ouverture Estivale\" width=\"573\" height=\"325\" srcset=\"https:\/\/www.fautras.it\/wp-content\/uploads\/2014\/07\/gamme_oblic.jpg 573w, https:\/\/www.fautras.it\/wp-content\/uploads\/2014\/07\/gamme_oblic-300x170.jpg 300w, https:\/\/www.fautras.it\/wp-content\/uploads\/2014\/07\/gamme_oblic-571x323.jpg 571w, https:\/\/www.fautras.it\/wp-content\/uploads\/2014\/07\/gamme_oblic-371x210.jpg 371w, https:\/\/www.fautras.it\/wp-content\/uploads\/2014\/07\/gamme_oblic-271x153.jpg 271w\" sizes=\"(max-width: 573px) 100vw, 573px\" \/><p id=\"caption-attachment-235\" class=\"wp-caption-text\">Mod\u00e8le pr\u00e9sent\u00e9 : OBLIC+4 avec option Ouverture Estivale<\/p><\/div>\n<p><iframe loading=\"lazy\" width=\"1170\" height=\"878\" src=\"https:\/\/www.youtube.com\/embed\/zYhYRD-Xmj8?feature=oembed\" frameborder=\"0\" allow=\"accelerometer; autoplay; encrypted-media; gyroscope; picture-in-picture\" allowfullscreen><\/iframe><\/p>\n<\/div>\n<div class=\"grid4\"><a title=\"OBLIC English\" href=\"http:\/\/www.fautras.it\/wp-content\/uploads\/2014\/10\/Oblic_en.pdf\" target=\"_blank\"><img loading=\"lazy\" decoding=\"async\" class=\"alignright wp-image-1070 size-full\" src=\"http:\/\/www.fautras.it\/wp-content\/uploads\/2014\/07\/download-english.jpg\" alt=\"download-english\" width=\"25\" height=\"15\" \/> <\/a><a title=\"OBLIC Italiano\" href=\"http:\/\/www.fautras.it\/wp-content\/uploads\/2014\/10\/Oblic_it.pdf\" target=\"_blank\"><img loading=\"lazy\" decoding=\"async\" class=\"alignright wp-image-1071 size-full\" src=\"http:\/\/www.fautras.it\/wp-content\/uploads\/2014\/07\/download-italiano.jpg\" alt=\"download-italiano\" width=\"23\" height=\"15\" \/><\/a><\/p>\n<div id=\"attachment_237\" style=\"width: 251px\" class=\"wp-caption aligncenter\"><img loading=\"lazy\" decoding=\"async\" aria-describedby=\"caption-attachment-237\" class=\"wp-image-237 size-full\" src=\"http:\/\/www.fautras.it\/wp-content\/uploads\/2014\/07\/oblic-plus2.jpg\" alt=\"OBLIC+2\" width=\"241\" height=\"185\" \/><p id=\"caption-attachment-237\" class=\"wp-caption-text\">OBLIC+2<\/p><\/div>\n<div id=\"attachment_238\" style=\"width: 251px\" class=\"wp-caption aligncenter\"><img loading=\"lazy\" decoding=\"async\" aria-describedby=\"caption-attachment-238\" class=\"wp-image-238 size-full\" src=\"http:\/\/www.fautras.it\/wp-content\/uploads\/2014\/07\/oblic-plus3.jpg\" alt=\"OBLIC+3\" width=\"241\" height=\"185\" \/><p id=\"caption-attachment-238\" class=\"wp-caption-text\">OBLIC+3<\/p><\/div>\n<div id=\"attachment_239\" style=\"width: 251px\" class=\"wp-caption aligncenter\"><img loading=\"lazy\" decoding=\"async\" aria-describedby=\"caption-attachment-239\" class=\"wp-image-239 size-full\" src=\"http:\/\/www.fautras.it\/wp-content\/uploads\/2014\/07\/oblic-plus4.jpg\" alt=\"OBLIC+4\" width=\"241\" height=\"185\" \/><p id=\"caption-attachment-239\" class=\"wp-caption-text\">OBLIC+4<\/p><\/div>\n<\/div>\n<\/div>\n<div class=\"slidable\">\n<div class=\"slide\">\n<div class=\"boxgroup\">\n<div class=\"grid4\">\n<div class=\"box color2\">\n<h5 class=\" color1\">Disposition 2 chevaux<\/h5>\n<div id=\"attachment_243\" style=\"width: 237px\" class=\"wp-caption aligncenter\"><a href=\"http:\/\/www.fautras.it\/wp-content\/uploads\/2014\/07\/oblic-2-disposition.jpg\"><img loading=\"lazy\" decoding=\"async\" aria-describedby=\"caption-attachment-243\" class=\"wp-image-243\" src=\"http:\/\/www.fautras.it\/wp-content\/uploads\/2014\/07\/oblic-2-disposition-271x203.jpg\" alt=\"OBLIC+2\" width=\"227\" height=\"170\" srcset=\"https:\/\/www.fautras.it\/wp-content\/uploads\/2014\/07\/oblic-2-disposition-271x203.jpg 271w, https:\/\/www.fautras.it\/wp-content\/uploads\/2014\/07\/oblic-2-disposition-300x225.jpg 300w, https:\/\/www.fautras.it\/wp-content\/uploads\/2014\/07\/oblic-2-disposition-371x278.jpg 371w, https:\/\/www.fautras.it\/wp-content\/uploads\/2014\/07\/oblic-2-disposition.jpg 400w\" sizes=\"(max-width: 227px) 100vw, 227px\" \/><\/a><p id=\"caption-attachment-243\" class=\"wp-caption-text\">OBLIC+2<\/p><\/div>\n<\/div>\n<\/div>\n<div class=\"grid4\">\n<div class=\"box color2\">\n<h5 class=\" color1\">Disposition 3 chevaux<\/h5>\n<div id=\"attachment_244\" style=\"width: 237px\" class=\"wp-caption aligncenter\"><a href=\"http:\/\/www.fautras.it\/wp-content\/uploads\/2014\/07\/oblic-3-disposition.jpg\"><img loading=\"lazy\" decoding=\"async\" aria-describedby=\"caption-attachment-244\" class=\"wp-image-244\" src=\"http:\/\/www.fautras.it\/wp-content\/uploads\/2014\/07\/oblic-3-disposition.jpg\" alt=\"OBLIC+3\" width=\"227\" height=\"170\" srcset=\"https:\/\/www.fautras.it\/wp-content\/uploads\/2014\/07\/oblic-3-disposition.jpg 400w, https:\/\/www.fautras.it\/wp-content\/uploads\/2014\/07\/oblic-3-disposition-300x225.jpg 300w, https:\/\/www.fautras.it\/wp-content\/uploads\/2014\/07\/oblic-3-disposition-371x278.jpg 371w, https:\/\/www.fautras.it\/wp-content\/uploads\/2014\/07\/oblic-3-disposition-271x203.jpg 271w\" sizes=\"(max-width: 227px) 100vw, 227px\" \/><\/a><p id=\"caption-attachment-244\" class=\"wp-caption-text\">OBLIC+3<\/p><\/div>\n<\/div>\n<\/div>\n<div class=\"grid4\">\n<div class=\"box color2\">\n<h5 class=\" color1\">Disposition 4 chevaux<\/h5>\n<div id=\"attachment_245\" style=\"width: 237px\" class=\"wp-caption aligncenter\"><a href=\"http:\/\/www.fautras.it\/wp-content\/uploads\/2014\/07\/oblic-4-disposition.jpg\"><img loading=\"lazy\" decoding=\"async\" aria-describedby=\"caption-attachment-245\" class=\"wp-image-245\" src=\"http:\/\/www.fautras.it\/wp-content\/uploads\/2014\/07\/oblic-4-disposition.jpg\" alt=\"OBLIC+4\" width=\"227\" height=\"170\" srcset=\"https:\/\/www.fautras.it\/wp-content\/uploads\/2014\/07\/oblic-4-disposition.jpg 400w, https:\/\/www.fautras.it\/wp-content\/uploads\/2014\/07\/oblic-4-disposition-300x225.jpg 300w, https:\/\/www.fautras.it\/wp-content\/uploads\/2014\/07\/oblic-4-disposition-371x278.jpg 371w, https:\/\/www.fautras.it\/wp-content\/uploads\/2014\/07\/oblic-4-disposition-271x203.jpg 271w\" sizes=\"(max-width: 227px) 100vw, 227px\" \/><\/a><p id=\"caption-attachment-245\" class=\"wp-caption-text\">OBLIC+4<\/p><\/div>\n<\/div>\n<\/div>\n<\/div>\n<\/div>\n<div class=\"slide\">\n<div class=\"boxgroup\">\n<div class=\"grid4\">\n<div class=\"box color2\">\n<h5 class=\" color1\">Arceaux &#8211; Garanti 8 ans<\/h5>\n<div id=\"attachment_200\" style=\"width: 237px\" class=\"wp-caption aligncenter\"><a href=\"http:\/\/www.fautras.it\/wp-content\/uploads\/2014\/07\/structure-provan.jpg\"><img loading=\"lazy\" decoding=\"async\" aria-describedby=\"caption-attachment-200\" class=\"wp-image-200\" src=\"http:\/\/www.fautras.it\/wp-content\/uploads\/2014\/07\/structure-provan-271x203.jpg\" alt=\"Arceaux de s\u00e9curit\u00e9 int\u00e9gr\u00e9s\" width=\"227\" height=\"170\" srcset=\"https:\/\/www.fautras.it\/wp-content\/uploads\/2014\/07\/structure-provan-271x203.jpg 271w, https:\/\/www.fautras.it\/wp-content\/uploads\/2014\/07\/structure-provan-300x225.jpg 300w, https:\/\/www.fautras.it\/wp-content\/uploads\/2014\/07\/structure-provan-371x278.jpg 371w, https:\/\/www.fautras.it\/wp-content\/uploads\/2014\/07\/structure-provan.jpg 400w\" sizes=\"(max-width: 227px) 100vw, 227px\" \/><\/a><p id=\"caption-attachment-200\" class=\"wp-caption-text\">Arceaux de s\u00e9curit\u00e9 int\u00e9gr\u00e9s<\/p><\/div>\n<\/div>\n<\/div>\n<div class=\"grid4\">\n<div class=\"box color2\">\n<h5 class=\" color1\">Syst\u00e8me autobloquant<\/h5>\n<div id=\"attachment_246\" style=\"width: 237px\" class=\"wp-caption aligncenter\"><a href=\"http:\/\/www.fautras.it\/wp-content\/uploads\/2014\/07\/autobloquant.jpg\"><img loading=\"lazy\" decoding=\"async\" aria-describedby=\"caption-attachment-246\" class=\"wp-image-246\" src=\"http:\/\/www.fautras.it\/wp-content\/uploads\/2014\/07\/autobloquant.jpg\" alt=\" Syst\u00e8me autobloquant  facilitant la manipulation des s\u00e9parations.\" width=\"227\" height=\"170\" srcset=\"https:\/\/www.fautras.it\/wp-content\/uploads\/2014\/07\/autobloquant.jpg 400w, https:\/\/www.fautras.it\/wp-content\/uploads\/2014\/07\/autobloquant-300x225.jpg 300w, https:\/\/www.fautras.it\/wp-content\/uploads\/2014\/07\/autobloquant-371x278.jpg 371w, https:\/\/www.fautras.it\/wp-content\/uploads\/2014\/07\/autobloquant-271x203.jpg 271w\" sizes=\"(max-width: 227px) 100vw, 227px\" \/><\/a><p id=\"caption-attachment-246\" class=\"wp-caption-text\">Syst\u00e8me autobloquant facilitant la manipulation des s\u00e9parations.<\/p><\/div>\n<\/div>\n<\/div>\n<div class=\"grid4\">\n<div class=\"box\">\n<h5 class=\" color1\">Plancher garanti \u00e0 vie<\/h5>\n<div id=\"attachment_198\" style=\"width: 237px\" class=\"wp-caption aligncenter\"><a href=\"http:\/\/www.fautras.it\/wp-content\/uploads\/2014\/07\/plancher_polyethylene.jpg\"><img loading=\"lazy\" decoding=\"async\" aria-describedby=\"caption-attachment-198\" class=\"wp-image-198\" src=\"http:\/\/www.fautras.it\/wp-content\/uploads\/2014\/07\/plancher_polyethylene-271x203.jpg\" alt=\"Plancher poly\u00e9thyl\u00e8ne imputrescible et antibruit\" width=\"227\" height=\"170\" srcset=\"https:\/\/www.fautras.it\/wp-content\/uploads\/2014\/07\/plancher_polyethylene-271x203.jpg 271w, https:\/\/www.fautras.it\/wp-content\/uploads\/2014\/07\/plancher_polyethylene-300x225.jpg 300w, https:\/\/www.fautras.it\/wp-content\/uploads\/2014\/07\/plancher_polyethylene-371x278.jpg 371w, https:\/\/www.fautras.it\/wp-content\/uploads\/2014\/07\/plancher_polyethylene.jpg 400w\" sizes=\"(max-width: 227px) 100vw, 227px\" \/><\/a><p id=\"caption-attachment-198\" class=\"wp-caption-text\">Plancher poly\u00e9thyl\u00e8ne imputrescible et antibruit<\/p><\/div>\n<\/div>\n<\/div>\n<\/div>\n<\/div>\n<div class=\"slide\">\n<div class=\"boxgroup\">\n<div class=\"grid4\">\n<div class=\"box\">\n<h5 class=\" color1\">Grande sortie avant<\/h5>\n<div id=\"attachment_247\" style=\"width: 237px\" class=\"wp-caption aligncenter\"><a href=\"http:\/\/www.fautras.it\/wp-content\/uploads\/2014\/07\/sortie-avant.jpg\"><img loading=\"lazy\" decoding=\"async\" aria-describedby=\"caption-attachment-247\" class=\"wp-image-247\" src=\"http:\/\/www.fautras.it\/wp-content\/uploads\/2014\/07\/sortie-avant.jpg\" alt=\"\u2022 Un d\u00e9barquement en avan\u00e7ant \u2022 Un acc\u00e8s facile aux chevaux \u2022 Une bonne a\u00e9ration \u00e0 l\u2019arr\u00eat\" width=\"227\" height=\"170\" srcset=\"https:\/\/www.fautras.it\/wp-content\/uploads\/2014\/07\/sortie-avant.jpg 400w, https:\/\/www.fautras.it\/wp-content\/uploads\/2014\/07\/sortie-avant-300x225.jpg 300w, https:\/\/www.fautras.it\/wp-content\/uploads\/2014\/07\/sortie-avant-371x278.jpg 371w, https:\/\/www.fautras.it\/wp-content\/uploads\/2014\/07\/sortie-avant-271x203.jpg 271w\" sizes=\"(max-width: 227px) 100vw, 227px\" \/><\/a><p id=\"caption-attachment-247\" class=\"wp-caption-text\">\u2022 Un d\u00e9barquement en avan\u00e7ant \u2022 Un acc\u00e8s facile aux chevaux \u2022 Une bonne a\u00e9ration \u00e0 l\u2019arr\u00eat<\/p><\/div>\n<\/div>\n<\/div>\n<div class=\"grid4\">\n<div class=\"box color2\">\n<h5 class=\" color1\">Ouverture FAUTRAS<\/h5>\n<div id=\"attachment_248\" style=\"width: 237px\" class=\"wp-caption aligncenter\"><a href=\"http:\/\/www.fautras.it\/wp-content\/uploads\/2014\/07\/ouverture-arriere.jpg\"><img loading=\"lazy\" decoding=\"async\" aria-describedby=\"caption-attachment-248\" class=\"wp-image-248\" src=\"http:\/\/www.fautras.it\/wp-content\/uploads\/2014\/07\/ouverture-arriere.jpg\" alt=\"2 portes arri\u00e8re qui canalisent les chevaux avec Plancher Progressif\u2122 pour un embarquement facile.\" width=\"227\" height=\"170\" srcset=\"https:\/\/www.fautras.it\/wp-content\/uploads\/2014\/07\/ouverture-arriere.jpg 400w, https:\/\/www.fautras.it\/wp-content\/uploads\/2014\/07\/ouverture-arriere-300x225.jpg 300w, https:\/\/www.fautras.it\/wp-content\/uploads\/2014\/07\/ouverture-arriere-371x278.jpg 371w, https:\/\/www.fautras.it\/wp-content\/uploads\/2014\/07\/ouverture-arriere-271x203.jpg 271w\" sizes=\"(max-width: 227px) 100vw, 227px\" \/><\/a><p id=\"caption-attachment-248\" class=\"wp-caption-text\">2 portes arri\u00e8re qui canalisent les chevaux avec Plancher Progressif\u2122 pour un embarquement facile.<\/p><\/div>\n<\/div>\n<\/div>\n<div class=\"grid4\">\n<div class=\"box color2\">\n<h5 class=\" color1\">Sellerie<\/h5>\n<div id=\"attachment_249\" style=\"width: 237px\" class=\"wp-caption aligncenter\"><a href=\"http:\/\/www.fautras.it\/wp-content\/uploads\/2014\/07\/sellerie-avant.jpg\"><img loading=\"lazy\" decoding=\"async\" aria-describedby=\"caption-attachment-249\" class=\"wp-image-249\" src=\"http:\/\/www.fautras.it\/wp-content\/uploads\/2014\/07\/sellerie-avant.jpg\" alt=\"Grande sellerie avant : un espace de rangement spacieux pour le mat\u00e9riel.\" width=\"227\" height=\"170\" srcset=\"https:\/\/www.fautras.it\/wp-content\/uploads\/2014\/07\/sellerie-avant.jpg 400w, https:\/\/www.fautras.it\/wp-content\/uploads\/2014\/07\/sellerie-avant-300x225.jpg 300w, https:\/\/www.fautras.it\/wp-content\/uploads\/2014\/07\/sellerie-avant-371x278.jpg 371w, https:\/\/www.fautras.it\/wp-content\/uploads\/2014\/07\/sellerie-avant-271x203.jpg 271w\" sizes=\"(max-width: 227px) 100vw, 227px\" \/><\/a><p id=\"caption-attachment-249\" class=\"wp-caption-text\">Grande sellerie avant : un espace de rangement spacieux pour le mat\u00e9riel.<\/p><\/div>\n<\/div>\n<\/div>\n<\/div>\n<\/div>\n<div class=\"slide\">\n<div class=\"boxgroup\">\n<div class=\"grid4\">\n<div class=\"box color2\">\n<h5 class=\" color1\">Ouverture Estivale<\/h5>\n<div id=\"attachment_250\" style=\"width: 237px\" class=\"wp-caption aligncenter\"><a href=\"http:\/\/www.fautras.it\/wp-content\/uploads\/2014\/07\/ouverture-estivale.jpg\"><img loading=\"lazy\" decoding=\"async\" aria-describedby=\"caption-attachment-250\" class=\"wp-image-250\" src=\"http:\/\/www.fautras.it\/wp-content\/uploads\/2014\/07\/ouverture-estivale.jpg\" alt=\"Auvent lat\u00e9ral donnant acc\u00e8s \u00e0 la t\u00eate des chevaux (en option).\" width=\"227\" height=\"170\" srcset=\"https:\/\/www.fautras.it\/wp-content\/uploads\/2014\/07\/ouverture-estivale.jpg 400w, https:\/\/www.fautras.it\/wp-content\/uploads\/2014\/07\/ouverture-estivale-300x225.jpg 300w, https:\/\/www.fautras.it\/wp-content\/uploads\/2014\/07\/ouverture-estivale-371x278.jpg 371w, https:\/\/www.fautras.it\/wp-content\/uploads\/2014\/07\/ouverture-estivale-271x203.jpg 271w\" sizes=\"(max-width: 227px) 100vw, 227px\" \/><\/a><p id=\"caption-attachment-250\" class=\"wp-caption-text\">Auvent lat\u00e9ral donnant acc\u00e8s \u00e0 la t\u00eate des chevaux (en option).<\/p><\/div>\n<\/div>\n<\/div>\n<div class=\"grid4\">\n<div class=\"box\">\n<h5 class=\" color1\">S\u00e9parations<\/h5>\n<div id=\"attachment_251\" style=\"width: 236px\" class=\"wp-caption aligncenter\"><a href=\"http:\/\/www.fautras.it\/wp-content\/uploads\/2014\/07\/separations-demontables.jpg\"><img loading=\"lazy\" decoding=\"async\" aria-describedby=\"caption-attachment-251\" class=\"wp-image-251\" src=\"http:\/\/www.fautras.it\/wp-content\/uploads\/2014\/07\/separations-demontables.jpg\" alt=\"S\u00e9paration(s) de corps souple en 2 parties, d\u00e9montables, r\u00e9glables, coulissantes et autobloquantes.\" width=\"226\" height=\"170\" srcset=\"https:\/\/www.fautras.it\/wp-content\/uploads\/2014\/07\/separations-demontables.jpg 333w, https:\/\/www.fautras.it\/wp-content\/uploads\/2014\/07\/separations-demontables-300x225.jpg 300w, https:\/\/www.fautras.it\/wp-content\/uploads\/2014\/07\/separations-demontables-271x203.jpg 271w\" sizes=\"(max-width: 226px) 100vw, 226px\" \/><\/a><p id=\"caption-attachment-251\" class=\"wp-caption-text\">S\u00e9paration(s) de corps souple en 2 parties, d\u00e9montables, r\u00e9glables, coulissantes et autobloquantes.<\/p><\/div>\n<\/div>\n<\/div>\n<\/div>\n<\/div>\n<\/div>\n","protected":false},"excerpt":{"rendered":"","protected":false},"author":3,"featured_media":0,"parent":136,"menu_order":0,"comment_status":"closed","ping_status":"closed","template":"","meta":{"footnotes":""},"_links":{"self":[{"href":"https:\/\/www.fautras.it\/fr\/wp-json\/wp\/v2\/pages\/230\/"}],"collection":[{"href":"https:\/\/www.fautras.it\/fr\/wp-json\/wp\/v2\/pages\/"}],"about":[{"href":"https:\/\/www.fautras.it\/fr\/wp-json\/wp\/v2\/types\/page\/"}],"author":[{"embeddable":true,"href":"https:\/\/www.fautras.it\/fr\/wp-json\/wp\/v2\/users\/3\/"}],"replies":[{"embeddable":true,"href":"https:\/\/www.fautras.it\/fr\/wp-json\/wp\/v2\/comments\/?post=230"}],"version-history":[{"count":0,"href":"https:\/\/www.fautras.it\/fr\/wp-json\/wp\/v2\/pages\/230\/revisions\/"}],"up":[{"embeddable":true,"href":"https:\/\/www.fautras.it\/fr\/wp-json\/wp\/v2\/pages\/136\/"}],"wp:attachment":[{"href":"https:\/\/www.fautras.it\/fr\/wp-json\/wp\/v2\/media\/?parent=230"}],"curies":[{"name":"wp","href":"https:\/\/api.w.org\/{rel}","templated":true}]}}