 {"id":211,"date":"2014-07-18T10:34:38","date_gmt":"2014-07-18T09:34:38","guid":{"rendered":"http:\/\/194.28.116.215\/~fautras\/?page_id=211"},"modified":"2018-11-09T16:51:46","modified_gmt":"2018-11-09T15:51:46","slug":"transport-droit-jms","status":"publish","type":"page","link":"https:\/\/www.fautras.it\/fr\/les-produits\/fautras-equestre\/transport-droit-jms\/","title":{"rendered":"Transport droit &#8211; JMS"},"content":{"rendered":"<div class=\"space\"><\/div>\n<h3 class=\"lined color1\">La gamme JMS en quelques mots<span><\/span><\/h3>\n<div class=\"row\">\n<div class=\"grid8\">\n<strong>Van 1 place et 1\/2, tout polyester, tractable sans permis BE<\/strong> <em>(possibilit\u00e9 selon v\u00e9hicule et loi en vigueur)<\/em>. Tr\u00e8s spacieux, pour un confort optimal, le JMS est aussi bien adapt\u00e9 au transport d\u2019un cheval (quelque soit sa taille) que d\u2019une jument et son poulain.<\/p>\n<p>Eleveurs et amateurs l\u2019appr\u00e9cient gr\u00e2ce \u00e0 ses syst\u00e8mes de s\u00e9curit\u00e9 et son confort. En plus des \u00e9quipements d\u00e9crits ici, il offre en s\u00e9rie : matelassures confortables, protections lat\u00e9rales galvanis\u00e9es, roue de secours, roue jockey automatique, lumi\u00e8re int\u00e9rieure, hublot avant et attaches int\u00e9rieures et ext\u00e9rieures.<\/p>\n<p>Votre van est \u00e9volutif gr\u00e2ce aux <a title=\"Options pour les vans JMS\" href=\"https:\/\/www.fautras.it\/fr\/les-produits\/fautras-equestre\/transport-droit-caracteristiques-techniques\/\">nombreuses options<\/a>. Ex : le coffre de courtoisie avec son miroir ou le coffre \u00e0 selle.<\/p>\n<p><strong>Ce mod\u00e8le se d\u00e9cline en 2 versions : JMS et JMS CLASSIC.<\/strong><\/p>\n<div id=\"attachment_218\" style=\"width: 583px\" class=\"wp-caption aligncenter\"><img loading=\"lazy\" decoding=\"async\" aria-describedby=\"caption-attachment-218\" class=\"wp-image-218 size-full\" src=\"http:\/\/www.fautras.it\/wp-content\/uploads\/2014\/07\/gamme-jms-classic.jpg\" alt=\"van JMS Classic avec en option baie coulissante, coffre de courtoisie et protections lat\u00e9rales polypropyl\u00e8ne\" width=\"573\" height=\"325\" srcset=\"https:\/\/www.fautras.it\/wp-content\/uploads\/2014\/07\/gamme-jms-classic.jpg 573w, https:\/\/www.fautras.it\/wp-content\/uploads\/2014\/07\/gamme-jms-classic-300x170.jpg 300w, https:\/\/www.fautras.it\/wp-content\/uploads\/2014\/07\/gamme-jms-classic-571x323.jpg 571w, https:\/\/www.fautras.it\/wp-content\/uploads\/2014\/07\/gamme-jms-classic-371x210.jpg 371w, https:\/\/www.fautras.it\/wp-content\/uploads\/2014\/07\/gamme-jms-classic-271x153.jpg 271w\" sizes=\"(max-width: 573px) 100vw, 573px\" \/><p id=\"caption-attachment-218\" class=\"wp-caption-text\">Mod\u00e8le pr\u00e9sent\u00e9 : JMS Classic avec en option baie coulissante, coffre de courtoisie et protections lat\u00e9rales polypropyl\u00e8ne<\/p><\/div>\n<\/div>\n<div class=\"grid4\"><a title=\"JMS Italiano\" href=\"http:\/\/www.fautras.it\/wp-content\/uploads\/2014\/10\/JMS_it.pdf\" target=\"_blank\"><img loading=\"lazy\" decoding=\"async\" class=\"alignright size-full wp-image-1071\" src=\"http:\/\/www.fautras.it\/wp-content\/uploads\/2014\/07\/download-italiano.jpg\" alt=\"download-italiano\" width=\"23\" height=\"15\" \/><\/a><a title=\"JMS English\" href=\"http:\/\/www.fautras.it\/wp-content\/uploads\/2014\/10\/JMS_en.pdf\" target=\"_blank\"><img loading=\"lazy\" decoding=\"async\" class=\"alignright size-full wp-image-1070\" src=\"http:\/\/www.fautras.it\/wp-content\/uploads\/2014\/07\/download-english.jpg\" alt=\"download-english\" width=\"25\" height=\"15\" \/><\/a><\/p>\n<div id=\"attachment_221\" style=\"width: 251px\" class=\"wp-caption aligncenter\"><img loading=\"lazy\" decoding=\"async\" aria-describedby=\"caption-attachment-221\" class=\"wp-image-221 size-full\" src=\"http:\/\/www.fautras.it\/wp-content\/uploads\/2014\/07\/jms.jpg\" alt=\"Van JMS\" width=\"241\" height=\"185\" \/><p id=\"caption-attachment-221\" class=\"wp-caption-text\">JMS<\/p><\/div>\n<div id=\"attachment_222\" style=\"width: 251px\" class=\"wp-caption aligncenter\"><img loading=\"lazy\" decoding=\"async\" aria-describedby=\"caption-attachment-222\" class=\"wp-image-222 size-full\" src=\"http:\/\/www.fautras.it\/wp-content\/uploads\/2014\/07\/jms-classic.jpg\" alt=\"Van JMS Classic\" width=\"241\" height=\"185\" \/><p id=\"caption-attachment-222\" class=\"wp-caption-text\">JMS Classic<\/p><\/div>\n<\/div>\n<\/div>\n<div class=\"slidable\">\n<div class=\"slide\">\n<div class=\"boxgroup\">\n<div class=\"grid4\">\n<div class=\"box color2\">\n<h5 class=\" color1\">Disposition<\/h5>\n<div id=\"attachment_225\" style=\"width: 237px\" class=\"wp-caption aligncenter\"><a href=\"http:\/\/www.fautras.it\/wp-content\/uploads\/2014\/07\/jms-disposition.jpg\"><img loading=\"lazy\" decoding=\"async\" aria-describedby=\"caption-attachment-225\" class=\"wp-image-225\" src=\"http:\/\/www.fautras.it\/wp-content\/uploads\/2014\/07\/jms-disposition.jpg\" alt=\"Entr\u00e9e arri\u00e8re et sortie avant\" width=\"227\" height=\"170\" srcset=\"https:\/\/www.fautras.it\/wp-content\/uploads\/2014\/07\/jms-disposition.jpg 400w, https:\/\/www.fautras.it\/wp-content\/uploads\/2014\/07\/jms-disposition-300x225.jpg 300w, https:\/\/www.fautras.it\/wp-content\/uploads\/2014\/07\/jms-disposition-371x278.jpg 371w, https:\/\/www.fautras.it\/wp-content\/uploads\/2014\/07\/jms-disposition-271x203.jpg 271w\" sizes=\"(max-width: 227px) 100vw, 227px\" \/><\/a><p id=\"caption-attachment-225\" class=\"wp-caption-text\">Entr\u00e9e arri\u00e8re et sortie avant<\/p><\/div>\n<\/div>\n<\/div>\n<div class=\"grid4\">\n<div class=\"box\">\n<h5 class=\" color1\">Plancher garanti \u00e0 vie<\/h5>\n<div id=\"attachment_198\" style=\"width: 237px\" class=\"wp-caption aligncenter\"><a href=\"http:\/\/www.fautras.it\/wp-content\/uploads\/2014\/07\/plancher_polyethylene.jpg\"><img loading=\"lazy\" decoding=\"async\" aria-describedby=\"caption-attachment-198\" class=\"wp-image-198\" src=\"http:\/\/www.fautras.it\/wp-content\/uploads\/2014\/07\/plancher_polyethylene-271x203.jpg\" alt=\"Plancher poly\u00e9thyl\u00e8ne imputrescible et antibruit\" width=\"227\" height=\"170\" srcset=\"https:\/\/www.fautras.it\/wp-content\/uploads\/2014\/07\/plancher_polyethylene-271x203.jpg 271w, https:\/\/www.fautras.it\/wp-content\/uploads\/2014\/07\/plancher_polyethylene-300x225.jpg 300w, https:\/\/www.fautras.it\/wp-content\/uploads\/2014\/07\/plancher_polyethylene-371x278.jpg 371w, https:\/\/www.fautras.it\/wp-content\/uploads\/2014\/07\/plancher_polyethylene.jpg 400w\" sizes=\"(max-width: 227px) 100vw, 227px\" \/><\/a><p id=\"caption-attachment-198\" class=\"wp-caption-text\">Plancher poly\u00e9thyl\u00e8ne imputrescible et antibruit<\/p><\/div>\n<\/div>\n<\/div>\n<div class=\"grid4\">\n<div class=\"box color2\">\n<h5 class=\" color1\">Arceaux &#8211; Garanti 8 ans<\/h5>\n<div id=\"attachment_200\" style=\"width: 237px\" class=\"wp-caption aligncenter\"><a href=\"http:\/\/www.fautras.it\/wp-content\/uploads\/2014\/07\/structure-provan.jpg\"><img loading=\"lazy\" decoding=\"async\" aria-describedby=\"caption-attachment-200\" class=\"wp-image-200\" src=\"http:\/\/www.fautras.it\/wp-content\/uploads\/2014\/07\/structure-provan-271x203.jpg\" alt=\"Arceaux de s\u00e9curit\u00e9 int\u00e9gr\u00e9s\" width=\"227\" height=\"170\" srcset=\"https:\/\/www.fautras.it\/wp-content\/uploads\/2014\/07\/structure-provan-271x203.jpg 271w, https:\/\/www.fautras.it\/wp-content\/uploads\/2014\/07\/structure-provan-300x225.jpg 300w, https:\/\/www.fautras.it\/wp-content\/uploads\/2014\/07\/structure-provan-371x278.jpg 371w, https:\/\/www.fautras.it\/wp-content\/uploads\/2014\/07\/structure-provan.jpg 400w\" sizes=\"(max-width: 227px) 100vw, 227px\" \/><\/a><p id=\"caption-attachment-200\" class=\"wp-caption-text\">Arceaux de s\u00e9curit\u00e9 int\u00e9gr\u00e9s<\/p><\/div>\n<\/div>\n<\/div>\n<\/div>\n<\/div>\n<div class=\"slide\">\n<div class=\"boxgroup\">\n<div class=\"grid4\">\n<div class=\"box color2\">\n<h5 class=\" color1\">Suspensions<\/h5>\n<div id=\"attachment_226\" style=\"width: 237px\" class=\"wp-caption aligncenter\"><a href=\"http:\/\/www.fautras.it\/wp-content\/uploads\/2014\/07\/suspensions.jpg\"><img loading=\"lazy\" decoding=\"async\" aria-describedby=\"caption-attachment-226\" class=\"wp-image-226\" src=\"http:\/\/www.fautras.it\/wp-content\/uploads\/2014\/07\/suspensions-271x203.jpg\" alt=\"Suspensions \u00e0 roues ind\u00e9pendantes et sans entretien, garantissent une excellente tenue de route.\" width=\"227\" height=\"170\" srcset=\"https:\/\/www.fautras.it\/wp-content\/uploads\/2014\/07\/suspensions-271x203.jpg 271w, https:\/\/www.fautras.it\/wp-content\/uploads\/2014\/07\/suspensions-300x225.jpg 300w, https:\/\/www.fautras.it\/wp-content\/uploads\/2014\/07\/suspensions-371x278.jpg 371w, https:\/\/www.fautras.it\/wp-content\/uploads\/2014\/07\/suspensions.jpg 400w\" sizes=\"(max-width: 227px) 100vw, 227px\" \/><\/a><p id=\"caption-attachment-226\" class=\"wp-caption-text\">Suspensions \u00e0 roues ind\u00e9pendantes et sans entretien, garantissent une excellente tenue de route.<\/p><\/div>\n<\/div>\n<\/div>\n<div class=\"grid4\">\n<div class=\"box color2\">\n<h5 class=\" color1\">Embarquement garanti<\/h5>\n<div id=\"attachment_201\" style=\"width: 237px\" class=\"wp-caption aligncenter\"><a href=\"http:\/\/www.fautras.it\/wp-content\/uploads\/2014\/07\/ouverture_fautras.jpg\"><img loading=\"lazy\" decoding=\"async\" aria-describedby=\"caption-attachment-201\" class=\"wp-image-201\" src=\"http:\/\/www.fautras.it\/wp-content\/uploads\/2014\/07\/ouverture_fautras-271x203.jpg\" alt=\"2 portes arri\u00e8re qui canalisent les chevaux avec Plancher Progressif\u2122 (brevet FAUTRAS) pour un embarquement facile. L\u2019ouverture sans pont \u00e9vite de se baisser et offre la possibilit\u00e9 de reculer devant le box.\" width=\"227\" height=\"170\" srcset=\"https:\/\/www.fautras.it\/wp-content\/uploads\/2014\/07\/ouverture_fautras-271x203.jpg 271w, https:\/\/www.fautras.it\/wp-content\/uploads\/2014\/07\/ouverture_fautras-300x225.jpg 300w, https:\/\/www.fautras.it\/wp-content\/uploads\/2014\/07\/ouverture_fautras-371x278.jpg 371w, https:\/\/www.fautras.it\/wp-content\/uploads\/2014\/07\/ouverture_fautras.jpg 400w\" sizes=\"(max-width: 227px) 100vw, 227px\" \/><\/a><p id=\"caption-attachment-201\" class=\"wp-caption-text\">2 portes arri\u00e8re qui canalisent les chevaux avec Plancher Progressif\u2122 pour un embarquement facile.<\/p><\/div>\n<\/div>\n<\/div>\n<div class=\"grid4\">\n<div class=\"box\">\n<h5 class=\" color1\">Grande sortie avant<\/h5>\n<div id=\"attachment_202\" style=\"width: 237px\" class=\"wp-caption aligncenter\"><a href=\"http:\/\/www.fautras.it\/wp-content\/uploads\/2014\/07\/grande-sortie-avant.jpg\"><img loading=\"lazy\" decoding=\"async\" aria-describedby=\"caption-attachment-202\" class=\"wp-image-202\" src=\"http:\/\/www.fautras.it\/wp-content\/uploads\/2014\/07\/grande-sortie-avant-271x203.jpg\" alt=\"\u2022 Un d\u00e9barquement en avan\u00e7ant \u2022 Un acc\u00e8s facile aux chevaux \u2022 Une bonne a\u00e9ration \u00e0 l\u2019arr\u00eat\" width=\"227\" height=\"170\" srcset=\"https:\/\/www.fautras.it\/wp-content\/uploads\/2014\/07\/grande-sortie-avant-271x203.jpg 271w, https:\/\/www.fautras.it\/wp-content\/uploads\/2014\/07\/grande-sortie-avant-300x225.jpg 300w, https:\/\/www.fautras.it\/wp-content\/uploads\/2014\/07\/grande-sortie-avant-371x278.jpg 371w, https:\/\/www.fautras.it\/wp-content\/uploads\/2014\/07\/grande-sortie-avant.jpg 400w\" sizes=\"(max-width: 227px) 100vw, 227px\" \/><\/a><p id=\"caption-attachment-202\" class=\"wp-caption-text\">\u2022 Un d\u00e9barquement en avan\u00e7ant \u2022 Un acc\u00e8s facile aux chevaux \u2022 Une bonne a\u00e9ration \u00e0 l\u2019arr\u00eat<\/p><\/div>\n<\/div>\n<\/div>\n<\/div>\n<\/div>\n<div class=\"slide\">\n<div class=\"boxgroup\">\n<div class=\"grid4\">\n<div class=\"box color2\">\n<h5 class=\" color1\">S\u00e9curit\u00e9<\/h5>\n<div id=\"attachment_197\" style=\"width: 237px\" class=\"wp-caption aligncenter\"><a href=\"http:\/\/www.fautras.it\/wp-content\/uploads\/2014\/07\/barre-securite.jpg\"><img loading=\"lazy\" decoding=\"async\" aria-describedby=\"caption-attachment-197\" class=\"wp-image-197\" src=\"http:\/\/www.fautras.it\/wp-content\/uploads\/2014\/07\/barre-securite-271x203.jpg\" alt=\"barre de portail de s\u00e9curit\u00e9 avec boucle de s\u00e9curit\u00e9 ext\u00e9rieure\" width=\"227\" height=\"170\" srcset=\"https:\/\/www.fautras.it\/wp-content\/uploads\/2014\/07\/barre-securite-271x203.jpg 271w, https:\/\/www.fautras.it\/wp-content\/uploads\/2014\/07\/barre-securite-300x225.jpg 300w, https:\/\/www.fautras.it\/wp-content\/uploads\/2014\/07\/barre-securite-371x278.jpg 371w, https:\/\/www.fautras.it\/wp-content\/uploads\/2014\/07\/barre-securite.jpg 400w\" sizes=\"(max-width: 227px) 100vw, 227px\" \/><\/a><p id=\"caption-attachment-197\" class=\"wp-caption-text\">barre de portail de s\u00e9curit\u00e9 avec boucle de s\u00e9curit\u00e9 ext\u00e9rieure<\/p><\/div>\n<\/div>\n<\/div>\n<div class=\"grid4\">\n<div class=\"box color2\">\n<h5 class=\" color1\">Lib\u00e9ration s\u00e9curis\u00e9e\u2122 (sur PROVAN Classic)<\/h5>\n<div id=\"attachment_204\" style=\"width: 237px\" class=\"wp-caption aligncenter\"><a href=\"http:\/\/www.fautras.it\/wp-content\/uploads\/2014\/07\/liberation-securisee.jpg\"><img loading=\"lazy\" decoding=\"async\" aria-describedby=\"caption-attachment-204\" class=\"wp-image-204\" src=\"http:\/\/www.fautras.it\/wp-content\/uploads\/2014\/07\/liberation-securisee-271x203.jpg\" alt=\"Sangle lib\u00e9rable depuis l\u2019avant. BREVET FAUTRAS.\" width=\"227\" height=\"170\" srcset=\"https:\/\/www.fautras.it\/wp-content\/uploads\/2014\/07\/liberation-securisee-271x203.jpg 271w, https:\/\/www.fautras.it\/wp-content\/uploads\/2014\/07\/liberation-securisee-300x225.jpg 300w, https:\/\/www.fautras.it\/wp-content\/uploads\/2014\/07\/liberation-securisee-371x278.jpg 371w, https:\/\/www.fautras.it\/wp-content\/uploads\/2014\/07\/liberation-securisee.jpg 400w\" sizes=\"(max-width: 227px) 100vw, 227px\" \/><\/a><p id=\"caption-attachment-204\" class=\"wp-caption-text\">Sangle lib\u00e9rable depuis l\u2019avant. BREVET FAUTRAS.<\/p><\/div>\n<\/div>\n<\/div>\n<div class=\"grid4\">\n<div class=\"box\">\n<h5 class=\" color1\">Volets coulissants<\/h5>\n<div id=\"attachment_227\" style=\"width: 237px\" class=\"wp-caption aligncenter\"><a href=\"http:\/\/www.fautras.it\/wp-content\/uploads\/2014\/07\/volets-coulissants.jpg\"><img loading=\"lazy\" decoding=\"async\" aria-describedby=\"caption-attachment-227\" class=\"wp-image-227\" src=\"http:\/\/www.fautras.it\/wp-content\/uploads\/2014\/07\/volets-coulissants-271x203.jpg\" alt=\"Volets coulissants int\u00e9gr\u00e9s dans les portes r\u00e9glables en 3 positions d\u2019a\u00e9ration.\" width=\"227\" height=\"170\" srcset=\"https:\/\/www.fautras.it\/wp-content\/uploads\/2014\/07\/volets-coulissants-271x203.jpg 271w, https:\/\/www.fautras.it\/wp-content\/uploads\/2014\/07\/volets-coulissants-300x225.jpg 300w, https:\/\/www.fautras.it\/wp-content\/uploads\/2014\/07\/volets-coulissants-371x278.jpg 371w, https:\/\/www.fautras.it\/wp-content\/uploads\/2014\/07\/volets-coulissants.jpg 400w\" sizes=\"(max-width: 227px) 100vw, 227px\" \/><\/a><p id=\"caption-attachment-227\" class=\"wp-caption-text\">Volets coulissants int\u00e9gr\u00e9s dans les portes r\u00e9glables en 3 positions d\u2019a\u00e9ration.<\/p><\/div>\n<\/div>\n<\/div>\n<\/div>\n<\/div>\n<\/div>\n","protected":false},"excerpt":{"rendered":"","protected":false},"author":3,"featured_media":0,"parent":136,"menu_order":0,"comment_status":"closed","ping_status":"closed","template":"","meta":{"footnotes":""},"_links":{"self":[{"href":"https:\/\/www.fautras.it\/fr\/wp-json\/wp\/v2\/pages\/211\/"}],"collection":[{"href":"https:\/\/www.fautras.it\/fr\/wp-json\/wp\/v2\/pages\/"}],"about":[{"href":"https:\/\/www.fautras.it\/fr\/wp-json\/wp\/v2\/types\/page\/"}],"author":[{"embeddable":true,"href":"https:\/\/www.fautras.it\/fr\/wp-json\/wp\/v2\/users\/3\/"}],"replies":[{"embeddable":true,"href":"https:\/\/www.fautras.it\/fr\/wp-json\/wp\/v2\/comments\/?post=211"}],"version-history":[{"count":0,"href":"https:\/\/www.fautras.it\/fr\/wp-json\/wp\/v2\/pages\/211\/revisions\/"}],"up":[{"embeddable":true,"href":"https:\/\/www.fautras.it\/fr\/wp-json\/wp\/v2\/pages\/136\/"}],"wp:attachment":[{"href":"https:\/\/www.fautras.it\/fr\/wp-json\/wp\/v2\/media\/?parent=211"}],"curies":[{"name":"wp","href":"https:\/\/api.w.org\/{rel}","templated":true}]}}