 {"id":159,"date":"2014-07-15T19:11:49","date_gmt":"2014-07-15T18:11:49","guid":{"rendered":"http:\/\/194.28.116.215\/~fautras\/?page_id=159"},"modified":"2018-11-09T16:53:00","modified_gmt":"2018-11-09T15:53:00","slug":"transport-droit-provan-stalle","status":"publish","type":"page","link":"https:\/\/www.fautras.it\/fr\/les-produits\/fautras-equestre\/transport-droit-provan-stalle\/","title":{"rendered":"Vans \u00e9questres &#8211; HORS S\u00c9RIES"},"content":{"rendered":"<div class=\"space\"><\/div>\n<h3 class=\"lined color1\">Le\u00a0PROVAN Stalle en quelques mots<span><\/span><\/h3>\n<div class=\"row\">\n<div class=\"grid4\">\n<p><strong>Id\u00e9al pour le transport de chevaux de courses ou d\u2019\u00e9talons<\/strong>, le Provan Stalle permet un gain de temps, et des d\u00e9placements en toute s\u00e9r\u00e9nit\u00e9.<br \/>\n<strong>Disponible sur tous les <a title=\"Transport droit \u2013 PROVAN\" href=\"https:\/\/www.fautras.it\/fr\/les-produits\/fautras-equestre\/provan\/\">PROVAN<\/a><\/strong> avec 2e sortie avant obligatoire, cet \u00e9quipement est compos\u00e9 de :<\/p>\n<ul>\n<li>1 grande s\u00e9paration de t\u00eate pleine (jusqu\u2019en bas),<\/li>\n<li>1 espace de rangement \u00e0 l\u2019avant.<\/li>\n<\/ul>\n<\/div>\n<div class=\"grid4\">\n<div id=\"attachment_491\" style=\"width: 251px\" class=\"wp-caption aligncenter\"><img loading=\"lazy\" decoding=\"async\" aria-describedby=\"caption-attachment-491\" class=\"size-full wp-image-491\" src=\"http:\/\/www.fautras.it\/wp-content\/uploads\/2014\/07\/PROVAN_stalle.jpg\" alt=\"PROVAN Stalle\" width=\"241\" height=\"185\" \/><p id=\"caption-attachment-491\" class=\"wp-caption-text\">PROVAN Stalle<\/p><\/div>\n<\/div>\n<div class=\"grid4\">\n<div id=\"attachment_492\" style=\"width: 251px\" class=\"wp-caption aligncenter\"><img loading=\"lazy\" decoding=\"async\" aria-describedby=\"caption-attachment-492\" class=\"size-full wp-image-492\" src=\"http:\/\/www.fautras.it\/wp-content\/uploads\/2014\/07\/PROVAN_stalle2.jpg\" alt=\"PROVAN Stalle\" width=\"241\" height=\"185\" \/><p id=\"caption-attachment-492\" class=\"wp-caption-text\">PROVAN Stalle<\/p><\/div>\n<\/div>\n<\/div>\n<h3 class=\"lined color1\">Le\u00a0PROVAN Porte-Cal\u00e8che en quelques mots<span><\/span><\/h3>\n<div class=\"row\">\n<div class=\"grid4\">\nLe PROVAN Porte-Cal\u00e8che est \u00e9quip\u00e9 d\u2019une fl\u00e8che rallong\u00e9e permettant le transport de la voiture et les chevaux en un seul voyage.<br \/>\n<strong>Parfait pour les meneurs, il peut \u00e9galement accueillir quad, motos, scooters, v\u00e9los\u2026<\/strong><br \/>\nOption : 2e acc\u00e8s \u00e0 l\u2019avant.\n<\/div>\n<div class=\"grid4\">\n<div id=\"attachment_494\" style=\"width: 251px\" class=\"wp-caption aligncenter\"><img loading=\"lazy\" decoding=\"async\" aria-describedby=\"caption-attachment-494\" class=\"wp-image-494 size-full\" src=\"http:\/\/www.fautras.it\/wp-content\/uploads\/2014\/07\/PROVAN-caleche.jpg\" alt=\"PROVAN Porte-Cal\u00e8che\" width=\"241\" height=\"185\" \/><p id=\"caption-attachment-494\" class=\"wp-caption-text\">PROVAN Porte-Cal\u00e8che<\/p><\/div>\n<\/div>\n<div class=\"grid4\">\n<p><img loading=\"lazy\" decoding=\"async\" class=\"aligncenter size-full wp-image-877\" src=\"http:\/\/www.fautras.it\/wp-content\/uploads\/2014\/07\/porte-caleche.jpg\" alt=\"porte-caleche\" width=\"241\" height=\"185\" \/>\n<\/div>\n<\/div>\n<h3 class=\"lined color1\">L&rsquo;OBLIC Phil Western en quelques mots<span><\/span><\/h3>\n<div class=\"row\">\n<div class=\"grid4\">\n<strong>Un van \u00e0 l\u2019am\u00e9ricaine !<\/strong><br \/>\n<a title=\"Transport diagonal \u2013 OBLIC+\" href=\"https:\/\/www.fautras.it\/fr\/les-produits\/fautras-equestre\/transport-diagonal-oblic\/\">L\u2019OBLIC+ 3<\/a> transform\u00e9 en 2 places avec 1 grand espace sellerie.<\/p>\n<p><strong>Des \u00e9quipements adapt\u00e9s \u00e0 la pratique western :<\/strong><\/p>\n<ul>\n<li>Sellerie haute articul\u00e9e XL<\/li>\n<li>2 drop-down windows<\/li>\n<li>S\u00e9paration arri\u00e8re avec supports de selles western pivotant<\/li>\n<li>2 phares de travail avec interrupteurs ext\u00e9rieurs<\/li>\n<li>Dispositif de signalisation US<\/li>\n<li>Jantes peintes et enjoliveurs US<\/li>\n<li>2 grandes baies coulissantes 1000 * 400<\/li>\n<li>Echelle + galerie US<\/li>\n<li>D\u00e9co sp\u00e9ciale US<\/li>\n<\/ul>\n<p><strong>Disponible pour 2 ou 3 chevaux.<\/strong><\/p>\n<div class=\"space\"><\/div>\n<\/div>\n<div class=\"grid4\">\n<div id=\"attachment_499\" style=\"width: 251px\" class=\"wp-caption aligncenter\"><img loading=\"lazy\" decoding=\"async\" aria-describedby=\"caption-attachment-499\" class=\"wp-image-499 size-full\" src=\"http:\/\/www.fautras.it\/wp-content\/uploads\/2014\/07\/modele-phil-western.jpg\" alt=\"OBLIC Phil Western\" width=\"241\" height=\"185\" \/><p id=\"caption-attachment-499\" class=\"wp-caption-text\">OBLIC Phil Western<\/p><\/div>\n<\/div>\n<div class=\"grid4\">\n<div id=\"attachment_500\" style=\"width: 251px\" class=\"wp-caption aligncenter\"><img loading=\"lazy\" decoding=\"async\" aria-describedby=\"caption-attachment-500\" class=\"wp-image-500 size-full\" src=\"http:\/\/www.fautras.it\/wp-content\/uploads\/2014\/07\/OBLIC-Phil-Western.jpg\" alt=\"Disposition OBLIC Phil Western\" width=\"241\" height=\"185\" \/><p id=\"caption-attachment-500\" class=\"wp-caption-text\">Disposition OBLIC Phil Western<\/p><\/div>\n<\/div>\n<\/div>\n<h3 class=\"lined color1\">Le TROPH\u00c9E en quelques mots<span><\/span><\/h3>\n<div class=\"row\">\n<div class=\"grid4\">\n<strong>Sp\u00e9cial grands chevaux (Transport Droit).<\/strong><\/p>\n<p>Le van le plus large du march\u00e9 en transport droit (1,80m int\u00e9rieur).<\/p>\n<p><strong>Frisons, Shire, chevaux de trait et tr\u00e8s grands chevaux y trouveront leur place.<\/strong><br \/>\nIl existe en diff\u00e9rents PTAC et a \u00e9t\u00e9 con\u00e7u pour des charges lourdes.<\/p>\n<p>Sa forme arrondie (ligne du <a title=\"Transport diagonal \u2013 OBLIC+\" href=\"https:\/\/www.fautras.it\/fr\/les-produits\/fautras-equestre\/transport-diagonal-oblic\/\">mod\u00e8le OBLIC+<\/a>) en fait un mod\u00e8le qui se tracte bien. Son d\u00e9barquement par l\u2019avant ou par l\u2019arri\u00e8re se fait facilement.<\/p>\n<p>Diverses options sont disponibles sur ce mod\u00e8le :<\/p>\n<ul>\n<li>Cloison amovible haute avec porte entre sellerie et espace chevaux<\/li>\n<li>Baie galb\u00e9e sur porte avant<\/li>\n<li>Coffre \u00e0 selle ou coffre de courtoisie sur porte avant gauche<\/li>\n<li>Pont coulissant arri\u00e8re.<\/li>\n<\/ul>\n<\/div>\n<div class=\"grid4\">\n<div id=\"attachment_503\" style=\"width: 251px\" class=\"wp-caption aligncenter\"><img loading=\"lazy\" decoding=\"async\" aria-describedby=\"caption-attachment-503\" class=\"wp-image-503 size-full\" src=\"http:\/\/www.fautras.it\/wp-content\/uploads\/2014\/07\/OBLIC-trophee-1.jpg\" alt=\"OBLIC Troph\u00e9e\" width=\"241\" height=\"185\" \/><p id=\"caption-attachment-503\" class=\"wp-caption-text\">OBLIC Troph\u00e9e<\/p><\/div>\n<\/div>\n<div class=\"grid4\">\n<div id=\"attachment_504\" style=\"width: 251px\" class=\"wp-caption aligncenter\"><img loading=\"lazy\" decoding=\"async\" aria-describedby=\"caption-attachment-504\" class=\"wp-image-504 size-full\" src=\"http:\/\/www.fautras.it\/wp-content\/uploads\/2014\/07\/OBLIC-trophee.jpg\" alt=\"Disposition OBLIC Troph\u00e9e\" width=\"241\" height=\"185\" \/><p id=\"caption-attachment-504\" class=\"wp-caption-text\">Disposition OBLIC Troph\u00e9e<\/p><\/div>\n<\/div>\n<\/div>\n<div class=\"space\"><\/div>\n<h3 class=\"lined color1\">Le VAN AMBULANCE en quelques mots<span><\/span><\/h3>\n<div class=\"row\">\n<div class=\"grid4\">\n<strong>Disponible en plusieurs longueurs int\u00e9rieures : 3.45m, 4.45m et 5.15m.<br \/>\nActuellement disponible : 6 Oblic+2 et 1 Oblic+3<br \/>\n<\/strong><\/p>\n<p>1 pont arri\u00e8re pour hisser un cheval couch\u00e9 \u00e0 l\u2019aide d\u2019une b\u00e2che.<\/p>\n<p>2 gardes corps repliables avec v\u00e9rins.<\/p>\n<p>1 treuil avec batterie avec 1 ou 2 t\u00e9l\u00e9commandes.<\/p>\n<p>1 ouverture estivale.<\/p>\n<p>D\u00e9coration croix rouge avec un num\u00e9ro unique.<\/p>\n<p>Coloris disponibles : Blanc, Chocolat, Bleu marine, Bordeaux, Gris perle, Gris anthracite.<\/p>\n<p><strong>R\u00e9servez d\u00e8s maintenant votre van ambulance et b\u00e9n\u00e9ficiez d\u2019une remise de 50% sur tout l\u2019\u00e9quipement ambulance !<br \/>\n<\/strong><\/p>\n<p><strong>4 000 \u20ac d\u2019\u00e9quipements suppl\u00e9mentaires. OFFRE SP\u00c9CIALE : 2 000 \u20ac<\/strong><\/p>\n<\/div>\n<div class=\"grid4\">\n<div id=\"attachment_1053\" style=\"width: 266px\" class=\"wp-caption aligncenter\"><img loading=\"lazy\" decoding=\"async\" aria-describedby=\"caption-attachment-1053\" class=\"wp-image-1053\" src=\"http:\/\/www.fautras.it\/wp-content\/uploads\/2014\/07\/van_ambulance.jpg\" alt=\"Van Ambulance\" width=\"256\" height=\"185\" srcset=\"https:\/\/www.fautras.it\/wp-content\/uploads\/2014\/07\/van_ambulance.jpg 394w, https:\/\/www.fautras.it\/wp-content\/uploads\/2014\/07\/van_ambulance-300x217.jpg 300w, https:\/\/www.fautras.it\/wp-content\/uploads\/2014\/07\/van_ambulance-371x268.jpg 371w, https:\/\/www.fautras.it\/wp-content\/uploads\/2014\/07\/van_ambulance-271x196.jpg 271w\" sizes=\"(max-width: 256px) 100vw, 256px\" \/><p id=\"caption-attachment-1053\" class=\"wp-caption-text\">Van Ambulance<\/p><\/div>\n<div id=\"attachment_1059\" style=\"width: 183px\" class=\"wp-caption aligncenter\"><img loading=\"lazy\" decoding=\"async\" aria-describedby=\"caption-attachment-1059\" class=\"wp-image-1059 size-full\" src=\"http:\/\/www.fautras.it\/wp-content\/uploads\/2014\/07\/barres-ambulance.jpg\" alt=\"\" width=\"173\" height=\"185\" \/><p id=\"caption-attachment-1059\" class=\"wp-caption-text\">2 gardes corps repliables avec v\u00e9rins<\/p><\/div>\n<\/div>\n<div class=\"grid4\">\n<div id=\"attachment_1054\" style=\"width: 167px\" class=\"wp-caption aligncenter\"><img loading=\"lazy\" decoding=\"async\" aria-describedby=\"caption-attachment-1054\" class=\"wp-image-1054 size-full\" src=\"http:\/\/www.fautras.it\/wp-content\/uploads\/2014\/07\/van-ambulance-pont.jpg\" alt=\"\" width=\"157\" height=\"185\" \/><p id=\"caption-attachment-1054\" class=\"wp-caption-text\">1 pont arri\u00e8re pour hisser un cheval couch\u00e9 \u00e0 l\u2019aide d\u2019une b\u00e2che<\/p><\/div>\n<div id=\"attachment_1057\" style=\"width: 183px\" class=\"wp-caption aligncenter\"><img loading=\"lazy\" decoding=\"async\" aria-describedby=\"caption-attachment-1057\" class=\"wp-image-1057 size-full\" src=\"http:\/\/www.fautras.it\/wp-content\/uploads\/2014\/07\/treuil.jpg\" alt=\"\" width=\"173\" height=\"185\" \/><p id=\"caption-attachment-1057\" class=\"wp-caption-text\">1 treuil avec batterie avec 1 ou 2 t\u00e9l\u00e9commandes<\/p><\/div>\n<\/div>\n<\/div>\n<p>&nbsp;<\/p>\n","protected":false},"excerpt":{"rendered":"<p>&nbsp;<\/p>\n","protected":false},"author":3,"featured_media":0,"parent":136,"menu_order":0,"comment_status":"closed","ping_status":"closed","template":"","meta":{"footnotes":""},"_links":{"self":[{"href":"https:\/\/www.fautras.it\/fr\/wp-json\/wp\/v2\/pages\/159\/"}],"collection":[{"href":"https:\/\/www.fautras.it\/fr\/wp-json\/wp\/v2\/pages\/"}],"about":[{"href":"https:\/\/www.fautras.it\/fr\/wp-json\/wp\/v2\/types\/page\/"}],"author":[{"embeddable":true,"href":"https:\/\/www.fautras.it\/fr\/wp-json\/wp\/v2\/users\/3\/"}],"replies":[{"embeddable":true,"href":"https:\/\/www.fautras.it\/fr\/wp-json\/wp\/v2\/comments\/?post=159"}],"version-history":[{"count":0,"href":"https:\/\/www.fautras.it\/fr\/wp-json\/wp\/v2\/pages\/159\/revisions\/"}],"up":[{"embeddable":true,"href":"https:\/\/www.fautras.it\/fr\/wp-json\/wp\/v2\/pages\/136\/"}],"wp:attachment":[{"href":"https:\/\/www.fautras.it\/fr\/wp-json\/wp\/v2\/media\/?parent=159"}],"curies":[{"name":"wp","href":"https:\/\/api.w.org\/{rel}","templated":true}]}}