 {"id":138,"date":"2014-07-15T18:19:56","date_gmt":"2014-07-15T17:19:56","guid":{"rendered":"http:\/\/194.28.116.215\/~fautras\/?page_id=138"},"modified":"2018-11-09T16:52:03","modified_gmt":"2018-11-09T15:52:03","slug":"provan","status":"publish","type":"page","link":"https:\/\/www.fautras.it\/fr\/les-produits\/fautras-equestre\/provan\/","title":{"rendered":"Transport droit &#8211; PROVAN"},"content":{"rendered":"<div class=\"space\"><\/div>\n<h3 class=\"lined color1\">La gamme PROVAN en quelques mots<span><\/span><\/h3>\n<div class=\"row\">\n<div class=\"grid8\">\n<strong>Ce van enti\u00e8rement polyester allie s\u00e9curit\u00e9, confort des chevaux et facilit\u00e9 d&rsquo;utilisation.<\/strong> Tractable avec une simple formation B96 <em>(possibilit\u00e9 selon v\u00e9hicule et loi en vigueur)<\/em>, le poids du PROVAN, et sa r\u00e9partition des charges, offrent une tenue de route optimale.<\/p>\n<p>En plus des \u00e9quipements d\u00e9crits ici, il offre en s\u00e9rie : volets d\u2019a\u00e9ration 3 positions sur portes arri\u00e8re, grille de t\u00eate, protections lat\u00e9rales galvanis\u00e9es, hublot avant, roue de secours, roue jockey automatique, lumi\u00e8re int\u00e9rieure, attaches int\u00e9rieures et ext\u00e9rieures. Votre van est \u00e9volutif gr\u00e2ce aux <a title=\"Options pour les vans PROVAN\" href=\"https:\/\/www.fautras.it\/fr\/les-produits\/fautras-equestre\/transport-droit-caracteristiques-techniques\/\">nombreuses options<\/a>.<\/p>\n<p><strong>Ce mod\u00e8le 2 places se d\u00e9cline en 3 versions PROVAN, PROVAN Classic et PROVAN Premium.<\/strong><\/p>\n<div id=\"attachment_151\" style=\"width: 583px\" class=\"wp-caption aligncenter\"><img loading=\"lazy\" decoding=\"async\" aria-describedby=\"caption-attachment-151\" class=\"wp-image-151 size-full\" src=\"http:\/\/www.fautras.it\/wp-content\/uploads\/2014\/07\/provan1.jpg\" alt=\"Mod\u00e8le pr\u00e9sent\u00e9\u00a0: Provan premium, avec 2 grandes portes avant.\" width=\"573\" height=\"325\" srcset=\"https:\/\/www.fautras.it\/wp-content\/uploads\/2014\/07\/provan1.jpg 573w, https:\/\/www.fautras.it\/wp-content\/uploads\/2014\/07\/provan1-300x170.jpg 300w, https:\/\/www.fautras.it\/wp-content\/uploads\/2014\/07\/provan1-571x323.jpg 571w, https:\/\/www.fautras.it\/wp-content\/uploads\/2014\/07\/provan1-371x210.jpg 371w, https:\/\/www.fautras.it\/wp-content\/uploads\/2014\/07\/provan1-271x153.jpg 271w\" sizes=\"(max-width: 573px) 100vw, 573px\" \/><p id=\"caption-attachment-151\" class=\"wp-caption-text\">Mod\u00e8le pr\u00e9sent\u00e9\u00a0: Provan premium, avec 2 grandes portes avant.<\/p><\/div>\n<\/div>\n<div class=\"grid4\"><a title=\"PROVAN Italiano\" href=\"http:\/\/www.fautras.it\/wp-content\/uploads\/2014\/10\/Provan_it.pdf\" target=\"_blank\"><img loading=\"lazy\" decoding=\"async\" class=\"alignright size-full wp-image-1071\" src=\"http:\/\/www.fautras.it\/wp-content\/uploads\/2014\/07\/download-italiano.jpg\" alt=\"download-italiano\" width=\"23\" height=\"15\" \/><\/a><a title=\"PROVAN English\" href=\"http:\/\/www.fautras.it\/wp-content\/uploads\/2014\/10\/Provan_en.pdf\" target=\"_blank\"><img loading=\"lazy\" decoding=\"async\" class=\"alignright size-full wp-image-1070\" src=\"http:\/\/www.fautras.it\/wp-content\/uploads\/2014\/07\/download-english.jpg\" alt=\"download-english\" width=\"25\" height=\"15\" \/><\/a><br \/>\n<img loading=\"lazy\" decoding=\"async\" class=\"aligncenter size-full wp-image-154\" src=\"http:\/\/www.fautras.it\/wp-content\/uploads\/2014\/07\/provan-gris.jpg\" alt=\"provan-gris\" width=\"241\" height=\"185\" \/><img loading=\"lazy\" decoding=\"async\" class=\"aligncenter size-full wp-image-155\" src=\"http:\/\/www.fautras.it\/wp-content\/uploads\/2014\/07\/provan-rouge.jpg\" alt=\"provan-rouge\" width=\"241\" height=\"185\" \/><img loading=\"lazy\" decoding=\"async\" class=\"aligncenter size-full wp-image-153\" src=\"http:\/\/www.fautras.it\/wp-content\/uploads\/2014\/07\/provan-anthracite.jpg\" alt=\"provan-anthracite\" width=\"241\" height=\"185\" \/>\n<\/div>\n<\/div>\n<div class=\"slidable\">\n<div class=\"slide\">\n<div class=\"boxgroup\">\n<div class=\"grid4\">\n<div class=\"box color2\">\n<h5 class=\" color1\">Disposition<\/h5>\n<div id=\"attachment_196\" style=\"width: 237px\" class=\"wp-caption aligncenter\"><a href=\"http:\/\/www.fautras.it\/wp-content\/uploads\/2014\/07\/provan-acces.jpg\"><img loading=\"lazy\" decoding=\"async\" aria-describedby=\"caption-attachment-196\" class=\"wp-image-196\" src=\"http:\/\/www.fautras.it\/wp-content\/uploads\/2014\/07\/provan-acces-271x203.jpg\" alt=\"Entr\u00e9e arri\u00e8re et sortie avant sur Provan\" width=\"227\" height=\"170\" srcset=\"https:\/\/www.fautras.it\/wp-content\/uploads\/2014\/07\/provan-acces-271x203.jpg 271w, https:\/\/www.fautras.it\/wp-content\/uploads\/2014\/07\/provan-acces-300x225.jpg 300w, https:\/\/www.fautras.it\/wp-content\/uploads\/2014\/07\/provan-acces-371x278.jpg 371w, https:\/\/www.fautras.it\/wp-content\/uploads\/2014\/07\/provan-acces.jpg 400w\" sizes=\"(max-width: 227px) 100vw, 227px\" \/><\/a><p id=\"caption-attachment-196\" class=\"wp-caption-text\">Entr\u00e9e arri\u00e8re et sortie avant sur Provan<\/p><\/div>\n<\/div>\n<\/div>\n<div class=\"grid4\">\n<div class=\"box color2\">\n<h5 class=\" color1\">S\u00e9curit\u00e9<\/h5>\n<div id=\"attachment_197\" style=\"width: 237px\" class=\"wp-caption aligncenter\"><a href=\"http:\/\/www.fautras.it\/wp-content\/uploads\/2014\/07\/barre-securite.jpg\"><img loading=\"lazy\" decoding=\"async\" aria-describedby=\"caption-attachment-197\" class=\"wp-image-197\" src=\"http:\/\/www.fautras.it\/wp-content\/uploads\/2014\/07\/barre-securite-271x203.jpg\" alt=\"barre de portail de s\u00e9curit\u00e9 avec boucle de s\u00e9curit\u00e9 ext\u00e9rieure\" width=\"227\" height=\"170\" srcset=\"https:\/\/www.fautras.it\/wp-content\/uploads\/2014\/07\/barre-securite-271x203.jpg 271w, https:\/\/www.fautras.it\/wp-content\/uploads\/2014\/07\/barre-securite-300x225.jpg 300w, https:\/\/www.fautras.it\/wp-content\/uploads\/2014\/07\/barre-securite-371x278.jpg 371w, https:\/\/www.fautras.it\/wp-content\/uploads\/2014\/07\/barre-securite.jpg 400w\" sizes=\"(max-width: 227px) 100vw, 227px\" \/><\/a><p id=\"caption-attachment-197\" class=\"wp-caption-text\">barre de portail de s\u00e9curit\u00e9 avec boucle de s\u00e9curit\u00e9 ext\u00e9rieure<\/p><\/div>\n<\/div>\n<\/div>\n<div class=\"grid4\">\n<div class=\"box\">\n<h5 class=\" color1\">Plancher garanti \u00e0 vie<\/h5>\n<div id=\"attachment_198\" style=\"width: 237px\" class=\"wp-caption aligncenter\"><a href=\"http:\/\/www.fautras.it\/wp-content\/uploads\/2014\/07\/plancher_polyethylene.jpg\"><img loading=\"lazy\" decoding=\"async\" aria-describedby=\"caption-attachment-198\" class=\"wp-image-198\" src=\"http:\/\/www.fautras.it\/wp-content\/uploads\/2014\/07\/plancher_polyethylene-271x203.jpg\" alt=\"Plancher poly\u00e9thyl\u00e8ne imputrescible et antibruit\" width=\"227\" height=\"170\" srcset=\"https:\/\/www.fautras.it\/wp-content\/uploads\/2014\/07\/plancher_polyethylene-271x203.jpg 271w, https:\/\/www.fautras.it\/wp-content\/uploads\/2014\/07\/plancher_polyethylene-300x225.jpg 300w, https:\/\/www.fautras.it\/wp-content\/uploads\/2014\/07\/plancher_polyethylene-371x278.jpg 371w, https:\/\/www.fautras.it\/wp-content\/uploads\/2014\/07\/plancher_polyethylene.jpg 400w\" sizes=\"(max-width: 227px) 100vw, 227px\" \/><\/a><p id=\"caption-attachment-198\" class=\"wp-caption-text\">Plancher poly\u00e9thyl\u00e8ne imputrescible et antibruit<\/p><\/div>\n<\/div>\n<\/div>\n<\/div>\n<\/div>\n<div class=\"slide\">\n<div class=\"boxgroup\">\n<div class=\"grid4\">\n<div class=\"box color2\">\n<h5 class=\" color1\">Arceaux &#8211; Garanti 8 ans<\/h5>\n<div id=\"attachment_200\" style=\"width: 237px\" class=\"wp-caption aligncenter\"><a href=\"http:\/\/www.fautras.it\/wp-content\/uploads\/2014\/07\/structure-provan.jpg\"><img loading=\"lazy\" decoding=\"async\" aria-describedby=\"caption-attachment-200\" class=\"wp-image-200\" src=\"http:\/\/www.fautras.it\/wp-content\/uploads\/2014\/07\/structure-provan-271x203.jpg\" alt=\"Arceaux de s\u00e9curit\u00e9 int\u00e9gr\u00e9s\" width=\"227\" height=\"170\" srcset=\"https:\/\/www.fautras.it\/wp-content\/uploads\/2014\/07\/structure-provan-271x203.jpg 271w, https:\/\/www.fautras.it\/wp-content\/uploads\/2014\/07\/structure-provan-300x225.jpg 300w, https:\/\/www.fautras.it\/wp-content\/uploads\/2014\/07\/structure-provan-371x278.jpg 371w, https:\/\/www.fautras.it\/wp-content\/uploads\/2014\/07\/structure-provan.jpg 400w\" sizes=\"(max-width: 227px) 100vw, 227px\" \/><\/a><p id=\"caption-attachment-200\" class=\"wp-caption-text\">Arceaux de s\u00e9curit\u00e9 int\u00e9gr\u00e9s<\/p><\/div>\n<\/div>\n<\/div>\n<div class=\"grid4\">\n<div class=\"box color2\">\n<h5 class=\" color1\">Embarquement garanti<\/h5>\n<div id=\"attachment_201\" style=\"width: 237px\" class=\"wp-caption aligncenter\"><a href=\"http:\/\/www.fautras.it\/wp-content\/uploads\/2014\/07\/ouverture_fautras.jpg\"><img loading=\"lazy\" decoding=\"async\" aria-describedby=\"caption-attachment-201\" class=\"wp-image-201\" src=\"http:\/\/www.fautras.it\/wp-content\/uploads\/2014\/07\/ouverture_fautras-271x203.jpg\" alt=\"2 portes arri\u00e8re qui canalisent les chevaux avec Plancher Progressif\u2122 (brevet FAUTRAS) pour un embarquement facile. L\u2019ouverture sans pont \u00e9vite de se baisser et offre la possibilit\u00e9 de reculer devant le box.\" width=\"227\" height=\"170\" srcset=\"https:\/\/www.fautras.it\/wp-content\/uploads\/2014\/07\/ouverture_fautras-271x203.jpg 271w, https:\/\/www.fautras.it\/wp-content\/uploads\/2014\/07\/ouverture_fautras-300x225.jpg 300w, https:\/\/www.fautras.it\/wp-content\/uploads\/2014\/07\/ouverture_fautras-371x278.jpg 371w, https:\/\/www.fautras.it\/wp-content\/uploads\/2014\/07\/ouverture_fautras.jpg 400w\" sizes=\"(max-width: 227px) 100vw, 227px\" \/><\/a><p id=\"caption-attachment-201\" class=\"wp-caption-text\">2 portes arri\u00e8re qui canalisent les chevaux avec Plancher Progressif\u2122 pour un embarquement facile.<\/p><\/div>\n<\/div>\n<\/div>\n<div class=\"grid4\">\n<div class=\"box\">\n<h5 class=\" color1\">Grande sortie avant<\/h5>\n<div id=\"attachment_202\" style=\"width: 237px\" class=\"wp-caption aligncenter\"><a href=\"http:\/\/www.fautras.it\/wp-content\/uploads\/2014\/07\/grande-sortie-avant.jpg\"><img loading=\"lazy\" decoding=\"async\" aria-describedby=\"caption-attachment-202\" class=\"wp-image-202\" src=\"http:\/\/www.fautras.it\/wp-content\/uploads\/2014\/07\/grande-sortie-avant-271x203.jpg\" alt=\"\u2022 Un d\u00e9barquement en avan\u00e7ant \u2022 Un acc\u00e8s facile aux chevaux \u2022 Une bonne a\u00e9ration \u00e0 l\u2019arr\u00eat\" width=\"227\" height=\"170\" srcset=\"https:\/\/www.fautras.it\/wp-content\/uploads\/2014\/07\/grande-sortie-avant-271x203.jpg 271w, https:\/\/www.fautras.it\/wp-content\/uploads\/2014\/07\/grande-sortie-avant-300x225.jpg 300w, https:\/\/www.fautras.it\/wp-content\/uploads\/2014\/07\/grande-sortie-avant-371x278.jpg 371w, https:\/\/www.fautras.it\/wp-content\/uploads\/2014\/07\/grande-sortie-avant.jpg 400w\" sizes=\"(max-width: 227px) 100vw, 227px\" \/><\/a><p id=\"caption-attachment-202\" class=\"wp-caption-text\">\u2022 Un d\u00e9barquement en avan\u00e7ant \u2022 Un acc\u00e8s facile aux chevaux \u2022 Une bonne a\u00e9ration \u00e0 l\u2019arr\u00eat<\/p><\/div>\n<\/div>\n<\/div>\n<\/div>\n<\/div>\n<div class=\"slide\">\n<div class=\"boxgroup\">\n<div class=\"grid4\">\n<div class=\"box color2\">\n<h5 class=\" color1\">S\u00e9paration souple FAUTRAS TECH\u2122<\/h5>\n<div id=\"attachment_203\" style=\"width: 237px\" class=\"wp-caption aligncenter\"><a href=\"http:\/\/www.fautras.it\/wp-content\/uploads\/2014\/07\/separation_souple.jpg\"><img loading=\"lazy\" decoding=\"async\" aria-describedby=\"caption-attachment-203\" class=\"wp-image-203\" src=\"http:\/\/www.fautras.it\/wp-content\/uploads\/2014\/07\/separation_souple-271x203.jpg\" alt=\"S\u00e9paration souple FAUTRAS TECH\u2122 favorisant l\u2019aisance et l\u2019\u00e9quilibre des chevaux.\" width=\"227\" height=\"170\" srcset=\"https:\/\/www.fautras.it\/wp-content\/uploads\/2014\/07\/separation_souple-271x203.jpg 271w, https:\/\/www.fautras.it\/wp-content\/uploads\/2014\/07\/separation_souple-300x225.jpg 300w, https:\/\/www.fautras.it\/wp-content\/uploads\/2014\/07\/separation_souple-371x278.jpg 371w, https:\/\/www.fautras.it\/wp-content\/uploads\/2014\/07\/separation_souple.jpg 400w\" sizes=\"(max-width: 227px) 100vw, 227px\" \/><\/a><p id=\"caption-attachment-203\" class=\"wp-caption-text\">S\u00e9paration souple FAUTRAS TECH\u2122 favorisant l\u2019aisance et l\u2019\u00e9quilibre des chevaux.<\/p><\/div>\n<\/div>\n<\/div>\n<div class=\"grid4\">\n<div class=\"box color2\">\n<h5 class=\" color1\">Lib\u00e9ration s\u00e9curis\u00e9e\u2122 (sur PROVAN Classic)<\/h5>\n<div id=\"attachment_204\" style=\"width: 237px\" class=\"wp-caption aligncenter\"><a href=\"http:\/\/www.fautras.it\/wp-content\/uploads\/2014\/07\/liberation-securisee.jpg\"><img loading=\"lazy\" decoding=\"async\" aria-describedby=\"caption-attachment-204\" class=\"wp-image-204\" src=\"http:\/\/www.fautras.it\/wp-content\/uploads\/2014\/07\/liberation-securisee-271x203.jpg\" alt=\"Sangle lib\u00e9rable depuis l\u2019avant. BREVET FAUTRAS.\" width=\"227\" height=\"170\" srcset=\"https:\/\/www.fautras.it\/wp-content\/uploads\/2014\/07\/liberation-securisee-271x203.jpg 271w, https:\/\/www.fautras.it\/wp-content\/uploads\/2014\/07\/liberation-securisee-300x225.jpg 300w, https:\/\/www.fautras.it\/wp-content\/uploads\/2014\/07\/liberation-securisee-371x278.jpg 371w, https:\/\/www.fautras.it\/wp-content\/uploads\/2014\/07\/liberation-securisee.jpg 400w\" sizes=\"(max-width: 227px) 100vw, 227px\" \/><\/a><p id=\"caption-attachment-204\" class=\"wp-caption-text\">Sangle lib\u00e9rable depuis l\u2019avant. BREVET FAUTRAS.<\/p><\/div>\n<\/div>\n<\/div>\n<div class=\"grid4\">\n<div class=\"box\">\n<h5 class=\" color1\">AID System\u00ae (sur PROVAN Premium)<\/h5>\n<p><iframe loading=\"lazy\" width=\"1170\" height=\"878\" src=\"https:\/\/www.youtube.com\/embed\/7TxSpo_WEZA?feature=oembed\" frameborder=\"0\" allow=\"accelerometer; autoplay; encrypted-media; gyroscope; picture-in-picture\" allowfullscreen><\/iframe><\/p>\n<\/div>\n<\/div>\n<\/div>\n<\/div>\n<\/div>\n","protected":false},"excerpt":{"rendered":"","protected":false},"author":3,"featured_media":0,"parent":136,"menu_order":0,"comment_status":"closed","ping_status":"closed","template":"","meta":{"footnotes":""},"_links":{"self":[{"href":"https:\/\/www.fautras.it\/fr\/wp-json\/wp\/v2\/pages\/138\/"}],"collection":[{"href":"https:\/\/www.fautras.it\/fr\/wp-json\/wp\/v2\/pages\/"}],"about":[{"href":"https:\/\/www.fautras.it\/fr\/wp-json\/wp\/v2\/types\/page\/"}],"author":[{"embeddable":true,"href":"https:\/\/www.fautras.it\/fr\/wp-json\/wp\/v2\/users\/3\/"}],"replies":[{"embeddable":true,"href":"https:\/\/www.fautras.it\/fr\/wp-json\/wp\/v2\/comments\/?post=138"}],"version-history":[{"count":0,"href":"https:\/\/www.fautras.it\/fr\/wp-json\/wp\/v2\/pages\/138\/revisions\/"}],"up":[{"embeddable":true,"href":"https:\/\/www.fautras.it\/fr\/wp-json\/wp\/v2\/pages\/136\/"}],"wp:attachment":[{"href":"https:\/\/www.fautras.it\/fr\/wp-json\/wp\/v2\/media\/?parent=138"}],"curies":[{"name":"wp","href":"https:\/\/api.w.org\/{rel}","templated":true}]}}